{"id":6202,"date":"2026-03-17T11:32:02","date_gmt":"2026-03-17T10:32:02","guid":{"rendered":"https:\/\/aa7.sk\/?post_type=product&#038;p=6202"},"modified":"2026-03-18T15:57:16","modified_gmt":"2026-03-18T14:57:16","slug":"hwjf650-betonovy-miesaci-automobil","status":"publish","type":"product","link":"https:\/\/aa7.sk\/de\/product\/hwjf650-betonovy-miesaci-automobil\/","title":{"rendered":"HWJF650 Betonmischer"},"content":{"rendered":"<p>Selbstladende Mixer haben bei Verbrauchern in der Bauindustrie dank ihrer Vielseitigkeit, Effizienz, Kompaktheit und Erschwinglichkeit enorm an Beliebtheit gewonnen.<\/p>\n<p><\/p>\n<p>Diese Mischer haben die Kapazit\u00e4t, mehr als 80 m\u00b3 Zement pro Tag zu laden, zu mischen, zu produzieren und zu entladen. Die Integration elektronisch gewogener Batching-Ger\u00e4te gew\u00e4hrleistet eine pr\u00e4zise Mischung von Beton jeder Qualit\u00e4t.<\/p>\n<p><\/p>\n<p>Um den Betrieb benutzerfreundlich zu gestalten, wird der Rough Terrain Mixer mit einem Joystick gesteuert, und seine 300\u00b0-Drehtrommel erm\u00f6glicht das Ausgeben von Beton in H\u00f6hen von \u00fcber 2 m auf beiden Seiten des Fahrzeugs.<\/p>\n<p><\/p>\n<p><strong>Hauptmerkmal:<\/strong><\/p>\n<ol>\n<li>Mit modernstem italienischem Design verf\u00fcgt unser selbstladender Mischer \u00fcber ein automatisches Zuf\u00fchr- und Mischsystem.<\/li>\n<li> Es verf\u00fcgt \u00fcber eine benutzerfreundliche Oberfl\u00e4che und eine unkomplizierte Bedienung, was Einfachheit und Bequemlichkeit gew\u00e4hrleistet.<\/li>\n<li>Mit seiner hocheffizienten Leistung spart unser Mixer sowohl Zeit als auch Arbeit, was zu Kosteneinsparungen f\u00fchrt.<\/li>\n<li>Es bietet die perfekte Mischung aus einem Mischwagen und einem Ladewagen und bietet optimale Leistung und Funktionalit\u00e4t.<\/li>\n<p><\/p>","protected":false},"excerpt":{"rendered":"<p>Mischkapazit\u00e4t: 6,5 m\u00b3<br \/>\nNennleistung: 92 kW<br \/>\nGesamtma\u00dfe: 8450x3050x4830<\/p>","protected":false},"featured_media":6203,"comment_status":"open","ping_status":"closed","template":"","meta":{"_acf_changed":false,"_eb_attr":""},"product_brand":[],"product_cat":[30,38,127],"product_tag":[],"class_list":{"0":"post-6202","1":"product","2":"type-product","3":"status-publish","4":"has-post-thumbnail","6":"product_cat-all-products","7":"product_cat-betonovy-transporter","8":"product_cat-betonovy-miesaci-vozik","10":"first","11":"instock","12":"shipping-taxable","13":"product-type-simple"},"acf":[],"jetpack_sharing_enabled":true,"_links":{"self":[{"href":"https:\/\/aa7.sk\/de\/wp-json\/wp\/v2\/product\/6202","targetHints":{"allow":["GET"]}}],"collection":[{"href":"https:\/\/aa7.sk\/de\/wp-json\/wp\/v2\/product"}],"about":[{"href":"https:\/\/aa7.sk\/de\/wp-json\/wp\/v2\/types\/product"}],"replies":[{"embeddable":true,"href":"https:\/\/aa7.sk\/de\/wp-json\/wp\/v2\/comments?post=6202"}],"wp:featuredmedia":[{"embeddable":true,"href":"https:\/\/aa7.sk\/de\/wp-json\/wp\/v2\/media\/6203"}],"wp:attachment":[{"href":"https:\/\/aa7.sk\/de\/wp-json\/wp\/v2\/media?parent=6202"}],"wp:term":[{"taxonomy":"product_brand","embeddable":true,"href":"https:\/\/aa7.sk\/de\/wp-json\/wp\/v2\/product_brand?post=6202"},{"taxonomy":"product_cat","embeddable":true,"href":"https:\/\/aa7.sk\/de\/wp-json\/wp\/v2\/product_cat?post=6202"},{"taxonomy":"product_tag","embeddable":true,"href":"https:\/\/aa7.sk\/de\/wp-json\/wp\/v2\/product_tag?post=6202"}],"curies":[{"name":"wp","href":"https:\/\/api.w.org\/{rel}","templated":true}]}}