{"id":6209,"date":"2026-03-17T11:36:36","date_gmt":"2026-03-17T10:36:36","guid":{"rendered":"https:\/\/aa7.sk\/?post_type=product&#038;p=6209"},"modified":"2026-03-18T15:55:43","modified_gmt":"2026-03-18T14:55:43","slug":"6-kolesovy-mobilny-betonovy-miesaci-vozik","status":"publish","type":"product","link":"https:\/\/aa7.sk\/de\/product\/6-kolesovy-mobilny-betonovy-miesaci-vozik\/","title":{"rendered":"6-r\u00e4driger mobiler Betonmischer"},"content":{"rendered":"<p><strong>Produktfunktion:<\/strong><\/p>\n<ol>\n<li>Unser Produkt verf\u00fcgt \u00fcber eine schmale Karosserie, einen kurzen Radstand und einen kleinen Wenderadius, was eine verbesserte Man\u00f6vrierf\u00e4higkeit erm\u00f6glicht.<\/li>\n<li>Er ist mit einem effizienten Einzylinder-Antriebssystem ausgestattet, das eine optimale Leistung gew\u00e4hrleistet.<\/li>\n<li>Die Allradantriebsf\u00e4higkeit erm\u00f6glicht es, sich an verschiedene komplexe Gel\u00e4nde anzupassen.<\/li>\n<li>Ausgestattet mit Antirutschreifen, besitzt er eine starke F\u00e4higkeit, herausfordernden Situationen zu entkommen.<\/li>\n<p><\/p>","protected":false},"excerpt":{"rendered":"<p>Fahrgestell: 6 R\u00e4der<br \/>\nKubik: 2,5 CBM<br \/>\nAntriebsmodus: Hintere Antriebswelle<\/p>","protected":false},"featured_media":6210,"comment_status":"open","ping_status":"closed","template":"","meta":{"_acf_changed":false,"_eb_attr":""},"product_brand":[],"product_cat":[30,38,127],"product_tag":[],"class_list":{"0":"post-6209","1":"product","2":"type-product","3":"status-publish","4":"has-post-thumbnail","6":"product_cat-all-products","7":"product_cat-betonovy-transporter","8":"product_cat-betonovy-miesaci-vozik","10":"first","11":"instock","12":"shipping-taxable","13":"product-type-simple"},"acf":[],"jetpack_sharing_enabled":true,"_links":{"self":[{"href":"https:\/\/aa7.sk\/de\/wp-json\/wp\/v2\/product\/6209","targetHints":{"allow":["GET"]}}],"collection":[{"href":"https:\/\/aa7.sk\/de\/wp-json\/wp\/v2\/product"}],"about":[{"href":"https:\/\/aa7.sk\/de\/wp-json\/wp\/v2\/types\/product"}],"replies":[{"embeddable":true,"href":"https:\/\/aa7.sk\/de\/wp-json\/wp\/v2\/comments?post=6209"}],"wp:featuredmedia":[{"embeddable":true,"href":"https:\/\/aa7.sk\/de\/wp-json\/wp\/v2\/media\/6210"}],"wp:attachment":[{"href":"https:\/\/aa7.sk\/de\/wp-json\/wp\/v2\/media?parent=6209"}],"wp:term":[{"taxonomy":"product_brand","embeddable":true,"href":"https:\/\/aa7.sk\/de\/wp-json\/wp\/v2\/product_brand?post=6209"},{"taxonomy":"product_cat","embeddable":true,"href":"https:\/\/aa7.sk\/de\/wp-json\/wp\/v2\/product_cat?post=6209"},{"taxonomy":"product_tag","embeddable":true,"href":"https:\/\/aa7.sk\/de\/wp-json\/wp\/v2\/product_tag?post=6209"}],"curies":[{"name":"wp","href":"https:\/\/api.w.org\/{rel}","templated":true}]}}