{"id":6227,"date":"2026-03-17T11:54:36","date_gmt":"2026-03-17T10:54:36","guid":{"rendered":"https:\/\/aa7.sk\/?post_type=product&#038;p=6227"},"modified":"2026-03-18T15:55:07","modified_gmt":"2026-03-18T14:55:07","slug":"betonove-cerpadlo-hw15-15","status":"publish","type":"product","link":"https:\/\/aa7.sk\/de\/product\/betonove-cerpadlo-hw15-15\/","title":{"rendered":"HW15-15 Betonpumpe"},"content":{"rendered":"<p>Die HW15-15 Betonpumpe wird beim Transport von M\u00f6rtel und Beton in Hochh\u00e4usern eingesetzt. Verschiedene Arten von sekund\u00e4ren strukturellen S\u00e4ulenfugen, Reservoirs, Wasserkraftwerke, H\u00e4fen und Kais. Druckfugen, Fundamentbehandlung, weiche Fundamente, Bewehrungsfugen, Tunnel usw. Auff\u00fcller, Verfugungsst\u00fctze im U-Bahn- und Minenbau.<\/p>\n<p><\/p>\n<p>Die HW15-15 Betonpumpe verwendet hydraulische Zuf\u00fchrung, einen doppelzylindrigen Hubkolbenbetrieb eines vibrierenden Siebfilters und kann verschiedene Arten von M\u00f6rtel, Beton usw. vollst\u00e4ndig transportieren.<\/p>\n<p><\/p>\n<p>Die HW15-15 Betonpumpe hat eine gro\u00dfe Verdr\u00e4ngung und einen hohen Druck, arbeitssparende, materialschonende und flexible Bewegung. Es ist eine ideale Ausr\u00fcstung, um M\u00f6rser zu liefern.<\/p>\n<p><\/p>","protected":false},"excerpt":{"rendered":"<p>Nennleistung: 15 kW<br \/>\nAggregatgr\u00f6\u00dfe: 15 mm<br \/>\nLeistung: 8 m\u00b3\/h<\/p>","protected":false},"featured_media":6228,"comment_status":"open","ping_status":"closed","template":"","meta":{"_acf_changed":false,"_eb_attr":""},"product_brand":[],"product_cat":[30,38,127],"product_tag":[],"class_list":{"0":"post-6227","1":"product","2":"type-product","3":"status-publish","4":"has-post-thumbnail","6":"product_cat-all-products","7":"product_cat-betonovy-transporter","8":"product_cat-betonovy-miesaci-vozik","10":"first","11":"instock","12":"shipping-taxable","13":"product-type-simple"},"acf":[],"jetpack_sharing_enabled":true,"_links":{"self":[{"href":"https:\/\/aa7.sk\/de\/wp-json\/wp\/v2\/product\/6227","targetHints":{"allow":["GET"]}}],"collection":[{"href":"https:\/\/aa7.sk\/de\/wp-json\/wp\/v2\/product"}],"about":[{"href":"https:\/\/aa7.sk\/de\/wp-json\/wp\/v2\/types\/product"}],"replies":[{"embeddable":true,"href":"https:\/\/aa7.sk\/de\/wp-json\/wp\/v2\/comments?post=6227"}],"wp:featuredmedia":[{"embeddable":true,"href":"https:\/\/aa7.sk\/de\/wp-json\/wp\/v2\/media\/6228"}],"wp:attachment":[{"href":"https:\/\/aa7.sk\/de\/wp-json\/wp\/v2\/media?parent=6227"}],"wp:term":[{"taxonomy":"product_brand","embeddable":true,"href":"https:\/\/aa7.sk\/de\/wp-json\/wp\/v2\/product_brand?post=6227"},{"taxonomy":"product_cat","embeddable":true,"href":"https:\/\/aa7.sk\/de\/wp-json\/wp\/v2\/product_cat?post=6227"},{"taxonomy":"product_tag","embeddable":true,"href":"https:\/\/aa7.sk\/de\/wp-json\/wp\/v2\/product_tag?post=6227"}],"curies":[{"name":"wp","href":"https:\/\/api.w.org\/{rel}","templated":true}]}}