{"id":6231,"date":"2026-03-17T12:01:18","date_gmt":"2026-03-17T11:01:18","guid":{"rendered":"https:\/\/aa7.sk\/?post_type=product&#038;p=6231"},"modified":"2026-03-18T16:03:58","modified_gmt":"2026-03-18T15:03:58","slug":"betonove-cerpadlo-hw20-22","status":"publish","type":"product","link":"https:\/\/aa7.sk\/de\/product\/betonove-cerpadlo-hw20-22\/","title":{"rendered":"HW20-22 Betonpumpe"},"content":{"rendered":"<ol>\n<li>Ein fortschrittliches S-Rohr-Ventil wird verwendet, um die Lieferung von Beton zu bew\u00e4ltigen;<\/li>\n<li> Die Glasplatte und der Schneid bestehen aus hochh\u00e4rtigem und verschlei\u00dfbest\u00e4ndigem Allay-Material mit l\u00e4ngerer Lebensdauer;<\/li>\n<li>Die Import-Haupt\u00f6lpumpe mit hohem Ausgangsdruck kann Hochh\u00e4user und Entfernungstransportbed\u00fcrfnisse erf\u00fcllen<\/li>\n<li>Das Hydraulik\u00f6l wird durch ein Luftk\u00fchlsystem gek\u00fchlt, das eine gute K\u00fchlwirkung hat und einfach zu bedienen ist;<\/li>\n<p><\/p>","protected":false},"excerpt":{"rendered":"<p>Nennleistung: 22 kW<br \/>\nAggregatgr\u00f6\u00dfe: 20 mm<br \/>\nAusgangsleistung: 12 m\u00b3\/h<\/p>","protected":false},"featured_media":6232,"comment_status":"open","ping_status":"closed","template":"","meta":{"_acf_changed":false,"_eb_attr":""},"product_brand":[],"product_cat":[30,38,127],"product_tag":[],"class_list":{"0":"post-6231","1":"product","2":"type-product","3":"status-publish","4":"has-post-thumbnail","6":"product_cat-all-products","7":"product_cat-betonovy-transporter","8":"product_cat-betonovy-miesaci-vozik","10":"first","11":"instock","12":"shipping-taxable","13":"product-type-simple"},"acf":[],"jetpack_sharing_enabled":true,"_links":{"self":[{"href":"https:\/\/aa7.sk\/de\/wp-json\/wp\/v2\/product\/6231","targetHints":{"allow":["GET"]}}],"collection":[{"href":"https:\/\/aa7.sk\/de\/wp-json\/wp\/v2\/product"}],"about":[{"href":"https:\/\/aa7.sk\/de\/wp-json\/wp\/v2\/types\/product"}],"replies":[{"embeddable":true,"href":"https:\/\/aa7.sk\/de\/wp-json\/wp\/v2\/comments?post=6231"}],"wp:featuredmedia":[{"embeddable":true,"href":"https:\/\/aa7.sk\/de\/wp-json\/wp\/v2\/media\/6232"}],"wp:attachment":[{"href":"https:\/\/aa7.sk\/de\/wp-json\/wp\/v2\/media?parent=6231"}],"wp:term":[{"taxonomy":"product_brand","embeddable":true,"href":"https:\/\/aa7.sk\/de\/wp-json\/wp\/v2\/product_brand?post=6231"},{"taxonomy":"product_cat","embeddable":true,"href":"https:\/\/aa7.sk\/de\/wp-json\/wp\/v2\/product_cat?post=6231"},{"taxonomy":"product_tag","embeddable":true,"href":"https:\/\/aa7.sk\/de\/wp-json\/wp\/v2\/product_tag?post=6231"}],"curies":[{"name":"wp","href":"https:\/\/api.w.org\/{rel}","templated":true}]}}