{"id":6234,"date":"2026-03-17T12:06:23","date_gmt":"2026-03-17T11:06:23","guid":{"rendered":"https:\/\/aa7.sk\/?post_type=product&#038;p=6234"},"modified":"2026-03-18T16:03:52","modified_gmt":"2026-03-18T15:03:52","slug":"betonove-cerpadlo-hw20-37","status":"publish","type":"product","link":"https:\/\/aa7.sk\/de\/product\/betonove-cerpadlo-hw20-37\/","title":{"rendered":"HW20-37 Betonpumpe"},"content":{"rendered":"<ol>\n<li> Hydrauliksystem: Der Einsatz neuer elektronischer Steuerungs-Kommutationstechnologie macht die Pumparbeit zuverl\u00e4ssiger und die Ausfallrate des Hydrauliksystems niedriger; Ausgestattet mit einem speziellen hydraulischen Ventil, gro\u00dfem Durchfluss, geringem Energieverbrauch und geringem Aufprall, was die Lebensdauer verl\u00e4ngert.<\/li>\n<li>Stromsystem: Die Betonpumpe verwendet den Motor der Marke Siomens, eine im In- und Ausland bekannte Marke. Und die Dieselbetonpumpe \u00fcbernimmt die Marken Tianjin Levo- und Yuchai-Produkte mit geringem Energieverbrauch und hoher Effizienz.<\/li>\n<li>W\u00e4rmeableitungssystem: Der Einsatz von Luftk\u00fchlung oder Wasserk\u00fchlung mit Doppelk\u00fchlung kann die Stabilit\u00e4t des Ger\u00e4tebetriebs bei hohen Temperaturen, K\u00e4lte und anderen harten Klimabedingungen garantieren.<\/li>\n<p><\/p>","protected":false},"excerpt":{"rendered":"<p>Nennleistung: 37 Kw<br \/>\nAggregatgr\u00f6\u00dfe: 20 mm<br \/>\nAusgangsleistung: 30 m\u00b3\/h<\/p>","protected":false},"featured_media":6235,"comment_status":"open","ping_status":"closed","template":"","meta":{"_acf_changed":false,"_eb_attr":""},"product_brand":[],"product_cat":[30,38,127],"product_tag":[],"class_list":{"0":"post-6234","1":"product","2":"type-product","3":"status-publish","4":"has-post-thumbnail","6":"product_cat-all-products","7":"product_cat-betonovy-transporter","8":"product_cat-betonovy-miesaci-vozik","10":"first","11":"instock","12":"shipping-taxable","13":"product-type-simple"},"acf":[],"jetpack_sharing_enabled":true,"_links":{"self":[{"href":"https:\/\/aa7.sk\/de\/wp-json\/wp\/v2\/product\/6234","targetHints":{"allow":["GET"]}}],"collection":[{"href":"https:\/\/aa7.sk\/de\/wp-json\/wp\/v2\/product"}],"about":[{"href":"https:\/\/aa7.sk\/de\/wp-json\/wp\/v2\/types\/product"}],"replies":[{"embeddable":true,"href":"https:\/\/aa7.sk\/de\/wp-json\/wp\/v2\/comments?post=6234"}],"wp:featuredmedia":[{"embeddable":true,"href":"https:\/\/aa7.sk\/de\/wp-json\/wp\/v2\/media\/6235"}],"wp:attachment":[{"href":"https:\/\/aa7.sk\/de\/wp-json\/wp\/v2\/media?parent=6234"}],"wp:term":[{"taxonomy":"product_brand","embeddable":true,"href":"https:\/\/aa7.sk\/de\/wp-json\/wp\/v2\/product_brand?post=6234"},{"taxonomy":"product_cat","embeddable":true,"href":"https:\/\/aa7.sk\/de\/wp-json\/wp\/v2\/product_cat?post=6234"},{"taxonomy":"product_tag","embeddable":true,"href":"https:\/\/aa7.sk\/de\/wp-json\/wp\/v2\/product_tag?post=6234"}],"curies":[{"name":"wp","href":"https:\/\/api.w.org\/{rel}","templated":true}]}}