{"id":6236,"date":"2026-03-17T12:18:03","date_gmt":"2026-03-17T11:18:03","guid":{"rendered":"https:\/\/aa7.sk\/?post_type=product&#038;p=6236"},"modified":"2026-03-18T16:03:05","modified_gmt":"2026-03-18T15:03:05","slug":"betonove-cerpadlo-hw20-47","status":"publish","type":"product","link":"https:\/\/aa7.sk\/de\/product\/betonove-cerpadlo-hw20-47\/","title":{"rendered":"HW20-47 Betonpumpe"},"content":{"rendered":"<ol>\n<li>Die HW20-47 Betonpumpe ist speziell f\u00fcr die Bodenheizungskonstruktion konzipiert. <\/li>\n<li>Dieses Betonf\u00f6rderger\u00e4t eignet sich f\u00fcr Betonmischung in der Fu\u00dfbodenheizungstechnik, gro\u00dfe Fl\u00e4chen und hocheffiziente Bauweise mit erstarrter Bodenf\u00fcllung oder M\u00f6rtelf\u00fcllung. <\/li>\n<li>Kann in Beton oder M\u00f6rtel verwendet werden, der in Bauprojekten, Tunneln, Bergwerken usw. F\u00f6rderb\u00e4ndern verwendet wird. <\/li>\n<li>Nach der Installation der D\u00fcsenzubeh\u00f6rteile kann sie auch als Spritzbetonpumpe f\u00fcr Betonspr\u00fchen, M\u00f6rtel, feuerfestes und gr\u00fcnes Erdspr\u00fchen und Sprengen verwendet werden.<\/li>\n<p><\/p>","protected":false},"excerpt":{"rendered":"<p>Nennleistung: 47 kW<br \/>\nAggregatgr\u00f6\u00dfe: 20 mm<br \/>\nAusgangsleistung: 35 m\u00b3\/h<\/p>","protected":false},"featured_media":6237,"comment_status":"open","ping_status":"closed","template":"","meta":{"_acf_changed":false,"_eb_attr":""},"product_brand":[],"product_cat":[30,38,127],"product_tag":[],"class_list":{"0":"post-6236","1":"product","2":"type-product","3":"status-publish","4":"has-post-thumbnail","6":"product_cat-all-products","7":"product_cat-betonovy-transporter","8":"product_cat-betonovy-miesaci-vozik","10":"first","11":"instock","12":"shipping-taxable","13":"product-type-simple"},"acf":[],"jetpack_sharing_enabled":true,"_links":{"self":[{"href":"https:\/\/aa7.sk\/de\/wp-json\/wp\/v2\/product\/6236","targetHints":{"allow":["GET"]}}],"collection":[{"href":"https:\/\/aa7.sk\/de\/wp-json\/wp\/v2\/product"}],"about":[{"href":"https:\/\/aa7.sk\/de\/wp-json\/wp\/v2\/types\/product"}],"replies":[{"embeddable":true,"href":"https:\/\/aa7.sk\/de\/wp-json\/wp\/v2\/comments?post=6236"}],"wp:featuredmedia":[{"embeddable":true,"href":"https:\/\/aa7.sk\/de\/wp-json\/wp\/v2\/media\/6237"}],"wp:attachment":[{"href":"https:\/\/aa7.sk\/de\/wp-json\/wp\/v2\/media?parent=6236"}],"wp:term":[{"taxonomy":"product_brand","embeddable":true,"href":"https:\/\/aa7.sk\/de\/wp-json\/wp\/v2\/product_brand?post=6236"},{"taxonomy":"product_cat","embeddable":true,"href":"https:\/\/aa7.sk\/de\/wp-json\/wp\/v2\/product_cat?post=6236"},{"taxonomy":"product_tag","embeddable":true,"href":"https:\/\/aa7.sk\/de\/wp-json\/wp\/v2\/product_tag?post=6236"}],"curies":[{"name":"wp","href":"https:\/\/api.w.org\/{rel}","templated":true}]}}