{"id":6238,"date":"2026-03-17T12:23:04","date_gmt":"2026-03-17T11:23:04","guid":{"rendered":"https:\/\/aa7.sk\/?post_type=product&#038;p=6238"},"modified":"2026-03-18T16:02:47","modified_gmt":"2026-03-18T15:02:47","slug":"betonove-cerpadlo-hw30-30","status":"publish","type":"product","link":"https:\/\/aa7.sk\/de\/product\/betonove-cerpadlo-hw30-30\/","title":{"rendered":"HW30-30 Betonpumpe"},"content":{"rendered":"<ol>\n<li>Drei-in-ein-Mischpumpen-Transport, bequemer und schneller Transfer.<\/li>\n<li>Hohe Baueffizienz; Kontinuierliches Pumpen des Feldr\u00fchrers, S\u00e4uberung mit herk\u00f6mmlichem Mischer Im Vergleich zum Mischen und manuellem F\u00fcttern wird die Effizienz um mehr als das F\u00fcnffache erh\u00f6ht.<\/li>\n<li>Arbeitseinsparung und Kostensenkung. Die R\u00fchrpumpe wird von einer Person bedient. Hohe Automatisierung Im Vergleich zum Mischer kann die manuelle Zuf\u00fchrmethode 4\u20135 Arbeitskr\u00e4fte sparen, und die Arbeitsintensit\u00e4t wird stark reduziert.<\/li>\n<p><\/p>","protected":false},"excerpt":{"rendered":"<p>Menovit\u00fd v\u00fdkon: 30 kW<br \/>\nAggregatgr\u00f6\u00dfe: 30 mm<br \/>\nAusgangsleistung: 15 m\u00b3\/h<\/p>","protected":false},"featured_media":6239,"comment_status":"open","ping_status":"closed","template":"","meta":{"_acf_changed":false,"_eb_attr":""},"product_brand":[],"product_cat":[30,38,127],"product_tag":[],"class_list":{"0":"post-6238","1":"product","2":"type-product","3":"status-publish","4":"has-post-thumbnail","6":"product_cat-all-products","7":"product_cat-betonovy-transporter","8":"product_cat-betonovy-miesaci-vozik","10":"first","11":"instock","12":"shipping-taxable","13":"product-type-simple"},"acf":[],"jetpack_sharing_enabled":true,"_links":{"self":[{"href":"https:\/\/aa7.sk\/de\/wp-json\/wp\/v2\/product\/6238","targetHints":{"allow":["GET"]}}],"collection":[{"href":"https:\/\/aa7.sk\/de\/wp-json\/wp\/v2\/product"}],"about":[{"href":"https:\/\/aa7.sk\/de\/wp-json\/wp\/v2\/types\/product"}],"replies":[{"embeddable":true,"href":"https:\/\/aa7.sk\/de\/wp-json\/wp\/v2\/comments?post=6238"}],"wp:featuredmedia":[{"embeddable":true,"href":"https:\/\/aa7.sk\/de\/wp-json\/wp\/v2\/media\/6239"}],"wp:attachment":[{"href":"https:\/\/aa7.sk\/de\/wp-json\/wp\/v2\/media?parent=6238"}],"wp:term":[{"taxonomy":"product_brand","embeddable":true,"href":"https:\/\/aa7.sk\/de\/wp-json\/wp\/v2\/product_brand?post=6238"},{"taxonomy":"product_cat","embeddable":true,"href":"https:\/\/aa7.sk\/de\/wp-json\/wp\/v2\/product_cat?post=6238"},{"taxonomy":"product_tag","embeddable":true,"href":"https:\/\/aa7.sk\/de\/wp-json\/wp\/v2\/product_tag?post=6238"}],"curies":[{"name":"wp","href":"https:\/\/api.w.org\/{rel}","templated":true}]}}