{"id":6240,"date":"2026-03-17T12:27:13","date_gmt":"2026-03-17T11:27:13","guid":{"rendered":"https:\/\/aa7.sk\/?post_type=product&#038;p=6240"},"modified":"2026-03-24T09:12:56","modified_gmt":"2026-03-24T08:12:56","slug":"betonove-cerpadlo-hwd30-38","status":"publish","type":"product","link":"https:\/\/aa7.sk\/de\/product\/betonove-cerpadlo-hwd30-38\/","title":{"rendered":"HWD30-38 Betonpumpe"},"content":{"rendered":"<ol>\n<li>Haupt\u00f6lpumpe: Eine konstante Leistung variable innere Kolbenpumpe wird verwendet. Eine konstante Leistungsregelung kann effektiv eine \u00dcberlastung des Dieselmotors verhindern und tr\u00e4gt einen h\u00f6heren Druck und eine h\u00f6here Last als herk\u00f6mmliche Zahnradpumpen.<\/li>\n<p><\/p>\n<li>Stromsystem: Dieselbetonpumpe hat einen geringen Energieverbrauch und eine hohe Effizienz.<\/li>\n<p><\/p>\n<li>Trichtervorrichtung: Das Trichtervolumen wird erh\u00f6ht und der Schuppen wird mit einem Schwingungsmotor ausgestattet, um die Anforderungen der Pumpkoagulation zu erf\u00fcllen.<\/li>\n<p><\/p>\n<li>Elektrisches Steuerungssystem: Die wichtigsten elektrischen Ger\u00e4te sind Schneider, LS-Marke und Zhengtai.<\/li>\n<p><\/p>\n<li>K\u00fchlsystem: Es wird ein Doppelk\u00fchlsystem aus Luft- oder Wasserk\u00fchlung verwendet, das nicht nur f\u00fcr hohe Temperaturen, sondern auch f\u00fcr starke K\u00e4lte geeignet ist, um die \u00d6ltemperatur des Hydrauliksystems zu steuern und die Sicherheit sowie Zuverl\u00e4ssigkeit des Ger\u00e4tebetriebs zu gew\u00e4hrleisten.<\/li>\n<p><\/p>\n<li>Centralizovan\u00fd mazac\u00ed syst\u00e9m: maziv\u00e1 sa vstrekuj\u00fa do hlavn\u00e9ho potrubia pomocou piestov\u00e9ho \u010derpadla a distribuuj\u00fa na hlavn\u00e9 potrubie distrib\u00fatorom. &#8222;Skok z bodu do bodu chr\u00e1ni k\u013e\u00fa\u010dov\u00e9 komponenty pred opotreben\u00edm. Ventil S trubice: pou\u017eitie integrovan\u00e9ho liatia z mang\u00e1novej ocele. opotrebite\u013en\u00fd povrch pomocou zv\u00e1rania povrchov proti opotrebeniu m\u00e1 v\u00fdhody v podobe vysokotlakovej a opotrebite\u013enej dvojvrstvy: prechod vn\u00fatornej dutiny je hladk\u00fd, prietok bet\u00f3nu plynul\u00fd, v\u00fdkon \u010derpadla je \u010falej zlep\u0161en\u00fd; H\u0159\u00eddelec s dr\u00e1\u017ekami pou\u017e\u00edva zliatinov\u00fd materi\u00e1l pre \u0161peci\u00e1lnu povrchov\u00fa \u00fapravu, \u010do zlep\u0161uje odolnos\u0165 vo\u010di opotrebeniu a \u00fanavov\u00fa odolnos\u0165.<\/li>\n<p><\/p>\n<li>Brillenplatten, Schneidring, Brillenplatte und Schneidring bestehen aus harter Legierungseinlage und sind langlebig.<\/li>\n<p><\/p>\n<li>Hydraulische Rohrverbindung: Das Gummirohr wird in Sets von Alfalma von Italien oder Gates of America geliefert.<\/li>\n<p><\/p>\n<li>Drahtlose Fernbedienung: Die aus Taiwan importierte drahtlose Fernbedienung wird f\u00fcr eine einfache und bequeme Bedienung \u00fcbernommen.<\/li>\n<p><\/p>","protected":false},"excerpt":{"rendered":"<p>Nennleistung: 38 kW<br \/>\nAggregatgr\u00f6\u00dfe: 30 mm<br \/>\nAusgangsleistung: 15 m\u00b3\/h<\/p>","protected":false},"featured_media":6239,"comment_status":"open","ping_status":"closed","template":"","meta":{"_acf_changed":false,"_eb_attr":""},"product_brand":[],"product_cat":[30,38,127],"product_tag":[],"class_list":{"0":"post-6240","1":"product","2":"type-product","3":"status-publish","4":"has-post-thumbnail","6":"product_cat-all-products","7":"product_cat-betonovy-transporter","8":"product_cat-betonovy-miesaci-vozik","10":"first","11":"instock","12":"shipping-taxable","13":"product-type-simple"},"acf":[],"jetpack_sharing_enabled":true,"_links":{"self":[{"href":"https:\/\/aa7.sk\/de\/wp-json\/wp\/v2\/product\/6240","targetHints":{"allow":["GET"]}}],"collection":[{"href":"https:\/\/aa7.sk\/de\/wp-json\/wp\/v2\/product"}],"about":[{"href":"https:\/\/aa7.sk\/de\/wp-json\/wp\/v2\/types\/product"}],"replies":[{"embeddable":true,"href":"https:\/\/aa7.sk\/de\/wp-json\/wp\/v2\/comments?post=6240"}],"wp:featuredmedia":[{"embeddable":true,"href":"https:\/\/aa7.sk\/de\/wp-json\/wp\/v2\/media\/6239"}],"wp:attachment":[{"href":"https:\/\/aa7.sk\/de\/wp-json\/wp\/v2\/media?parent=6240"}],"wp:term":[{"taxonomy":"product_brand","embeddable":true,"href":"https:\/\/aa7.sk\/de\/wp-json\/wp\/v2\/product_brand?post=6240"},{"taxonomy":"product_cat","embeddable":true,"href":"https:\/\/aa7.sk\/de\/wp-json\/wp\/v2\/product_cat?post=6240"},{"taxonomy":"product_tag","embeddable":true,"href":"https:\/\/aa7.sk\/de\/wp-json\/wp\/v2\/product_tag?post=6240"}],"curies":[{"name":"wp","href":"https:\/\/api.w.org\/{rel}","templated":true}]}}