{"id":6251,"date":"2026-03-17T12:49:33","date_gmt":"2026-03-17T11:49:33","guid":{"rendered":"https:\/\/aa7.sk\/?post_type=product&#038;p=6251"},"modified":"2026-03-18T17:05:24","modified_gmt":"2026-03-18T16:05:24","slug":"4-tonovy-vysokozdvizny-zeriav-2","status":"publish","type":"product","link":"https:\/\/aa7.sk\/de\/product\/4-tonovy-vysokozdvizny-zeriav-2\/","title":{"rendered":"4-Tonnen-Gabelstaplerkran"},"content":{"rendered":"<p> Diese Maschine hat vorne einen Gabelstapler und hinten einen Kran. Es handelt sich um ein Modell mit zwei Zwecken, das Zeit und Personal spart.<\/p>\n<p><\/p>\n<p>Es ist ein guter Hilfest\u00fctzpunkt f\u00fcr Nutzer. Au\u00dferdem ist dieses Modell relativ kompakt, klein und kann auf sehr kleinem Raum verwendet werden.<\/p>\n<p><\/p>","protected":false},"excerpt":{"rendered":"<p>Gewichthebung: 4000 kg<br \/>\nHebeh\u00f6he: 8 m<br \/>\nEmpfohlene Leistung: 18 kW<\/p>","protected":false},"featured_media":6244,"comment_status":"open","ping_status":"closed","template":"","meta":{"_acf_changed":false,"_eb_attr":""},"product_brand":[],"product_cat":[30,39,128],"product_tag":[],"class_list":{"0":"post-6251","1":"product","2":"type-product","3":"status-publish","4":"has-post-thumbnail","6":"product_cat-all-products","7":"product_cat-zeriavy-plosiny","8":"product_cat-nakladny-zeriav","10":"first","11":"instock","12":"shipping-taxable","13":"product-type-simple"},"acf":[],"jetpack_sharing_enabled":true,"_links":{"self":[{"href":"https:\/\/aa7.sk\/de\/wp-json\/wp\/v2\/product\/6251","targetHints":{"allow":["GET"]}}],"collection":[{"href":"https:\/\/aa7.sk\/de\/wp-json\/wp\/v2\/product"}],"about":[{"href":"https:\/\/aa7.sk\/de\/wp-json\/wp\/v2\/types\/product"}],"replies":[{"embeddable":true,"href":"https:\/\/aa7.sk\/de\/wp-json\/wp\/v2\/comments?post=6251"}],"wp:featuredmedia":[{"embeddable":true,"href":"https:\/\/aa7.sk\/de\/wp-json\/wp\/v2\/media\/6244"}],"wp:attachment":[{"href":"https:\/\/aa7.sk\/de\/wp-json\/wp\/v2\/media?parent=6251"}],"wp:term":[{"taxonomy":"product_brand","embeddable":true,"href":"https:\/\/aa7.sk\/de\/wp-json\/wp\/v2\/product_brand?post=6251"},{"taxonomy":"product_cat","embeddable":true,"href":"https:\/\/aa7.sk\/de\/wp-json\/wp\/v2\/product_cat?post=6251"},{"taxonomy":"product_tag","embeddable":true,"href":"https:\/\/aa7.sk\/de\/wp-json\/wp\/v2\/product_tag?post=6251"}],"curies":[{"name":"wp","href":"https:\/\/api.w.org\/{rel}","templated":true}]}}