{"id":6258,"date":"2026-03-17T13:08:36","date_gmt":"2026-03-17T12:08:36","guid":{"rendered":"https:\/\/aa7.sk\/?post_type=product&#038;p=6258"},"modified":"2026-03-18T17:03:02","modified_gmt":"2026-03-18T16:03:02","slug":"hwqy6t-vlastnorucne-vyrobeny-nakladny-zeriav","status":"publish","type":"product","link":"https:\/\/aa7.sk\/de\/product\/hwqy6t-vlastnorucne-vyrobeny-nakladny-zeriav\/","title":{"rendered":"HWQY6T Selbstgebauter Lkw-Kran"},"content":{"rendered":"<p>Der selbstgebaute Kran besteht haupts\u00e4chlich aus einem langen Arm und einem Elektromotor.<\/p>\n<p><\/p>\n<p>Seine Vorteile sind Bequemlichkeit und Flexibilit\u00e4t, hohe Effizienz, schneller \u00dcbergang und verbesserte Arbeitseffizienz.<\/p>\n<p>Kr\u00e4ne werden f\u00fcr Hebeausr\u00fcstung, Notfall, Hebe, Maschinen und Rettung eingesetzt; Sie werden h\u00e4ufig in Hebe- und Entladebetrieben wie Hafenwerkst\u00e4tten und Baustellen eingesetzt.<\/p>\n<p><\/p>\n<p><strong>Hauptmerkmale des Produkts<\/strong><\/p>\n<ol>\n<li> Er eignet sich f\u00fcr komplexe Stra\u00dfenverh\u00e4ltnisse wie S\u00fcmpfe, Flussstr\u00e4nde, W\u00fcsten, Reisfelder, tropische Regenw\u00e4lder sowie Eis- und Schneestra\u00dfen.<\/li>\n<li> Guter Traktion, guter Grip und starke Transportkapazit\u00e4t.<\/li>\n<li> Kleiner Wenderadius, flexible Man\u00f6vrierm\u00f6glichkeiten, besonders geeignet f\u00fcr enge Gel\u00e4nde, was die Stra\u00dfenbaukosten senkt.<\/li>\n<li>Ausgestattet mit elektrischem Start, zentralem Griff, einfach zu bedienen.<\/li>\n<p><\/p>","protected":false},"excerpt":{"rendered":"<p>Gewichthebung: 6500 kg<br \/>\nHebeh\u00f6he: 25 m, 28 m<br \/>\nLeistung: 74 kW<\/p>","protected":false},"featured_media":6259,"comment_status":"open","ping_status":"closed","template":"","meta":{"_acf_changed":false,"_eb_attr":""},"product_brand":[],"product_cat":[30,39,128],"product_tag":[],"class_list":{"0":"post-6258","1":"product","2":"type-product","3":"status-publish","4":"has-post-thumbnail","6":"product_cat-all-products","7":"product_cat-zeriavy-plosiny","8":"product_cat-nakladny-zeriav","10":"first","11":"instock","12":"shipping-taxable","13":"product-type-simple"},"acf":[],"jetpack_sharing_enabled":true,"_links":{"self":[{"href":"https:\/\/aa7.sk\/de\/wp-json\/wp\/v2\/product\/6258","targetHints":{"allow":["GET"]}}],"collection":[{"href":"https:\/\/aa7.sk\/de\/wp-json\/wp\/v2\/product"}],"about":[{"href":"https:\/\/aa7.sk\/de\/wp-json\/wp\/v2\/types\/product"}],"replies":[{"embeddable":true,"href":"https:\/\/aa7.sk\/de\/wp-json\/wp\/v2\/comments?post=6258"}],"wp:featuredmedia":[{"embeddable":true,"href":"https:\/\/aa7.sk\/de\/wp-json\/wp\/v2\/media\/6259"}],"wp:attachment":[{"href":"https:\/\/aa7.sk\/de\/wp-json\/wp\/v2\/media?parent=6258"}],"wp:term":[{"taxonomy":"product_brand","embeddable":true,"href":"https:\/\/aa7.sk\/de\/wp-json\/wp\/v2\/product_brand?post=6258"},{"taxonomy":"product_cat","embeddable":true,"href":"https:\/\/aa7.sk\/de\/wp-json\/wp\/v2\/product_cat?post=6258"},{"taxonomy":"product_tag","embeddable":true,"href":"https:\/\/aa7.sk\/de\/wp-json\/wp\/v2\/product_tag?post=6258"}],"curies":[{"name":"wp","href":"https:\/\/api.w.org\/{rel}","templated":true}]}}