{"id":6261,"date":"2026-03-17T13:16:25","date_gmt":"2026-03-17T12:16:25","guid":{"rendered":"https:\/\/aa7.sk\/?post_type=product&#038;p=6261"},"modified":"2026-03-18T17:01:05","modified_gmt":"2026-03-18T16:01:05","slug":"hwqy8t-vlastnorucne-vyrobeny-nakladny-zeriav","status":"publish","type":"product","link":"https:\/\/aa7.sk\/de\/product\/hwqy8t-vlastnorucne-vyrobeny-nakladny-zeriav\/","title":{"rendered":"HWQY8T Selbstgebauter Lkw-Kran"},"content":{"rendered":"<p>Kr\u00e4ne werden f\u00fcr Hebeger\u00e4te, Notfallrettung, Heben, Maschinenbau und Rettung eingesetzt.<\/p>\n<p><\/p>\n<p><strong>Merkmale<\/strong><\/p>\n<ol>\n<li>Der vollst\u00e4ndige Verl\u00e4ngerungsarm ist 32 m lang, und die Leistung liegt 5 % voraus. Die Steigf\u00e4higkeit liegt bei 40 %, was der Maschine eine gute Stra\u00dfenanpassungsf\u00e4higkeit verleiht.<\/li>\n<li>Die einzigartige teleskopische Technologie vermeidet das Biegen des Kernrohrs und des \u00d6lzylinders sowie das Brechen des Armrahmens durch Fehlbedienung, was die Betriebssicherheit verbessert.<\/li>\n<li>Das innovative Focksystem verwendet eingebettete Block-, Steckvorrichtungskopf und achteckige Vorrichtung, die eine ausgezeichnete Hebeleistung sowie sichere und zuverl\u00e4ssige Hebearbeit bietet.<\/li>\n<p><\/p>","protected":false},"excerpt":{"rendered":"<p>Gewichthebung: 8000 kg<br \/>\nHebeh\u00f6he: 25m\u300128m<br \/>\nLeistung: 75 kW<\/p>","protected":false},"featured_media":6262,"comment_status":"open","ping_status":"closed","template":"","meta":{"_acf_changed":false,"_eb_attr":""},"product_brand":[],"product_cat":[30,39,128],"product_tag":[],"class_list":{"0":"post-6261","1":"product","2":"type-product","3":"status-publish","4":"has-post-thumbnail","6":"product_cat-all-products","7":"product_cat-zeriavy-plosiny","8":"product_cat-nakladny-zeriav","10":"first","11":"instock","12":"shipping-taxable","13":"product-type-simple"},"acf":[],"jetpack_sharing_enabled":true,"_links":{"self":[{"href":"https:\/\/aa7.sk\/de\/wp-json\/wp\/v2\/product\/6261","targetHints":{"allow":["GET"]}}],"collection":[{"href":"https:\/\/aa7.sk\/de\/wp-json\/wp\/v2\/product"}],"about":[{"href":"https:\/\/aa7.sk\/de\/wp-json\/wp\/v2\/types\/product"}],"replies":[{"embeddable":true,"href":"https:\/\/aa7.sk\/de\/wp-json\/wp\/v2\/comments?post=6261"}],"wp:featuredmedia":[{"embeddable":true,"href":"https:\/\/aa7.sk\/de\/wp-json\/wp\/v2\/media\/6262"}],"wp:attachment":[{"href":"https:\/\/aa7.sk\/de\/wp-json\/wp\/v2\/media?parent=6261"}],"wp:term":[{"taxonomy":"product_brand","embeddable":true,"href":"https:\/\/aa7.sk\/de\/wp-json\/wp\/v2\/product_brand?post=6261"},{"taxonomy":"product_cat","embeddable":true,"href":"https:\/\/aa7.sk\/de\/wp-json\/wp\/v2\/product_cat?post=6261"},{"taxonomy":"product_tag","embeddable":true,"href":"https:\/\/aa7.sk\/de\/wp-json\/wp\/v2\/product_tag?post=6261"}],"curies":[{"name":"wp","href":"https:\/\/api.w.org\/{rel}","templated":true}]}}