{"id":6268,"date":"2026-03-17T13:29:37","date_gmt":"2026-03-17T12:29:37","guid":{"rendered":"https:\/\/aa7.sk\/?post_type=product&#038;p=6268"},"modified":"2026-03-20T11:06:28","modified_gmt":"2026-03-20T10:06:28","slug":"hwqy10t-vlastnorucne-vyrobeny-nakladny-zeriav","status":"publish","type":"product","link":"https:\/\/aa7.sk\/de\/product\/hwqy10t-vlastnorucne-vyrobeny-nakladny-zeriav\/","title":{"rendered":"HWQY10T Selbstgebauter Lkw-Kran"},"content":{"rendered":"<p>Der Kran ist eine Art Maschine, die weit verbreitet in H\u00e4fen, Werkst\u00e4tten, Elektro- und Baustellen eingesetzt wird. Der Kran ist ein allgemeiner Name f\u00fcr Hebemaschinen. H\u00e4ufig wird Kran als Autokran, Lockenkran und Reifenkran bezeichnet. Der Kran wird f\u00fcr Hebeger\u00e4te, Notfallrettung, Hebewerk, Maschinenbau und Rettung eingesetzt.<\/p>\n<p><\/p>\n<p><strong>Vorteile:<\/strong><\/p>\n<ol>\n<li>F\u00fchrende Leistung: Die Bauml\u00e4nge bei voller Ausstreckung betr\u00e4gt 32 m, die Leistung f\u00fchrt bei 5%. Die Steigf\u00e4higkeit betr\u00e4gt 40 %, was der Maschine eine gute Stra\u00dfenanpassungsf\u00e4higkeit verleiht.<\/li>\n<li>Die einzigartige Dehn- und Einziehtechnik vermeidet die Biegung des Kernrohrs und des Zylinders sowie den Bruch des Auslegers durch Fehlfunktion, was die Sicherheit der Operationen verbessert.<\/li>\n<li>Das innovative Focksystem verwendet eingebauten Block, eingesteckten Baumkopf und Achteck-Vorteil, was eine ausgezeichnete Hebeleistung sowie sichere und zuverl\u00e4ssige Hebearbeit bietet.<\/li>\n<li>Sechs einzigartige Technologien gew\u00e4hrleisten die Qualit\u00e4tssicherung und sorgen daf\u00fcr, dass die Produkte einen hohen Wert behalten.<\/li>\n<li>Das Steuerungssystem ist durch 8 Patente optimiert; Heben, Drehen und Luffen sind einfach und zuverl\u00e4ssig.<\/li>\n<p><\/p>","protected":false},"excerpt":{"rendered":"<p>Gewichthebung: 11000 kg<br \/>\nHebeh\u00f6he: 28 m, 30 m<br \/>\nLeistung: 88 kW<\/p>","protected":false},"featured_media":6269,"comment_status":"open","ping_status":"closed","template":"","meta":{"_acf_changed":false,"_eb_attr":""},"product_brand":[],"product_cat":[30,39,128],"product_tag":[],"class_list":{"0":"post-6268","1":"product","2":"type-product","3":"status-publish","4":"has-post-thumbnail","6":"product_cat-all-products","7":"product_cat-zeriavy-plosiny","8":"product_cat-nakladny-zeriav","10":"first","11":"instock","12":"shipping-taxable","13":"product-type-simple"},"acf":[],"jetpack_sharing_enabled":true,"_links":{"self":[{"href":"https:\/\/aa7.sk\/de\/wp-json\/wp\/v2\/product\/6268","targetHints":{"allow":["GET"]}}],"collection":[{"href":"https:\/\/aa7.sk\/de\/wp-json\/wp\/v2\/product"}],"about":[{"href":"https:\/\/aa7.sk\/de\/wp-json\/wp\/v2\/types\/product"}],"replies":[{"embeddable":true,"href":"https:\/\/aa7.sk\/de\/wp-json\/wp\/v2\/comments?post=6268"}],"wp:featuredmedia":[{"embeddable":true,"href":"https:\/\/aa7.sk\/de\/wp-json\/wp\/v2\/media\/6269"}],"wp:attachment":[{"href":"https:\/\/aa7.sk\/de\/wp-json\/wp\/v2\/media?parent=6268"}],"wp:term":[{"taxonomy":"product_brand","embeddable":true,"href":"https:\/\/aa7.sk\/de\/wp-json\/wp\/v2\/product_brand?post=6268"},{"taxonomy":"product_cat","embeddable":true,"href":"https:\/\/aa7.sk\/de\/wp-json\/wp\/v2\/product_cat?post=6268"},{"taxonomy":"product_tag","embeddable":true,"href":"https:\/\/aa7.sk\/de\/wp-json\/wp\/v2\/product_tag?post=6268"}],"curies":[{"name":"wp","href":"https:\/\/api.w.org\/{rel}","templated":true}]}}