{"id":6305,"date":"2026-03-17T14:19:30","date_gmt":"2026-03-17T13:19:30","guid":{"rendered":"https:\/\/aa7.sk\/?post_type=product&#038;p=6305"},"modified":"2026-03-18T16:56:44","modified_gmt":"2026-03-18T15:56:44","slug":"hwyqjf12t-nakladny-zeriav","status":"publish","type":"product","link":"https:\/\/aa7.sk\/de\/product\/hwyqjf12t-nakladny-zeriav\/","title":{"rendered":"HWYQJF12T Lkw-Kran"},"content":{"rendered":"<p><strong>Merkmale<\/strong><\/p>\n<ol>\n<li> Das Drehzentrum ist mit einer Touch-Elektroscheibe ausgestattet, die sich unendlich um 360 Grad drehen kann.<\/li>\n<li>Teleskopische Grenzmarkierung und automatischer Stoppbericht, Endschalter drei Versicherungen.<\/li>\n<li>Hydraulische Doppelteil-Ausleger, extragro\u00dfe Auslegerspannweite, gr\u00f6\u00dferer Arbeitsbereich und sicherer. Der Auslegerzylinder wird mit geringem Abstand ausgeworfen.<\/li>\n<li>U-f\u00f6rmiger Schnitt des Armk\u00f6rpers, Anti-Dreh-Design, gleichm\u00e4\u00dfigere Kraft, bessere Teleskopf\u00fchrung, stabilere Teleskopf\u00fchrung<\/li>","protected":false},"excerpt":{"rendered":"<p>Schwunggeschwindigkeit: 0-3 Rap<br \/>\nMotormodell: Weichai<br \/>\nLeistung: 140 kW<\/p>","protected":false},"featured_media":6306,"comment_status":"open","ping_status":"closed","template":"","meta":{"_acf_changed":false,"_eb_attr":""},"product_brand":[],"product_cat":[30,39,128],"product_tag":[],"class_list":{"0":"post-6305","1":"product","2":"type-product","3":"status-publish","4":"has-post-thumbnail","6":"product_cat-all-products","7":"product_cat-zeriavy-plosiny","8":"product_cat-nakladny-zeriav","10":"first","11":"instock","12":"shipping-taxable","13":"product-type-simple"},"acf":[],"jetpack_sharing_enabled":true,"_links":{"self":[{"href":"https:\/\/aa7.sk\/de\/wp-json\/wp\/v2\/product\/6305","targetHints":{"allow":["GET"]}}],"collection":[{"href":"https:\/\/aa7.sk\/de\/wp-json\/wp\/v2\/product"}],"about":[{"href":"https:\/\/aa7.sk\/de\/wp-json\/wp\/v2\/types\/product"}],"replies":[{"embeddable":true,"href":"https:\/\/aa7.sk\/de\/wp-json\/wp\/v2\/comments?post=6305"}],"wp:featuredmedia":[{"embeddable":true,"href":"https:\/\/aa7.sk\/de\/wp-json\/wp\/v2\/media\/6306"}],"wp:attachment":[{"href":"https:\/\/aa7.sk\/de\/wp-json\/wp\/v2\/media?parent=6305"}],"wp:term":[{"taxonomy":"product_brand","embeddable":true,"href":"https:\/\/aa7.sk\/de\/wp-json\/wp\/v2\/product_brand?post=6305"},{"taxonomy":"product_cat","embeddable":true,"href":"https:\/\/aa7.sk\/de\/wp-json\/wp\/v2\/product_cat?post=6305"},{"taxonomy":"product_tag","embeddable":true,"href":"https:\/\/aa7.sk\/de\/wp-json\/wp\/v2\/product_tag?post=6305"}],"curies":[{"name":"wp","href":"https:\/\/api.w.org\/{rel}","templated":true}]}}