{"id":6326,"date":"2026-03-17T15:44:54","date_gmt":"2026-03-17T14:44:54","guid":{"rendered":"https:\/\/aa7.sk\/?post_type=product&#038;p=6326"},"modified":"2026-03-18T16:54:19","modified_gmt":"2026-03-18T15:54:19","slug":"hwtj12t-nakladny-zeriav","status":"publish","type":"product","link":"https:\/\/aa7.sk\/de\/product\/hwtj12t-nakladny-zeriav\/","title":{"rendered":"HWTJ12T Lkw-Kran"},"content":{"rendered":"<p><strong>Merkmale<\/strong><\/p>\n<ol>\n<li>Standard-Umweltschutz nationaler 5-Motor, ladeluftgek\u00fchlter Kompressor, automatische Luftbremsung, Hoch- und Langsamfahrt.<\/li>\n<li>Hydraulic system of the whole vehicle is newly designed, matched with pressure and flow compensation system, load sensing hydraulic control system, easy to operate, high efficiency, smooth movement compound performance, stable and reliable quality, flexible and comfortable operation.<\/li>\n<li>Das Mehrwegventil verwendet den Lujiate-Gro\u00dfdurchfluss-Doppelventil, Doppel-Ein- und Doppel-Aus-Doppel\u00f6l-Kreislauf, das Hebesystem ist schneller und leistungsst\u00e4rker.<\/li>\n<li>Gro\u00dfer Durchmesser vierfach drehbarer Mittelk\u00f6rper, ausgestattet mit einem drehbaren Bremsventil zur Verhinderung von Schlupfen und zuverl\u00e4ssiger Puffer-Selbstsperrfunktion.<\/li>\n<li>Das Drehzentrum ist mit einer Touch-Elektroscheibe ausgestattet, die sich unendlich um 360 Grad drehen kann.<\/li>\n<li>Teleskopische Grenzmarkierung und automatischer Stoppbericht, Endschalter drei Versicherungen.<\/li>\n<li>Hydraulische Doppelteil-Ausleger, extragro\u00dfe Auslegerspannweite, gr\u00f6\u00dferer Arbeitsbereich und sicherer. Der Auslegerzylinder wird mit geringem Abstand ausgeworfen.<\/li>\n<li>Doppelte Haken und Doppelwinden zur Verbesserung der Arbeitseffizienz. Die Winde verwendet hochfestes, mehrstr\u00e4ngiges, rotationsbest\u00e4ndiges, phosphorbeschichtetes Stahldrahtseil, das eine lange Lebensdauer, hohe Festigkeit und einen stabileren Betrieb besitzt.<\/li>\n<li>U-f\u00f6rmiger Schnitt des Armk\u00f6rpers, Anti-Dreh-Design, gleichm\u00e4\u00dfigere Kraft, bessere Teleskopf\u00fchrung, stabilere Teleskopf\u00fchrung<\/li>\n<p><\/p>","protected":false},"excerpt":{"rendered":"<p>Schwunggeschwindigkeit: 0-3 Rap<br \/>\nMotormodell: WP3NQ160E61<br \/>\nLeistung: 118 kW 160 PS<\/p>","protected":false},"featured_media":6327,"comment_status":"open","ping_status":"closed","template":"","meta":{"_acf_changed":false,"_eb_attr":""},"product_brand":[],"product_cat":[30,39,128],"product_tag":[],"class_list":{"0":"post-6326","1":"product","2":"type-product","3":"status-publish","4":"has-post-thumbnail","6":"product_cat-all-products","7":"product_cat-zeriavy-plosiny","8":"product_cat-nakladny-zeriav","10":"first","11":"instock","12":"shipping-taxable","13":"product-type-simple"},"acf":[],"jetpack_sharing_enabled":true,"_links":{"self":[{"href":"https:\/\/aa7.sk\/de\/wp-json\/wp\/v2\/product\/6326","targetHints":{"allow":["GET"]}}],"collection":[{"href":"https:\/\/aa7.sk\/de\/wp-json\/wp\/v2\/product"}],"about":[{"href":"https:\/\/aa7.sk\/de\/wp-json\/wp\/v2\/types\/product"}],"replies":[{"embeddable":true,"href":"https:\/\/aa7.sk\/de\/wp-json\/wp\/v2\/comments?post=6326"}],"wp:featuredmedia":[{"embeddable":true,"href":"https:\/\/aa7.sk\/de\/wp-json\/wp\/v2\/media\/6327"}],"wp:attachment":[{"href":"https:\/\/aa7.sk\/de\/wp-json\/wp\/v2\/media?parent=6326"}],"wp:term":[{"taxonomy":"product_brand","embeddable":true,"href":"https:\/\/aa7.sk\/de\/wp-json\/wp\/v2\/product_brand?post=6326"},{"taxonomy":"product_cat","embeddable":true,"href":"https:\/\/aa7.sk\/de\/wp-json\/wp\/v2\/product_cat?post=6326"},{"taxonomy":"product_tag","embeddable":true,"href":"https:\/\/aa7.sk\/de\/wp-json\/wp\/v2\/product_tag?post=6326"}],"curies":[{"name":"wp","href":"https:\/\/api.w.org\/{rel}","templated":true}]}}