{"id":6338,"date":"2026-03-17T16:01:45","date_gmt":"2026-03-17T15:01:45","guid":{"rendered":"https:\/\/aa7.sk\/?post_type=product&#038;p=6338"},"modified":"2026-03-18T16:53:14","modified_gmt":"2026-03-18T15:53:14","slug":"hwqy16t-vlastnorucne-vyrobeny-nakladny-zeriav","status":"publish","type":"product","link":"https:\/\/aa7.sk\/de\/product\/hwqy16t-vlastnorucne-vyrobeny-nakladny-zeriav\/","title":{"rendered":"HWQY16T Selbstgebauter Lkw-Kran"},"content":{"rendered":"<p>Der Kran ist eine Art Maschine, die weit verbreitet in H\u00e4fen, Werkst\u00e4tten, Elektro- und Baustellen eingesetzt wird. Der Kran ist ein allgemeiner Name f\u00fcr Hebemaschinen. H\u00e4ufig wird Kran als Autokran, Lockenkran und Reifenkran bezeichnet. Der Kran wird f\u00fcr Hebeger\u00e4te, Notfallrettung, Hebewerk, Maschinenbau und Rettung eingesetzt.<\/p>","protected":false},"excerpt":{"rendered":"<p>Gewichtheben: 16.000 kg<br \/>\nHebeh\u00f6he: 40 m<br \/>\nLeistung: 88 kW<\/p>","protected":false},"featured_media":6339,"comment_status":"open","ping_status":"closed","template":"","meta":{"_acf_changed":false,"_eb_attr":""},"product_brand":[],"product_cat":[30,39,128],"product_tag":[],"class_list":{"0":"post-6338","1":"product","2":"type-product","3":"status-publish","4":"has-post-thumbnail","6":"product_cat-all-products","7":"product_cat-zeriavy-plosiny","8":"product_cat-nakladny-zeriav","10":"first","11":"instock","12":"shipping-taxable","13":"product-type-simple"},"acf":[],"jetpack_sharing_enabled":true,"_links":{"self":[{"href":"https:\/\/aa7.sk\/de\/wp-json\/wp\/v2\/product\/6338","targetHints":{"allow":["GET"]}}],"collection":[{"href":"https:\/\/aa7.sk\/de\/wp-json\/wp\/v2\/product"}],"about":[{"href":"https:\/\/aa7.sk\/de\/wp-json\/wp\/v2\/types\/product"}],"replies":[{"embeddable":true,"href":"https:\/\/aa7.sk\/de\/wp-json\/wp\/v2\/comments?post=6338"}],"wp:featuredmedia":[{"embeddable":true,"href":"https:\/\/aa7.sk\/de\/wp-json\/wp\/v2\/media\/6339"}],"wp:attachment":[{"href":"https:\/\/aa7.sk\/de\/wp-json\/wp\/v2\/media?parent=6338"}],"wp:term":[{"taxonomy":"product_brand","embeddable":true,"href":"https:\/\/aa7.sk\/de\/wp-json\/wp\/v2\/product_brand?post=6338"},{"taxonomy":"product_cat","embeddable":true,"href":"https:\/\/aa7.sk\/de\/wp-json\/wp\/v2\/product_cat?post=6338"},{"taxonomy":"product_tag","embeddable":true,"href":"https:\/\/aa7.sk\/de\/wp-json\/wp\/v2\/product_tag?post=6338"}],"curies":[{"name":"wp","href":"https:\/\/api.w.org\/{rel}","templated":true}]}}