{"id":6346,"date":"2026-03-17T16:17:18","date_gmt":"2026-03-17T15:17:18","guid":{"rendered":"https:\/\/aa7.sk\/?post_type=product&#038;p=6346"},"modified":"2026-03-24T09:52:05","modified_gmt":"2026-03-24T08:52:05","slug":"hwqy16t-nakladny-zeriav","status":"publish","type":"product","link":"https:\/\/aa7.sk\/de\/product\/hwqy16t-nakladny-zeriav\/","title":{"rendered":"HWQY16T Lkw-Kran"},"content":{"rendered":"<p><strong>Merkmale<\/strong><\/p>\n<ol>\n<li>Teleskopische Grenzmarkierung und automatischer Stoppbericht, Endschalter drei Versicherungen.<\/li>\n<li>Hydraulische Doppelteil-Ausleger, extragro\u00dfe Auslegerspannweite, gr\u00f6\u00dferer Arbeitsbereich und sicherer. Der Auslegerzylinder wird mit geringem Abstand ausgeworfen.<\/li>\n<li>Doppelte Haken und Doppelwinden zur Verbesserung der Arbeitseffizienz. Die Winde verwendet hochfestes, mehrstr\u00e4ngiges, rotationsbest\u00e4ndiges, phosphorbeschichtetes Stahldrahtseil, das eine lange Lebensdauer, hohe Festigkeit und einen stabileren Betrieb besitzt.<\/li>\n<li>U-f\u00f6rmiger Schnitt des Armk\u00f6rpers, Anti-Dreh-Design, gleichm\u00e4\u00dfigere Kraft, bessere Teleskopf\u00fchrung, stabilere Teleskopf\u00fchrung<\/li>\n<p><\/p>","protected":false},"excerpt":{"rendered":"<p>Getriebemodell: 6-Gang<br \/>\nLeistung (kW hp): 95 kW (130 PS)<br \/>\nEmissionsnormen: China III.<\/p>","protected":false},"featured_media":6347,"comment_status":"open","ping_status":"closed","template":"","meta":{"_acf_changed":false,"_eb_attr":""},"product_brand":[],"product_cat":[30,39,128],"product_tag":[],"class_list":{"0":"post-6346","1":"product","2":"type-product","3":"status-publish","4":"has-post-thumbnail","6":"product_cat-all-products","7":"product_cat-zeriavy-plosiny","8":"product_cat-nakladny-zeriav","10":"first","11":"instock","12":"shipping-taxable","13":"product-type-simple"},"acf":[],"jetpack_sharing_enabled":true,"_links":{"self":[{"href":"https:\/\/aa7.sk\/de\/wp-json\/wp\/v2\/product\/6346","targetHints":{"allow":["GET"]}}],"collection":[{"href":"https:\/\/aa7.sk\/de\/wp-json\/wp\/v2\/product"}],"about":[{"href":"https:\/\/aa7.sk\/de\/wp-json\/wp\/v2\/types\/product"}],"replies":[{"embeddable":true,"href":"https:\/\/aa7.sk\/de\/wp-json\/wp\/v2\/comments?post=6346"}],"wp:featuredmedia":[{"embeddable":true,"href":"https:\/\/aa7.sk\/de\/wp-json\/wp\/v2\/media\/6347"}],"wp:attachment":[{"href":"https:\/\/aa7.sk\/de\/wp-json\/wp\/v2\/media?parent=6346"}],"wp:term":[{"taxonomy":"product_brand","embeddable":true,"href":"https:\/\/aa7.sk\/de\/wp-json\/wp\/v2\/product_brand?post=6346"},{"taxonomy":"product_cat","embeddable":true,"href":"https:\/\/aa7.sk\/de\/wp-json\/wp\/v2\/product_cat?post=6346"},{"taxonomy":"product_tag","embeddable":true,"href":"https:\/\/aa7.sk\/de\/wp-json\/wp\/v2\/product_tag?post=6346"}],"curies":[{"name":"wp","href":"https:\/\/api.w.org\/{rel}","templated":true}]}}