{"id":6351,"date":"2026-03-17T16:33:59","date_gmt":"2026-03-17T15:33:59","guid":{"rendered":"https:\/\/aa7.sk\/?post_type=product&#038;p=6351"},"modified":"2026-03-24T09:45:16","modified_gmt":"2026-03-24T08:45:16","slug":"hwft16t-nakladny-zeriav","status":"publish","type":"product","link":"https:\/\/aa7.sk\/de\/product\/hwft16t-nakladny-zeriav\/","title":{"rendered":"HWFT16T Lkw-Kran"},"content":{"rendered":"<p><strong>Merkmale<\/strong><\/p>\n<ol>\n<li>Standard-Umweltschutz nationaler 5-Motor, ladeluftgek\u00fchlter Kompressor, automatische Luftbremsung, Hoch- und Langsamfahrt.<\/li>\n<li>Das Mehrwegventil verwendet den Lujiate-Gro\u00dfdurchfluss-Doppelventil, Doppel-Ein- und Doppel-Aus-Doppel\u00f6l-Kreislauf, das Hebesystem ist schneller und leistungsst\u00e4rker.<\/li>\n<li>Gro\u00dfer Durchmesser vierfach drehbarer Mittelk\u00f6rper, ausgestattet mit einem drehbaren Bremsventil zur Verhinderung von Schlupfen und zuverl\u00e4ssiger Puffer-Selbstsperrfunktion.<\/li>\n<li>Das Drehzentrum ist mit einer Touch-Elektroscheibe ausgestattet, die sich unendlich um 360 Grad drehen kann.<\/li>\n<p><\/p>","protected":false},"excerpt":{"rendered":"<p>Schwunggeschwindigkeit: 0-3 Rap<br \/>\nMotormodell: Weichai<br \/>\nLeistung: 140 kW 190 PS<\/p>","protected":false},"featured_media":6524,"comment_status":"open","ping_status":"closed","template":"","meta":{"_acf_changed":false,"_eb_attr":""},"product_brand":[],"product_cat":[30,39,128],"product_tag":[],"class_list":{"0":"post-6351","1":"product","2":"type-product","3":"status-publish","4":"has-post-thumbnail","6":"product_cat-all-products","7":"product_cat-zeriavy-plosiny","8":"product_cat-nakladny-zeriav","10":"first","11":"instock","12":"shipping-taxable","13":"product-type-simple"},"acf":[],"jetpack_sharing_enabled":true,"_links":{"self":[{"href":"https:\/\/aa7.sk\/de\/wp-json\/wp\/v2\/product\/6351","targetHints":{"allow":["GET"]}}],"collection":[{"href":"https:\/\/aa7.sk\/de\/wp-json\/wp\/v2\/product"}],"about":[{"href":"https:\/\/aa7.sk\/de\/wp-json\/wp\/v2\/types\/product"}],"replies":[{"embeddable":true,"href":"https:\/\/aa7.sk\/de\/wp-json\/wp\/v2\/comments?post=6351"}],"wp:featuredmedia":[{"embeddable":true,"href":"https:\/\/aa7.sk\/de\/wp-json\/wp\/v2\/media\/6524"}],"wp:attachment":[{"href":"https:\/\/aa7.sk\/de\/wp-json\/wp\/v2\/media?parent=6351"}],"wp:term":[{"taxonomy":"product_brand","embeddable":true,"href":"https:\/\/aa7.sk\/de\/wp-json\/wp\/v2\/product_brand?post=6351"},{"taxonomy":"product_cat","embeddable":true,"href":"https:\/\/aa7.sk\/de\/wp-json\/wp\/v2\/product_cat?post=6351"},{"taxonomy":"product_tag","embeddable":true,"href":"https:\/\/aa7.sk\/de\/wp-json\/wp\/v2\/product_tag?post=6351"}],"curies":[{"name":"wp","href":"https:\/\/api.w.org\/{rel}","templated":true}]}}