{"id":6376,"date":"2026-03-17T17:12:32","date_gmt":"2026-03-17T16:12:32","guid":{"rendered":"https:\/\/aa7.sk\/?post_type=product&#038;p=6376"},"modified":"2026-03-18T16:13:49","modified_gmt":"2026-03-18T15:13:49","slug":"nakladne-auto-s-hmotnostou-6300-kg-s-zeriavom","status":"publish","type":"product","link":"https:\/\/aa7.sk\/de\/product\/nakladne-auto-s-hmotnostou-6300-kg-s-zeriavom\/","title":{"rendered":"6300KG Lkw mit Kran"},"content":{"rendered":"<p><strong>Merkmale<\/strong><\/p>\n<ol>\n<li>Der teleskopische Typ des Auslegers ist unabh\u00e4ngig teleskopisch und synchron teleskopisch, und das Erscheinungsbild ist ordentlich und sch\u00f6n.<\/li>\n<li> Die Hauptkomponenten des gesamten Fahrzeugs verwenden bekannte heimische Marken, um sicherzustellen, dass die Lebensdauer des gesamten Fahrzeugs mehr als zehn Jahre betr\u00e4gt<\/li>\n<li>Der gesamte Fahrzeugzylinder verwendet inl\u00e4ndische bekannte Marken und importierte Parker-Dichtungen.<\/li>\n<li>Alle Fahrzeug\u00f6lleitungen werden mit importierten Gummi\u00f6lrohren gekrimpt, mit einer Krimpgenauigkeit von 0,01 mm, und die gesamten Fahrzeug\u00f6lleitungen werden drei extreme Drucktests unterzogen, um eine zuverl\u00e4ssige Qualit\u00e4t sicherzustellen.<\/li>\n<li>Die Drehst\u00fctze besteht aus integriertem Schmiedewerk, Zahnoberfl\u00e4chenabschreckung und Rennbahn-Pr\u00e4zisionsschleifen, was die Kranarbeit stabiler macht und eine l\u00e4ngere Lebensdauer bietet.<\/li>\n<p><\/p>","protected":false},"excerpt":{"rendered":"<p>Gesamtgewicht (kg): 11480<br \/>\nMotor: 4DX23-130E5 130PS<br \/>\nGesamtma\u00dfe (mm): 7350*2450*3500<\/p>","protected":false},"featured_media":6377,"comment_status":"open","ping_status":"closed","template":"","meta":{"_acf_changed":false,"_eb_attr":""},"product_brand":[],"product_cat":[30,39,129],"product_tag":[],"class_list":{"0":"post-6376","1":"product","2":"type-product","3":"status-publish","4":"has-post-thumbnail","6":"product_cat-all-products","7":"product_cat-zeriavy-plosiny","8":"product_cat-nakladaci-zeriav","10":"first","11":"instock","12":"shipping-taxable","13":"product-type-simple"},"acf":[],"jetpack_sharing_enabled":true,"_links":{"self":[{"href":"https:\/\/aa7.sk\/de\/wp-json\/wp\/v2\/product\/6376","targetHints":{"allow":["GET"]}}],"collection":[{"href":"https:\/\/aa7.sk\/de\/wp-json\/wp\/v2\/product"}],"about":[{"href":"https:\/\/aa7.sk\/de\/wp-json\/wp\/v2\/types\/product"}],"replies":[{"embeddable":true,"href":"https:\/\/aa7.sk\/de\/wp-json\/wp\/v2\/comments?post=6376"}],"wp:featuredmedia":[{"embeddable":true,"href":"https:\/\/aa7.sk\/de\/wp-json\/wp\/v2\/media\/6377"}],"wp:attachment":[{"href":"https:\/\/aa7.sk\/de\/wp-json\/wp\/v2\/media?parent=6376"}],"wp:term":[{"taxonomy":"product_brand","embeddable":true,"href":"https:\/\/aa7.sk\/de\/wp-json\/wp\/v2\/product_brand?post=6376"},{"taxonomy":"product_cat","embeddable":true,"href":"https:\/\/aa7.sk\/de\/wp-json\/wp\/v2\/product_cat?post=6376"},{"taxonomy":"product_tag","embeddable":true,"href":"https:\/\/aa7.sk\/de\/wp-json\/wp\/v2\/product_tag?post=6376"}],"curies":[{"name":"wp","href":"https:\/\/api.w.org\/{rel}","templated":true}]}}