{"id":6392,"date":"2026-03-17T17:38:54","date_gmt":"2026-03-17T16:38:54","guid":{"rendered":"https:\/\/aa7.sk\/?post_type=product&#038;p=6392"},"modified":"2026-03-18T16:13:02","modified_gmt":"2026-03-18T15:13:02","slug":"14000-kg-nakladne-auto-s-zeriavom","status":"publish","type":"product","link":"https:\/\/aa7.sk\/de\/product\/14000-kg-nakladne-auto-s-zeriavom\/","title":{"rendered":"14000KG Lkw mit Kran"},"content":{"rendered":"<p><strong>Merkmale<\/strong><\/p>\n<ol>\n<li>Standard-Umweltschutz nationaler 5-Motor, ladeluftgek\u00fchlter Kompressor, automatische Luftbremsung, Hoch- und Langsamfahrt.<\/li>\n<li>Hydraulic system of the whole vehicle is newly designed, matched with pressure and flow compensation system, load sensing hydraulic control system, easy to operate, high efficiency, smooth movement compound performance, stable and reliable quality, flexible and comfortable operation.<\/li>\n<li>Erh\u00f6hen Sie die Drehunterst\u00fctzung des externen Drehbords, wodurch die Drehwirkung stabiler und sicherer wird.<\/li>\n<li>U-f\u00f6rmiger Schnitt des Armk\u00f6rpers, Anti-Dreh-Design, gleichm\u00e4\u00dfigere Kraft, bessere Teleskopf\u00fchrung, stabilere Teleskopf\u00fchrung<\/li>\n<p><\/p>","protected":false},"excerpt":{"rendered":"<p>Gesamtgewicht (kg): 31000<br \/>\nMotor: Yuchai 290 PS<br \/>\nGesamtabmessungen (mm): 12000 x 2550 x 3950<\/p>","protected":false},"featured_media":6393,"comment_status":"open","ping_status":"closed","template":"","meta":{"_acf_changed":false,"_eb_attr":""},"product_brand":[],"product_cat":[30,39,129],"product_tag":[],"class_list":{"0":"post-6392","1":"product","2":"type-product","3":"status-publish","4":"has-post-thumbnail","6":"product_cat-all-products","7":"product_cat-zeriavy-plosiny","8":"product_cat-nakladaci-zeriav","10":"first","11":"instock","12":"shipping-taxable","13":"product-type-simple"},"acf":[],"jetpack_sharing_enabled":true,"_links":{"self":[{"href":"https:\/\/aa7.sk\/de\/wp-json\/wp\/v2\/product\/6392","targetHints":{"allow":["GET"]}}],"collection":[{"href":"https:\/\/aa7.sk\/de\/wp-json\/wp\/v2\/product"}],"about":[{"href":"https:\/\/aa7.sk\/de\/wp-json\/wp\/v2\/types\/product"}],"replies":[{"embeddable":true,"href":"https:\/\/aa7.sk\/de\/wp-json\/wp\/v2\/comments?post=6392"}],"wp:featuredmedia":[{"embeddable":true,"href":"https:\/\/aa7.sk\/de\/wp-json\/wp\/v2\/media\/6393"}],"wp:attachment":[{"href":"https:\/\/aa7.sk\/de\/wp-json\/wp\/v2\/media?parent=6392"}],"wp:term":[{"taxonomy":"product_brand","embeddable":true,"href":"https:\/\/aa7.sk\/de\/wp-json\/wp\/v2\/product_brand?post=6392"},{"taxonomy":"product_cat","embeddable":true,"href":"https:\/\/aa7.sk\/de\/wp-json\/wp\/v2\/product_cat?post=6392"},{"taxonomy":"product_tag","embeddable":true,"href":"https:\/\/aa7.sk\/de\/wp-json\/wp\/v2\/product_tag?post=6392"}],"curies":[{"name":"wp","href":"https:\/\/api.w.org\/{rel}","templated":true}]}}