{"id":6395,"date":"2026-03-17T17:44:46","date_gmt":"2026-03-17T16:44:46","guid":{"rendered":"https:\/\/aa7.sk\/?post_type=product&#038;p=6395"},"modified":"2026-03-24T10:18:11","modified_gmt":"2026-03-24T09:18:11","slug":"16000kg-nakladne-auto-s-zeriavom","status":"publish","type":"product","link":"https:\/\/aa7.sk\/de\/product\/16000kg-nakladne-auto-s-zeriavom\/","title":{"rendered":"16000KG Lkw mit Kran"},"content":{"rendered":"<p><strong>Merkmale<\/strong><\/p>\n<ol>\n<li>Standard-Umweltschutz nationaler 5-Motor, ladeluftgek\u00fchlter Kompressor, automatische Luftbremsung, Hoch- und Langsamfahrt.<\/li>\n<li>Hydraulic system of the whole vehicle is newly designed, matched with pressure and flow compensation system, load sensing hydraulic control system, easy to operate, high efficiency, smooth movement compound performance, stable and reliable quality, flexible and comfortable operation.<\/li>\n<li>Erh\u00f6hen Sie die Drehunterst\u00fctzung des externen Drehbords, wodurch die Drehwirkung stabiler und sicherer wird.<\/li>\n<li>Die Drehst\u00fctze besteht aus integriertem Schmiedewerk, Zahnoberfl\u00e4chenabschreckung und pr\u00e4zisem Schleifen der Rennbahn, was die Kranarbeit stabiler macht und eine l\u00e4ngere Lebensdauer bietet.<\/li>\n<p><\/p>","protected":false},"excerpt":{"rendered":"<p>Gesamtgewicht (kg): 31000<br \/>\nMotor: Yuchai 290 PS<br \/>\nGesamtabmessungen (mm): 12000 x 2550 x 3950<\/p>","protected":false},"featured_media":6396,"comment_status":"open","ping_status":"closed","template":"","meta":{"_acf_changed":false,"_eb_attr":""},"product_brand":[],"product_cat":[30,39,129],"product_tag":[],"class_list":{"0":"post-6395","1":"product","2":"type-product","3":"status-publish","4":"has-post-thumbnail","6":"product_cat-all-products","7":"product_cat-zeriavy-plosiny","8":"product_cat-nakladaci-zeriav","10":"first","11":"instock","12":"shipping-taxable","13":"product-type-simple"},"acf":[],"jetpack_sharing_enabled":true,"_links":{"self":[{"href":"https:\/\/aa7.sk\/de\/wp-json\/wp\/v2\/product\/6395","targetHints":{"allow":["GET"]}}],"collection":[{"href":"https:\/\/aa7.sk\/de\/wp-json\/wp\/v2\/product"}],"about":[{"href":"https:\/\/aa7.sk\/de\/wp-json\/wp\/v2\/types\/product"}],"replies":[{"embeddable":true,"href":"https:\/\/aa7.sk\/de\/wp-json\/wp\/v2\/comments?post=6395"}],"wp:featuredmedia":[{"embeddable":true,"href":"https:\/\/aa7.sk\/de\/wp-json\/wp\/v2\/media\/6396"}],"wp:attachment":[{"href":"https:\/\/aa7.sk\/de\/wp-json\/wp\/v2\/media?parent=6395"}],"wp:term":[{"taxonomy":"product_brand","embeddable":true,"href":"https:\/\/aa7.sk\/de\/wp-json\/wp\/v2\/product_brand?post=6395"},{"taxonomy":"product_cat","embeddable":true,"href":"https:\/\/aa7.sk\/de\/wp-json\/wp\/v2\/product_cat?post=6395"},{"taxonomy":"product_tag","embeddable":true,"href":"https:\/\/aa7.sk\/de\/wp-json\/wp\/v2\/product_tag?post=6395"}],"curies":[{"name":"wp","href":"https:\/\/api.w.org\/{rel}","templated":true}]}}