{"id":6406,"date":"2026-03-17T19:24:16","date_gmt":"2026-03-17T18:24:16","guid":{"rendered":"https:\/\/aa7.sk\/?post_type=product&#038;p=6406"},"modified":"2026-03-18T13:45:52","modified_gmt":"2026-03-18T12:45:52","slug":"hw300-pavuci-zeriav","status":"publish","type":"product","link":"https:\/\/aa7.sk\/de\/product\/hw300-pavuci-zeriav\/","title":{"rendered":"HW300 Spinnenkranich"},"content":{"rendered":"<p>Der kompakte Miniaturkran HW300 bietet eine unvergleichliche Hebekapazit\u00e4t und ist ideal f\u00fcr Hebeprojekte in den engsten und engsten Arbeitsbereichen, ideal f\u00fcr Glasinstallationen, Verkleidungen, Stahl und mehr.<\/p>","protected":false},"excerpt":{"rendered":"<p>Spezifikation: 3.0t<br \/>\nMaximaler Arbeitsradius: 8,83 m (0,15 Tonnen)<br \/>\nMotorleistung: 16 kW<\/p>","protected":false},"featured_media":6407,"comment_status":"open","ping_status":"closed","template":"","meta":{"_acf_changed":false,"_eb_attr":""},"product_brand":[],"product_cat":[30,39,130],"product_tag":[],"class_list":{"0":"post-6406","1":"product","2":"type-product","3":"status-publish","4":"has-post-thumbnail","6":"product_cat-all-products","7":"product_cat-zeriavy-plosiny","8":"product_cat-pavuci-zeriav","10":"first","11":"instock","12":"shipping-taxable","13":"product-type-simple"},"acf":[],"jetpack_sharing_enabled":true,"_links":{"self":[{"href":"https:\/\/aa7.sk\/de\/wp-json\/wp\/v2\/product\/6406","targetHints":{"allow":["GET"]}}],"collection":[{"href":"https:\/\/aa7.sk\/de\/wp-json\/wp\/v2\/product"}],"about":[{"href":"https:\/\/aa7.sk\/de\/wp-json\/wp\/v2\/types\/product"}],"replies":[{"embeddable":true,"href":"https:\/\/aa7.sk\/de\/wp-json\/wp\/v2\/comments?post=6406"}],"wp:featuredmedia":[{"embeddable":true,"href":"https:\/\/aa7.sk\/de\/wp-json\/wp\/v2\/media\/6407"}],"wp:attachment":[{"href":"https:\/\/aa7.sk\/de\/wp-json\/wp\/v2\/media?parent=6406"}],"wp:term":[{"taxonomy":"product_brand","embeddable":true,"href":"https:\/\/aa7.sk\/de\/wp-json\/wp\/v2\/product_brand?post=6406"},{"taxonomy":"product_cat","embeddable":true,"href":"https:\/\/aa7.sk\/de\/wp-json\/wp\/v2\/product_cat?post=6406"},{"taxonomy":"product_tag","embeddable":true,"href":"https:\/\/aa7.sk\/de\/wp-json\/wp\/v2\/product_tag?post=6406"}],"curies":[{"name":"wp","href":"https:\/\/api.w.org\/{rel}","templated":true}]}}