{"id":6419,"date":"2026-03-17T19:32:10","date_gmt":"2026-03-17T18:32:10","guid":{"rendered":"https:\/\/aa7.sk\/?post_type=product&#038;p=6419"},"modified":"2026-03-18T16:11:35","modified_gmt":"2026-03-18T15:11:35","slug":"hw800-pavuci-zeriav","status":"publish","type":"product","link":"https:\/\/aa7.sk\/de\/product\/hw800-pavuci-zeriav\/","title":{"rendered":"HW800 Spinnenkranich"},"content":{"rendered":"<p>Teleskopkran, Spinnenkran und Mini-Kettenkrane mit Auslegern, die f\u00fcr einfachen Transport und \u00e4u\u00dferste Bedienbarkeit ausgelegt sind.<\/p>\n<p><\/p>\n<p>Diese Maschine kann dank ihrer kompakten Gr\u00f6\u00dfe an sehr unterschiedlichen Orten und in engen R\u00e4umen \u2013 H\u00e4ngen, Treppen, Durchg\u00e4nge und schwer zug\u00e4ngliche Orte \u2013 eingesetzt werden und ben\u00f6tigt keine lange Einrichtung: ein neues und praktisches Hebesystem, das Zeit- und Geldeinsparungen sowie erh\u00f6hte Sicherheitsniveaus und verbesserte Hebeleistung gew\u00e4hrleistet.<\/p>","protected":false},"excerpt":{"rendered":"<p>Spezifikation: 8.0t<br \/>\nMaximaler Arbeitsradius: 16 m (0,5 Tonne)<br \/>\nMotorleistung: 52 kW<\/p>","protected":false},"featured_media":6427,"comment_status":"open","ping_status":"closed","template":"","meta":{"_acf_changed":false,"_eb_attr":""},"product_brand":[],"product_cat":[30,39,130],"product_tag":[],"class_list":{"0":"post-6419","1":"product","2":"type-product","3":"status-publish","4":"has-post-thumbnail","6":"product_cat-all-products","7":"product_cat-zeriavy-plosiny","8":"product_cat-pavuci-zeriav","10":"first","11":"instock","12":"shipping-taxable","13":"product-type-simple"},"acf":[],"jetpack_sharing_enabled":true,"_links":{"self":[{"href":"https:\/\/aa7.sk\/de\/wp-json\/wp\/v2\/product\/6419","targetHints":{"allow":["GET"]}}],"collection":[{"href":"https:\/\/aa7.sk\/de\/wp-json\/wp\/v2\/product"}],"about":[{"href":"https:\/\/aa7.sk\/de\/wp-json\/wp\/v2\/types\/product"}],"replies":[{"embeddable":true,"href":"https:\/\/aa7.sk\/de\/wp-json\/wp\/v2\/comments?post=6419"}],"wp:featuredmedia":[{"embeddable":true,"href":"https:\/\/aa7.sk\/de\/wp-json\/wp\/v2\/media\/6427"}],"wp:attachment":[{"href":"https:\/\/aa7.sk\/de\/wp-json\/wp\/v2\/media?parent=6419"}],"wp:term":[{"taxonomy":"product_brand","embeddable":true,"href":"https:\/\/aa7.sk\/de\/wp-json\/wp\/v2\/product_brand?post=6419"},{"taxonomy":"product_cat","embeddable":true,"href":"https:\/\/aa7.sk\/de\/wp-json\/wp\/v2\/product_cat?post=6419"},{"taxonomy":"product_tag","embeddable":true,"href":"https:\/\/aa7.sk\/de\/wp-json\/wp\/v2\/product_tag?post=6419"}],"curies":[{"name":"wp","href":"https:\/\/api.w.org\/{rel}","templated":true}]}}