{"id":6434,"date":"2026-03-17T19:44:53","date_gmt":"2026-03-17T18:44:53","guid":{"rendered":"https:\/\/aa7.sk\/?post_type=product&#038;p=6434"},"modified":"2026-03-18T16:10:06","modified_gmt":"2026-03-18T15:10:06","slug":"hw1000-pavuci-zeriav","status":"publish","type":"product","link":"https:\/\/aa7.sk\/de\/product\/hw1000-pavuci-zeriav\/","title":{"rendered":"HW1000 Spinnenkranich"},"content":{"rendered":"<p>Der un\u00fcbertroffene HW1200 ist der beliebteste Miniaturkran der Branche, dank seiner vielseitigen Ausleger, die es dem Kran erm\u00f6glichen, auf unebenem Gel\u00e4nde und Steigungen zu arbeiten.<\/p>\n<p><\/p>\n<p>Seine Schienenbeweglichkeit erm\u00f6glicht es diesem kleinen Kran, \u00fcber unebenes Gel\u00e4nde zu fahren, was ihn ideal f\u00fcr Hebeprojekte in einer Vielzahl von Branchen wie Glas, Stahl, Holz und mehr macht.<\/p>","protected":false},"excerpt":{"rendered":"<p>Spezifikation: 10,0t<br \/>\nMaximaler Arbeitsradius: 19,8 m (0,6 Tonne)<br \/>\nMotorleistung: 76 kW<\/p>","protected":false},"featured_media":6435,"comment_status":"open","ping_status":"closed","template":"","meta":{"_acf_changed":false,"_eb_attr":""},"product_brand":[],"product_cat":[30,39,130],"product_tag":[],"class_list":{"0":"post-6434","1":"product","2":"type-product","3":"status-publish","4":"has-post-thumbnail","6":"product_cat-all-products","7":"product_cat-zeriavy-plosiny","8":"product_cat-pavuci-zeriav","10":"first","11":"instock","12":"shipping-taxable","13":"product-type-simple"},"acf":[],"jetpack_sharing_enabled":true,"_links":{"self":[{"href":"https:\/\/aa7.sk\/de\/wp-json\/wp\/v2\/product\/6434","targetHints":{"allow":["GET"]}}],"collection":[{"href":"https:\/\/aa7.sk\/de\/wp-json\/wp\/v2\/product"}],"about":[{"href":"https:\/\/aa7.sk\/de\/wp-json\/wp\/v2\/types\/product"}],"replies":[{"embeddable":true,"href":"https:\/\/aa7.sk\/de\/wp-json\/wp\/v2\/comments?post=6434"}],"wp:featuredmedia":[{"embeddable":true,"href":"https:\/\/aa7.sk\/de\/wp-json\/wp\/v2\/media\/6435"}],"wp:attachment":[{"href":"https:\/\/aa7.sk\/de\/wp-json\/wp\/v2\/media?parent=6434"}],"wp:term":[{"taxonomy":"product_brand","embeddable":true,"href":"https:\/\/aa7.sk\/de\/wp-json\/wp\/v2\/product_brand?post=6434"},{"taxonomy":"product_cat","embeddable":true,"href":"https:\/\/aa7.sk\/de\/wp-json\/wp\/v2\/product_cat?post=6434"},{"taxonomy":"product_tag","embeddable":true,"href":"https:\/\/aa7.sk\/de\/wp-json\/wp\/v2\/product_tag?post=6434"}],"curies":[{"name":"wp","href":"https:\/\/api.w.org\/{rel}","templated":true}]}}