{"id":6442,"date":"2026-03-17T19:50:58","date_gmt":"2026-03-17T18:50:58","guid":{"rendered":"https:\/\/aa7.sk\/?post_type=product&#038;p=6442"},"modified":"2026-03-20T11:02:08","modified_gmt":"2026-03-20T10:02:08","slug":"hwgk20","status":"publish","type":"product","link":"https:\/\/aa7.sk\/de\/product\/hwgk20\/","title":{"rendered":"HWGK20"},"content":{"rendered":"<p>Wir sind ein professionelles Team im Bereich der Luftarbeitsplattformen, das sich der Bereitstellung hochwertiger und zuverl\u00e4ssiger L\u00f6sungen f\u00fcr verschiedene Branchen verschrieben hat. Egal, ob Sie im Bauwesen, in der Maschinenwartung oder in anderen Bereichen t\u00e4tig sind \u2013 wir k\u00f6nnen Ihre vielf\u00e4ltigen Anforderungen an Luftarbeit erf\u00fcllen.<\/p>\n<p><\/p>\n<p><strong>Produktfunktion:<\/strong><\/p>\n<ol>\n<li>Herausragende Sicherheit: Streng getestete Luftarbeitsplattformen mit fortschrittlichen Sicherheitssystemen, um umfassenden Schutz f\u00fcr Ihren Betrieb zu gew\u00e4hrleisten.<\/li>\n<li> Effizient und energiesparend: Fortschrittliche Technologie sorgt f\u00fcr einen effizienten Energieverbrauch, verbessert die Betriebseffizienz und senkt die Energiekosten.<\/li>\n<li>Flexibilit\u00e4t und Bequemlichkeit: Kompaktes Design und einfache Bedienung machen unsere Plattformen f\u00fcr enge R\u00e4ume geeignet und bieten Ihnen hohe Flexibilit\u00e4t.<\/li>\n<\/ol>\n<p><\/p>","protected":false},"excerpt":{"rendered":"<p>Betriebsgewicht:  4495 kg<br \/>\nMotorleistung: 103KW<br \/>\nHebeh\u00f6he: 19m<\/p>","protected":false},"featured_media":6443,"comment_status":"open","ping_status":"closed","template":"","meta":{"_acf_changed":false,"_eb_attr":""},"product_brand":[],"product_cat":[30,39,131],"product_tag":[],"class_list":{"0":"post-6442","1":"product","2":"type-product","3":"status-publish","4":"has-post-thumbnail","6":"product_cat-all-products","7":"product_cat-zeriavy-plosiny","8":"product_cat-plosina-na-letecku-pracu","10":"first","11":"instock","12":"shipping-taxable","13":"product-type-simple"},"acf":[],"jetpack_sharing_enabled":true,"_links":{"self":[{"href":"https:\/\/aa7.sk\/de\/wp-json\/wp\/v2\/product\/6442","targetHints":{"allow":["GET"]}}],"collection":[{"href":"https:\/\/aa7.sk\/de\/wp-json\/wp\/v2\/product"}],"about":[{"href":"https:\/\/aa7.sk\/de\/wp-json\/wp\/v2\/types\/product"}],"replies":[{"embeddable":true,"href":"https:\/\/aa7.sk\/de\/wp-json\/wp\/v2\/comments?post=6442"}],"wp:featuredmedia":[{"embeddable":true,"href":"https:\/\/aa7.sk\/de\/wp-json\/wp\/v2\/media\/6443"}],"wp:attachment":[{"href":"https:\/\/aa7.sk\/de\/wp-json\/wp\/v2\/media?parent=6442"}],"wp:term":[{"taxonomy":"product_brand","embeddable":true,"href":"https:\/\/aa7.sk\/de\/wp-json\/wp\/v2\/product_brand?post=6442"},{"taxonomy":"product_cat","embeddable":true,"href":"https:\/\/aa7.sk\/de\/wp-json\/wp\/v2\/product_cat?post=6442"},{"taxonomy":"product_tag","embeddable":true,"href":"https:\/\/aa7.sk\/de\/wp-json\/wp\/v2\/product_tag?post=6442"}],"curies":[{"name":"wp","href":"https:\/\/api.w.org\/{rel}","templated":true}]}}