{"id":6451,"date":"2026-03-17T20:18:16","date_gmt":"2026-03-17T19:18:16","guid":{"rendered":"https:\/\/aa7.sk\/?post_type=product&#038;p=6451"},"modified":"2026-03-24T10:31:04","modified_gmt":"2026-03-24T09:31:04","slug":"hwgk30","status":"publish","type":"product","link":"https:\/\/aa7.sk\/de\/product\/hwgk30\/","title":{"rendered":"HWGK30"},"content":{"rendered":"<p>Wir sind Ihr vertrauensw\u00fcrdiger Partner im Bereich Luftarbeit und widmen uns der Bereitstellung hochwertiger und intelligenter Luftarbeitsl\u00f6sungen f\u00fcr verschiedene Branchen. Unabh\u00e4ngig vom Umfang Ihres Projekts bieten wir fortschrittliche Ausr\u00fcstung und professionelle Dienstleistungen, die auf Ihre Bed\u00fcrfnisse zugeschnitten sind.<\/p>\n<p><\/p>\n<p><strong>Produkt-Highlights:<\/strong><\/p>\n<ol>\n<li>\u00a0Intelligente Sicherheitssysteme: F\u00fchren Sie die Branche mit intelligenten Sicherheitssystemen an, um sicherzustellen, dass jeder Aspekt der Luftarbeit genau \u00fcberwacht wird und die Sicherheit von Ihnen und Ihrem Team gew\u00e4hrleistet ist.<\/li>\n<li> Effizienter Energieverbrauch: Einsatz energieeffizienter Technologie, um die Betriebseffizienz zu maximieren und gleichzeitig die Energiekosten zu senken, was Ihnen hilft, nachhaltige Entwicklung zu erreichen.<\/li>\n<li>Multifunktionales Design: Flexibles und multifunktionales Design, das f\u00fcr verschiedene Szenarien geeignet ist und Ihre Luftarbeit bequemer und effizienter macht.<\/li>\n<\/ol>\n<p><\/p>","protected":false},"excerpt":{"rendered":"<p>Betriebsgewicht:  4495 kg<br \/>\nMotorleistung: 88 kW<br \/>\nHebeh\u00f6he: 28,3 m<\/p>","protected":false},"featured_media":6456,"comment_status":"open","ping_status":"closed","template":"","meta":{"_acf_changed":false,"_eb_attr":""},"product_brand":[],"product_cat":[30,39,131],"product_tag":[],"class_list":{"0":"post-6451","1":"product","2":"type-product","3":"status-publish","4":"has-post-thumbnail","6":"product_cat-all-products","7":"product_cat-zeriavy-plosiny","8":"product_cat-plosina-na-letecku-pracu","10":"first","11":"instock","12":"shipping-taxable","13":"product-type-simple"},"acf":[],"jetpack_sharing_enabled":true,"_links":{"self":[{"href":"https:\/\/aa7.sk\/de\/wp-json\/wp\/v2\/product\/6451","targetHints":{"allow":["GET"]}}],"collection":[{"href":"https:\/\/aa7.sk\/de\/wp-json\/wp\/v2\/product"}],"about":[{"href":"https:\/\/aa7.sk\/de\/wp-json\/wp\/v2\/types\/product"}],"replies":[{"embeddable":true,"href":"https:\/\/aa7.sk\/de\/wp-json\/wp\/v2\/comments?post=6451"}],"wp:featuredmedia":[{"embeddable":true,"href":"https:\/\/aa7.sk\/de\/wp-json\/wp\/v2\/media\/6456"}],"wp:attachment":[{"href":"https:\/\/aa7.sk\/de\/wp-json\/wp\/v2\/media?parent=6451"}],"wp:term":[{"taxonomy":"product_brand","embeddable":true,"href":"https:\/\/aa7.sk\/de\/wp-json\/wp\/v2\/product_brand?post=6451"},{"taxonomy":"product_cat","embeddable":true,"href":"https:\/\/aa7.sk\/de\/wp-json\/wp\/v2\/product_cat?post=6451"},{"taxonomy":"product_tag","embeddable":true,"href":"https:\/\/aa7.sk\/de\/wp-json\/wp\/v2\/product_tag?post=6451"}],"curies":[{"name":"wp","href":"https:\/\/api.w.org\/{rel}","templated":true}]}}