{"id":6473,"date":"2026-03-18T07:23:24","date_gmt":"2026-03-18T06:23:24","guid":{"rendered":"https:\/\/aa7.sk\/?post_type=product&#038;p=6473"},"modified":"2026-03-26T17:40:16","modified_gmt":"2026-03-26T16:40:16","slug":"rypadlo-s-privesom","status":"publish","type":"product","link":"https:\/\/aa7.sk\/de\/product\/rypadlo-s-privesom\/","title":{"rendered":"Baggeranh\u00e4nger"},"content":{"rendered":"<ol>\n<li>Wir bieten dem Kunden nach dem Beladen des Containers eine vollst\u00e4ndige Montagezeichnung an.<\/li>\n<li>Wir stellen dem Kunden eine vollst\u00e4ndige Komponentenliste zur Verf\u00fcgung, damit die Menge f\u00fcr Anh\u00e4nger und Anh\u00e4ngerteile im Container leicht \u00fcberpr\u00fcft werden kann.<\/li>\n<li>Wir sind sehr gl\u00fccklich, weitere Produkte f\u00fcr unsere Kunden herzustellen, falls sie sie ben\u00f6tigen.<\/li>\n<li>Wir k\u00f6nnen Kunden gut in einen Container bringen, wenn sie Produkte von einem anderen Anbieter haben.<\/li>\n<p>Verschiedene Zubeh\u00f6rteile werden verwendet, um mit unterschiedlichen geologischen Arbeitsbedingungen umzugehen. Wenn Sie spezielles Zubeh\u00f6r ben\u00f6tigen, wenden Sie sich bitte an den Kundenservice, und wir empfehlen Ihnen das passendste Zubeh\u00f6r entsprechend Ihrer aktuellen Situation.<\/p>\n<p><\/p>\n<p>Verschiedene Zubeh\u00f6rteile werden verwendet, um mit unterschiedlichen geologischen Arbeitsbedingungen umzugehen. Wenn Sie spezielles Zubeh\u00f6r ben\u00f6tigen, wenden Sie sich bitte an den Kundenservice, und wir empfehlen Ihnen das passendste Zubeh\u00f6r entsprechend Ihrer aktuellen Situation.<\/p>","protected":false},"excerpt":{"rendered":"<p>Baggertransport<br \/>\nHohe wirtschaftliche Vorteile<br \/>\nStarke Tragf\u00e4higkeit<\/p>","protected":false},"featured_media":6474,"comment_status":"open","ping_status":"closed","template":"","meta":{"_acf_changed":false,"_eb_attr":""},"product_brand":[],"product_cat":[30,40],"product_tag":[],"class_list":{"0":"post-6473","1":"product","2":"type-product","3":"status-publish","4":"has-post-thumbnail","6":"product_cat-all-products","7":"product_cat-accessories","9":"first","10":"instock","11":"shipping-taxable","12":"product-type-simple"},"acf":[],"jetpack_sharing_enabled":true,"_links":{"self":[{"href":"https:\/\/aa7.sk\/de\/wp-json\/wp\/v2\/product\/6473","targetHints":{"allow":["GET"]}}],"collection":[{"href":"https:\/\/aa7.sk\/de\/wp-json\/wp\/v2\/product"}],"about":[{"href":"https:\/\/aa7.sk\/de\/wp-json\/wp\/v2\/types\/product"}],"replies":[{"embeddable":true,"href":"https:\/\/aa7.sk\/de\/wp-json\/wp\/v2\/comments?post=6473"}],"wp:featuredmedia":[{"embeddable":true,"href":"https:\/\/aa7.sk\/de\/wp-json\/wp\/v2\/media\/6474"}],"wp:attachment":[{"href":"https:\/\/aa7.sk\/de\/wp-json\/wp\/v2\/media?parent=6473"}],"wp:term":[{"taxonomy":"product_brand","embeddable":true,"href":"https:\/\/aa7.sk\/de\/wp-json\/wp\/v2\/product_brand?post=6473"},{"taxonomy":"product_cat","embeddable":true,"href":"https:\/\/aa7.sk\/de\/wp-json\/wp\/v2\/product_cat?post=6473"},{"taxonomy":"product_tag","embeddable":true,"href":"https:\/\/aa7.sk\/de\/wp-json\/wp\/v2\/product_tag?post=6473"}],"curies":[{"name":"wp","href":"https:\/\/api.w.org\/{rel}","templated":true}]}}