{"id":6483,"date":"2026-03-18T07:31:54","date_gmt":"2026-03-18T06:31:54","guid":{"rendered":"https:\/\/aa7.sk\/?post_type=product&#038;p=6483"},"modified":"2026-03-20T11:15:04","modified_gmt":"2026-03-20T10:15:04","slug":"rozparovac","status":"publish","type":"product","link":"https:\/\/aa7.sk\/de\/product\/rozparovac\/","title":{"rendered":"Ripper"},"content":{"rendered":"<p>Hengwang-Ripper wird zum Ausheben von rissigem Gestein, zum Aufheben von gefrorenem Boden und auch zum Ausheben von Asphaltbel\u00e4gen verwendet. Er eignet sich zum Zerkleinern und Spalten von hartem Boden, subhartem Stein und verwittertem Stein, um Ausgrabungs- und Verladearbeiten mit Eimern zu erleichtern.<\/p>\n<p><\/p>\n<p>Verschiedene Zubeh\u00f6rteile werden verwendet, um mit unterschiedlichen geologischen Arbeitsbedingungen umzugehen. Wenn Sie spezielles Zubeh\u00f6r ben\u00f6tigen, wenden Sie sich bitte an den Kundenservice, und wir empfehlen Ihnen das passendste Zubeh\u00f6r entsprechend Ihrer aktuellen Situation.<\/p>","protected":false},"excerpt":{"rendered":"<p>Aushub von rissigem Gestein<br \/>\nGefrorener Boden brechen<br \/>\nAushebung von Asphaltbelag<\/p>","protected":false},"featured_media":6484,"comment_status":"open","ping_status":"closed","template":"","meta":{"_acf_changed":false,"_eb_attr":""},"product_brand":[],"product_cat":[30,40],"product_tag":[],"class_list":{"0":"post-6483","1":"product","2":"type-product","3":"status-publish","4":"has-post-thumbnail","6":"product_cat-all-products","7":"product_cat-accessories","9":"first","10":"instock","11":"shipping-taxable","12":"product-type-simple"},"acf":[],"jetpack_sharing_enabled":true,"_links":{"self":[{"href":"https:\/\/aa7.sk\/de\/wp-json\/wp\/v2\/product\/6483","targetHints":{"allow":["GET"]}}],"collection":[{"href":"https:\/\/aa7.sk\/de\/wp-json\/wp\/v2\/product"}],"about":[{"href":"https:\/\/aa7.sk\/de\/wp-json\/wp\/v2\/types\/product"}],"replies":[{"embeddable":true,"href":"https:\/\/aa7.sk\/de\/wp-json\/wp\/v2\/comments?post=6483"}],"wp:featuredmedia":[{"embeddable":true,"href":"https:\/\/aa7.sk\/de\/wp-json\/wp\/v2\/media\/6484"}],"wp:attachment":[{"href":"https:\/\/aa7.sk\/de\/wp-json\/wp\/v2\/media?parent=6483"}],"wp:term":[{"taxonomy":"product_brand","embeddable":true,"href":"https:\/\/aa7.sk\/de\/wp-json\/wp\/v2\/product_brand?post=6483"},{"taxonomy":"product_cat","embeddable":true,"href":"https:\/\/aa7.sk\/de\/wp-json\/wp\/v2\/product_cat?post=6483"},{"taxonomy":"product_tag","embeddable":true,"href":"https:\/\/aa7.sk\/de\/wp-json\/wp\/v2\/product_tag?post=6483"}],"curies":[{"name":"wp","href":"https:\/\/api.w.org\/{rel}","templated":true}]}}