{"id":6489,"date":"2026-03-18T07:34:58","date_gmt":"2026-03-18T06:34:58","guid":{"rendered":"https:\/\/aa7.sk\/?post_type=product&#038;p=6489"},"modified":"2026-03-24T10:35:21","modified_gmt":"2026-03-24T09:35:21","slug":"vrtaky","status":"publish","type":"product","link":"https:\/\/aa7.sk\/de\/product\/vrtaky\/","title":{"rendered":"Bohrer"},"content":{"rendered":"<p>Die Hengwang-Schnecke kann beim Bau von Pfahlfundamenten f\u00fcr Bauernh\u00e4user, Baumpflanzungen, st\u00e4dtischen Strommasten, Hochspannungst\u00fcrmen, Windkraftanlagen, Photovoltaikbohrungen usw. verwendet werden.<\/p>\n<p><\/p>\n<ol>\n<p><strong>Je nach Form kann er in die folgenden 4 Typen unterteilt werden:<\/strong><\/p>\n<li>Spitzbodenbohrer: Geeignet f\u00fcr eine zusammenh\u00e4ngende Bodenschicht, kann Hartmetall-Bohrz\u00e4hne an der Schneide schwei\u00dfen, um harten und gefrorenen Boden zu bohren;<\/li>\n<li>Flachbodenbohrer: geeignet f\u00fcr weiche Bodenschichten;<\/li>\n<li>Rechenbohrer: geeignet f\u00fcr verschiedene Auff\u00fcllschichten mit vielen Ziegeln und Ziegeln;<\/li>\n<li>Laufbohrer: Geeignet zum Bohren von Betonschicht, Wasser sollte hinzugef\u00fcgt werden, um w\u00e4hrend des Bohrens richtig abzuk\u00fchlen und die Sicherheit zu gew\u00e4hrleisten.<\/li>\n<\/ol>\n<p><\/p>\n<p>Was die Auswahl der Schneckenbohrer betrifft, so erfordern unterschiedliche Bodeneigenschaften unterschiedliche Bohrer. Sie m\u00fcssen entsprechend den tats\u00e4chlichen Arbeitsbedingungen w\u00e4hlen, bitte wenden Sie sich f\u00fcr Details an den Kundenservice.<\/p>","protected":false},"excerpt":{"rendered":"<p>Hydrauliksystem: US Eaton<br \/>\nBohrradius: 30~50 cm<br \/>\nBohrtiefe: 15~20 m<\/p>","protected":false},"featured_media":6490,"comment_status":"open","ping_status":"closed","template":"","meta":{"_acf_changed":false,"_eb_attr":""},"product_brand":[],"product_cat":[30,40],"product_tag":[],"class_list":{"0":"post-6489","1":"product","2":"type-product","3":"status-publish","4":"has-post-thumbnail","6":"product_cat-all-products","7":"product_cat-accessories","9":"first","10":"instock","11":"shipping-taxable","12":"product-type-simple"},"acf":[],"jetpack_sharing_enabled":true,"_links":{"self":[{"href":"https:\/\/aa7.sk\/de\/wp-json\/wp\/v2\/product\/6489","targetHints":{"allow":["GET"]}}],"collection":[{"href":"https:\/\/aa7.sk\/de\/wp-json\/wp\/v2\/product"}],"about":[{"href":"https:\/\/aa7.sk\/de\/wp-json\/wp\/v2\/types\/product"}],"replies":[{"embeddable":true,"href":"https:\/\/aa7.sk\/de\/wp-json\/wp\/v2\/comments?post=6489"}],"wp:featuredmedia":[{"embeddable":true,"href":"https:\/\/aa7.sk\/de\/wp-json\/wp\/v2\/media\/6490"}],"wp:attachment":[{"href":"https:\/\/aa7.sk\/de\/wp-json\/wp\/v2\/media?parent=6489"}],"wp:term":[{"taxonomy":"product_brand","embeddable":true,"href":"https:\/\/aa7.sk\/de\/wp-json\/wp\/v2\/product_brand?post=6489"},{"taxonomy":"product_cat","embeddable":true,"href":"https:\/\/aa7.sk\/de\/wp-json\/wp\/v2\/product_cat?post=6489"},{"taxonomy":"product_tag","embeddable":true,"href":"https:\/\/aa7.sk\/de\/wp-json\/wp\/v2\/product_tag?post=6489"}],"curies":[{"name":"wp","href":"https:\/\/api.w.org\/{rel}","templated":true}]}}