{"id":6498,"date":"2026-03-18T07:42:13","date_gmt":"2026-03-18T06:42:13","guid":{"rendered":"https:\/\/aa7.sk\/?post_type=product&#038;p=6498"},"modified":"2026-04-21T11:46:19","modified_gmt":"2026-04-21T09:46:19","slug":"dreveny-zberac","status":"publish","type":"product","link":"https:\/\/aa7.sk\/de\/product\/dreveny-zberac\/","title":{"rendered":"Holzgr\u00e4ber"},"content":{"rendered":"<p>Die Hauptaufgabe besteht darin, das Laden, Entladen und Handling von Holz, Holz, Schilf, Stroh und verschiedenen Streifenmaterialien durchzuf\u00fchren.<\/p>\n<p><\/p>\n<li>Der 360\u00b0 rotierende Greifkopf kann die Fallrichtung von Gegenst\u00e4nden je nach verschiedenen Anforderungen steuern.<\/li>\n<li>Manganstahlmaterial, langlebiger Stein.<\/li>\n<li>Verschiedene Zubeh\u00f6rteile werden verwendet, um mit unterschiedlichen geologischen Arbeitsbedingungen umzugehen. Wenn Sie spezielles Zubeh\u00f6r ben\u00f6tigen, wenden Sie sich bitte an den Kundenservice, und wir empfehlen Ihnen das passendste Zubeh\u00f6r entsprechend Ihrer aktuellen Situation.<\/li>","protected":false},"excerpt":{"rendered":"<p>Die Hauptaufgabe besteht darin, das Laden, Entladen und Handling von Holz, Holz, Schilf, Stroh und verschiedenen Streifenmaterialien durchzuf\u00fchren.<\/p>","protected":false},"featured_media":6499,"comment_status":"open","ping_status":"closed","template":"","meta":{"_acf_changed":false,"_eb_attr":""},"product_brand":[],"product_cat":[30,40],"product_tag":[],"class_list":{"0":"post-6498","1":"product","2":"type-product","3":"status-publish","4":"has-post-thumbnail","6":"product_cat-all-products","7":"product_cat-accessories","9":"first","10":"instock","11":"shipping-taxable","12":"product-type-simple"},"acf":[],"jetpack_sharing_enabled":true,"_links":{"self":[{"href":"https:\/\/aa7.sk\/de\/wp-json\/wp\/v2\/product\/6498","targetHints":{"allow":["GET"]}}],"collection":[{"href":"https:\/\/aa7.sk\/de\/wp-json\/wp\/v2\/product"}],"about":[{"href":"https:\/\/aa7.sk\/de\/wp-json\/wp\/v2\/types\/product"}],"replies":[{"embeddable":true,"href":"https:\/\/aa7.sk\/de\/wp-json\/wp\/v2\/comments?post=6498"}],"wp:featuredmedia":[{"embeddable":true,"href":"https:\/\/aa7.sk\/de\/wp-json\/wp\/v2\/media\/6499"}],"wp:attachment":[{"href":"https:\/\/aa7.sk\/de\/wp-json\/wp\/v2\/media?parent=6498"}],"wp:term":[{"taxonomy":"product_brand","embeddable":true,"href":"https:\/\/aa7.sk\/de\/wp-json\/wp\/v2\/product_brand?post=6498"},{"taxonomy":"product_cat","embeddable":true,"href":"https:\/\/aa7.sk\/de\/wp-json\/wp\/v2\/product_cat?post=6498"},{"taxonomy":"product_tag","embeddable":true,"href":"https:\/\/aa7.sk\/de\/wp-json\/wp\/v2\/product_tag?post=6498"}],"curies":[{"name":"wp","href":"https:\/\/api.w.org\/{rel}","templated":true}]}}