{"id":6504,"date":"2026-03-18T07:45:22","date_gmt":"2026-03-18T06:45:22","guid":{"rendered":"https:\/\/aa7.sk\/?post_type=product&#038;p=6504"},"modified":"2026-03-20T11:18:08","modified_gmt":"2026-03-20T10:18:08","slug":"vrtacie-prislusenstvo-dth-rypadiel","status":"publish","type":"product","link":"https:\/\/aa7.sk\/de\/product\/vrtacie-prislusenstvo-dth-rypadiel\/","title":{"rendered":"DTH-Bagger-Bohraufsatz"},"content":{"rendered":"<ol>\n<li>Der Baggerbaum muss nicht auseinandergebaut werden. Er ist direkt \u00e4hnlich wie der H\u00e4ngeschutzschalter. Das Pipeline-System kann gemeinsam genutzt werden. Sie realisiert tats\u00e4chlich eine Maschine f\u00fcr drei Zwecke \u2013 Graben, Brechen und Bohren;<\/li>\n<li> 360-Grad-Freistreckung: Der Bagger kann den Winkel des Bohrrohrs entsprechend den verschiedenen Positionen anpassen, um das 90\u00b0-vertikale Bohren bei ungleichm\u00e4\u00dfigen Kompanisituationen zu halten;<\/li>\n<li>Der Arbeitsradius wird vergr\u00f6\u00dfert. Da der Baggerbaum nicht demontiert wird, kann sein Arbeitsradius um 2\u20133 Meter erweitert werden, und das Bohren mit H\u00f6henwinkel, Horizontalbohrung und vertikalem Bohren kann realisiert werden;<\/li>\n<li>Das Bohrrohr kann durch Austausch des Bohrers durch Austausch auf einen Bohrer umgestellt werden, der Steine mit geringer H\u00e4rte, hoher Geschwindigkeit und geringem Brennstoffverbrauch bohren kann.<\/li>\n<p><\/p>\n<p>Verschiedene Zubeh\u00f6rteile werden verwendet, um mit unterschiedlichen geologischen Arbeitsbedingungen umzugehen. Wenn Sie spezielles Zubeh\u00f6r ben\u00f6tigen, wenden Sie sich bitte an den Kundenservice, und wir empfehlen Ihnen das passendste Zubeh\u00f6r entsprechend Ihrer aktuellen Situation.<\/p>","protected":false},"excerpt":{"rendered":"<p>360\u00b0 Lochstanzen<br \/>\nDTH-Drill-Fast-Footage<br \/>\nRealisieren Sie eine multifunktionale Maschine<\/p>","protected":false},"featured_media":6505,"comment_status":"open","ping_status":"closed","template":"","meta":{"_acf_changed":false,"_eb_attr":""},"product_brand":[],"product_cat":[30,40],"product_tag":[],"class_list":{"0":"post-6504","1":"product","2":"type-product","3":"status-publish","4":"has-post-thumbnail","6":"product_cat-all-products","7":"product_cat-accessories","9":"first","10":"instock","11":"shipping-taxable","12":"product-type-simple"},"acf":[],"jetpack_sharing_enabled":true,"_links":{"self":[{"href":"https:\/\/aa7.sk\/de\/wp-json\/wp\/v2\/product\/6504","targetHints":{"allow":["GET"]}}],"collection":[{"href":"https:\/\/aa7.sk\/de\/wp-json\/wp\/v2\/product"}],"about":[{"href":"https:\/\/aa7.sk\/de\/wp-json\/wp\/v2\/types\/product"}],"replies":[{"embeddable":true,"href":"https:\/\/aa7.sk\/de\/wp-json\/wp\/v2\/comments?post=6504"}],"wp:featuredmedia":[{"embeddable":true,"href":"https:\/\/aa7.sk\/de\/wp-json\/wp\/v2\/media\/6505"}],"wp:attachment":[{"href":"https:\/\/aa7.sk\/de\/wp-json\/wp\/v2\/media?parent=6504"}],"wp:term":[{"taxonomy":"product_brand","embeddable":true,"href":"https:\/\/aa7.sk\/de\/wp-json\/wp\/v2\/product_brand?post=6504"},{"taxonomy":"product_cat","embeddable":true,"href":"https:\/\/aa7.sk\/de\/wp-json\/wp\/v2\/product_cat?post=6504"},{"taxonomy":"product_tag","embeddable":true,"href":"https:\/\/aa7.sk\/de\/wp-json\/wp\/v2\/product_tag?post=6504"}],"curies":[{"name":"wp","href":"https:\/\/api.w.org\/{rel}","templated":true}]}}