{"id":6620,"date":"2026-04-21T15:15:13","date_gmt":"2026-04-21T13:15:13","guid":{"rendered":"https:\/\/aa7.sk\/?post_type=product&#038;p=6620"},"modified":"2026-04-21T15:15:14","modified_gmt":"2026-04-21T13:15:14","slug":"hw-t460-nakladac-so-smykovym-riadenim","status":"publish","type":"product","link":"https:\/\/aa7.sk\/de\/product\/hw-t460-nakladac-so-smykovym-riadenim\/","title":{"rendered":"HW-T460 Kompaktlader"},"content":{"rendered":"<p>Engine brand: Koop 292F EURO V<br \/>\nRated power: 18KW<br \/>\nCalibrated speed\/rpm :3000<br \/>\nCylinders: 2<br \/>\nIntake mode: Natural<br \/>\nDisplacement: 639cc<br \/>\nRated load: 300Kg<br \/>\nMaximum load: 400Kg<br \/>\nMaximum breakout force: 450KN<br \/>\nOperating quality: 1200Kg<\/p>","protected":false},"excerpt":{"rendered":"<p>univerz\u00e1lny p\u00e1sov\u00fd naklada\u010d s mo\u017enos\u0165ou objednania pr\u00edslu\u0161enstva<\/p>","protected":false},"featured_media":6621,"comment_status":"open","ping_status":"closed","template":"","meta":{"_acf_changed":false,"_eb_attr":""},"product_brand":[],"product_cat":[43],"product_tag":[],"class_list":{"0":"post-6620","1":"product","2":"type-product","3":"status-publish","4":"has-post-thumbnail","6":"product_cat-skladom","8":"first","9":"instock","10":"sale","11":"shipping-taxable","12":"purchasable","13":"product-type-simple"},"acf":[],"jetpack_sharing_enabled":true,"_links":{"self":[{"href":"https:\/\/aa7.sk\/de\/wp-json\/wp\/v2\/product\/6620","targetHints":{"allow":["GET"]}}],"collection":[{"href":"https:\/\/aa7.sk\/de\/wp-json\/wp\/v2\/product"}],"about":[{"href":"https:\/\/aa7.sk\/de\/wp-json\/wp\/v2\/types\/product"}],"replies":[{"embeddable":true,"href":"https:\/\/aa7.sk\/de\/wp-json\/wp\/v2\/comments?post=6620"}],"wp:featuredmedia":[{"embeddable":true,"href":"https:\/\/aa7.sk\/de\/wp-json\/wp\/v2\/media\/6621"}],"wp:attachment":[{"href":"https:\/\/aa7.sk\/de\/wp-json\/wp\/v2\/media?parent=6620"}],"wp:term":[{"taxonomy":"product_brand","embeddable":true,"href":"https:\/\/aa7.sk\/de\/wp-json\/wp\/v2\/product_brand?post=6620"},{"taxonomy":"product_cat","embeddable":true,"href":"https:\/\/aa7.sk\/de\/wp-json\/wp\/v2\/product_cat?post=6620"},{"taxonomy":"product_tag","embeddable":true,"href":"https:\/\/aa7.sk\/de\/wp-json\/wp\/v2\/product_tag?post=6620"}],"curies":[{"name":"wp","href":"https:\/\/api.w.org\/{rel}","templated":true}]}}