{"id":164,"date":"2021-03-10T12:04:39","date_gmt":"2021-03-10T11:04:39","guid":{"rendered":"http:\/\/aa7.sk.d.r1.wbsprt.com\/?page_id=164"},"modified":"2026-04-14T18:40:42","modified_gmt":"2026-04-14T16:40:42","slug":"kontakt","status":"publish","type":"page","link":"https:\/\/aa7.sk\/en\/contact\/","title":{"rendered":"Contact"},"content":{"rendered":"<div data-elementor-type=\"wp-page\" data-elementor-id=\"164\" class=\"elementor elementor-164\" data-elementor-post-type=\"page\">\n\t\t\t\t\t\t<section class=\"elementor-section elementor-top-section elementor-element elementor-element-b42131f elementor-section-stretched elementor-section-full_width elementor-section-height-default elementor-section-height-default parallax_section_no qode_elementor_container_no\" data-id=\"b42131f\" data-element_type=\"section\" data-settings=\"{&quot;stretch_section&quot;:&quot;section-stretched&quot;,&quot;background_background&quot;:&quot;classic&quot;}\">\n\t\t\t\t\t\t\t<div class=\"elementor-background-overlay\"><\/div>\n\t\t\t\t\t\t\t<div class=\"elementor-container elementor-column-gap-default\">\n\t\t\t\t\t<div class=\"elementor-column elementor-col-100 elementor-top-column elementor-element elementor-element-8ebfb28\" data-id=\"8ebfb28\" data-element_type=\"column\">\n\t\t\t<div class=\"elementor-widget-wrap elementor-element-populated\">\n\t\t\t\t\t\t<div class=\"elementor-element elementor-element-fc82798 elementor-widget elementor-widget-heading\" data-id=\"fc82798\" data-element_type=\"widget\" data-widget_type=\"heading.default\">\n\t\t\t\t<div class=\"elementor-widget-container\">\n\t\t\t\t\t<h2 class=\"elementor-heading-title elementor-size-default\">Contact<\/h2>\t\t\t\t<\/div>\n\t\t\t\t<\/div>\n\t\t\t\t<div class=\"elementor-element elementor-element-c7000d6 elementor-widget-divider--view-line elementor-widget elementor-widget-divider\" data-id=\"c7000d6\" data-element_type=\"widget\" data-widget_type=\"divider.default\">\n\t\t\t\t<div class=\"elementor-widget-container\">\n\t\t\t\t\t\t\t<div class=\"elementor-divider\">\n\t\t\t<span class=\"elementor-divider-separator\">\n\t\t\t\t\t\t<\/span>\n\t\t<\/div>\n\t\t\t\t\t\t<\/div>\n\t\t\t\t<\/div>\n\t\t\t\t\t<\/div>\n\t\t<\/div>\n\t\t\t\t\t<\/div>\n\t\t<\/section>\n\t\t\t\t<section class=\"elementor-section elementor-top-section elementor-element elementor-element-d937b94 elementor-section-stretched elementor-section-boxed elementor-section-height-default elementor-section-height-default parallax_section_no qode_elementor_container_no\" data-id=\"d937b94\" data-element_type=\"section\" data-settings=\"{&quot;stretch_section&quot;:&quot;section-stretched&quot;}\">\n\t\t\t\t\t\t<div class=\"elementor-container elementor-column-gap-default\">\n\t\t\t\t\t<div class=\"elementor-column elementor-col-50 elementor-top-column elementor-element elementor-element-8fb7ffb\" data-id=\"8fb7ffb\" data-element_type=\"column\">\n\t\t\t<div class=\"elementor-widget-wrap elementor-element-populated\">\n\t\t\t\t\t\t<div class=\"elementor-element elementor-element-3d4edb5 elementor-widget elementor-widget-heading\" data-id=\"3d4edb5\" data-element_type=\"widget\" data-widget_type=\"heading.default\">\n\t\t\t\t<div class=\"elementor-widget-container\">\n\t\t\t\t\t<h2 class=\"elementor-heading-title elementor-size-default\">Send us message <\/h2>\t\t\t\t<\/div>\n\t\t\t\t<\/div>\n\t\t\t\t<div class=\"elementor-element elementor-element-4784082 eael-contact-form-7-button-align-left eael-contact-form-7-button-custom elementor-widget elementor-widget-eael-contact-form-7\" data-id=\"4784082\" data-element_type=\"widget\" data-widget_type=\"eael-contact-form-7.default\">\n\t\t\t\t<div class=\"elementor-widget-container\">\n\t\t\t\t\t<div class=\"eael-contact-form-7-wrapper\">\n                <div class=\"eael-contact-form eael-contact-form-7 eael-contact-form-4784082 placeholder-show eael-contact-form-align-default\">\n<div class=\"wpcf7 no-js\" id=\"wpcf7-f9-o1\" lang=\"sk-SK\" dir=\"ltr\">\n<div class=\"screen-reader-response\"><p role=\"status\" aria-live=\"polite\" aria-atomic=\"true\"><\/p> <ul><\/ul><\/div>\n<form action=\"\/en\/wp-json\/wp\/v2\/pages\/164#wpcf7-f9-o1\" method=\"post\" class=\"wpcf7-form init\" aria-label=\"Kontaktn\u00fd formul\u00e1r\" novalidate=\"novalidate\" data-status=\"init\" data-trp-original-action=\"\/en\/wp-json\/wp\/v2\/pages\/164#wpcf7-f9-o1\">\n<div style=\"display: none;\">\n<input type=\"hidden\" name=\"_wpcf7\" value=\"9\" \/>\n<input type=\"hidden\" name=\"_wpcf7_version\" value=\"5.8.4\" \/>\n<input type=\"hidden\" name=\"_wpcf7_locale\" value=\"sk_SK\" \/>\n<input type=\"hidden\" name=\"_wpcf7_unit_tag\" value=\"wpcf7-f9-o1\" \/>\n<input type=\"hidden\" name=\"_wpcf7_container_post\" value=\"0\" \/>\n<input type=\"hidden\" name=\"_wpcf7_posted_data_hash\" value=\"\" \/>\n<\/div>\n<div class=\"contact-form\">\n\t<p><span class=\"wpcf7-form-control-wrap\" data-name=\"your-name\"><input size=\"40\" class=\"wpcf7-form-control wpcf7-text wpcf7-validates-as-required\" aria-required=\"true\" aria-invalid=\"false\" placeholder=\"Name\" value=\"\" type=\"text\" name=\"your-name\" \/><\/span><span class=\"wpcf7-form-control-wrap\" data-name=\"your-surname\"><input size=\"40\" class=\"wpcf7-form-control wpcf7-text wpcf7-validates-as-required\" aria-required=\"true\" aria-invalid=\"false\" placeholder=\"Surname\" value=\"\" type=\"text\" name=\"your-surname\" \/><\/span>\n\t<\/p>\n\t<p><span class=\"wpcf7-form-control-wrap\" data-name=\"your-email\"><input size=\"40\" class=\"wpcf7-form-control wpcf7-text wpcf7-validates-as-required\" aria-required=\"true\" aria-invalid=\"false\" placeholder=\"Email\" value=\"\" type=\"text\" name=\"your-email\" \/><\/span><br \/>\n<span class=\"wpcf7-form-control-wrap\" data-name=\"your-phone\"><input size=\"40\" class=\"wpcf7-form-control wpcf7-tel wpcf7-validates-as-required wpcf7-text wpcf7-validates-as-tel\" aria-required=\"true\" aria-invalid=\"false\" value=\"+421\" type=\"tel\" name=\"your-phone\" \/><\/span><br \/>\n<span class=\"wpcf7-form-control-wrap\" data-name=\"your-message\"><textarea cols=\"40\" rows=\"10\" class=\"wpcf7-form-control wpcf7-textarea wpcf7-validates-as-required your-message\" aria-required=\"true\" aria-invalid=\"false\" placeholder=\"Your message\" name=\"your-message\"><\/textarea><\/span>\n\t<\/p>\n\t<div class=\"contact-form-submit\">\n\t\t<div>\n\t\t\t<p><span class=\"wpcf7-captchaw\"><input type=\"hidden\" name=\"_wpcf7_captcha_challenge_captcha-1\" value=\"4182630233\" \/><img decoding=\"async\" class=\"wpcf7-form-control wpcf7-captchac wpcf7-captcha-captcha-1\" width=\"84\" height=\"28\" alt=\"captcha\" src=\"https:\/\/aa7.sk\/wp-content\/uploads\/wpcf7_captcha\/4182630233.png\" \/><\/span><span class=\"wpcf7-form-control-wrap\" data-name=\"captcha-1\"><input size=\"40\" class=\"wpcf7-form-control wpcf7-captchar\" autocomplete=\"off\" aria-invalid=\"false\" value=\"\" type=\"text\" name=\"captcha-1\" \/><\/span>\n\t\t\t<\/p>\n\t\t<\/div>\n\t\t<p><input class=\"wpcf7-form-control wpcf7-submit has-spinner odoslat\" type=\"submit\" value=\"Send\" \/>\n\t\t<\/p>\n\t<\/div>\n<\/div><div class=\"wpcf7-response-output\" aria-hidden=\"true\"><\/div>\n<input type=\"hidden\" name=\"trp-form-language\" value=\"en\"\/><\/form>\n<\/div>\n<\/div>\n            <\/div>\t\t\t\t<\/div>\n\t\t\t\t<\/div>\n\t\t\t\t\t<\/div>\n\t\t<\/div>\n\t\t\t\t<div class=\"elementor-column elementor-col-50 elementor-top-column elementor-element elementor-element-e77ff65\" data-id=\"e77ff65\" data-element_type=\"column\">\n\t\t\t<div class=\"elementor-widget-wrap elementor-element-populated\">\n\t\t\t\t\t\t<div class=\"elementor-element elementor-element-f7665b8 elementor-widget elementor-widget-heading\" data-id=\"f7665b8\" data-element_type=\"widget\" data-widget_type=\"heading.default\">\n\t\t\t\t<div class=\"elementor-widget-container\">\n\t\t\t\t\t<h2 class=\"elementor-heading-title elementor-size-default\">Contact<\/h2>\t\t\t\t<\/div>\n\t\t\t\t<\/div>\n\t\t\t\t<div class=\"elementor-element elementor-element-d23bf5e elementor-widget elementor-widget-html\" data-id=\"d23bf5e\" data-element_type=\"widget\" data-widget_type=\"html.default\">\n\t\t\t\t<div class=\"elementor-widget-container\">\n\t\t\t\t\t<p style=\"color:black\" class=\"footer_top_contact email\">\n\t<i class=\"qode_icon_font_awesome fa fa-user qode_iwt_icon_element\"><\/i>\n\t<a style=\"color:black\" >Ing. J\u00e1n Kamensk\u00fd - executive manager<\/a><\/p>\n<p style=\"color:black\" class=\"footer_top_contact email\">\n\t<i class=\"qode_icon_font_awesome fa fa-envelope qode_iwt_icon_element\"><\/i>\n\t<a style=\"color:black\" href=\"mailto:aa7@aa7.sk\" title=\"Send us message\">aa7@aa7.sk<\/a><\/p>\n<p style=\"color:black\" class=\"footer_top_contact phone\">\n\t<i class=\"qode_icon_font_awesome fa fa-phone qode_iwt_icon_element\"><\/i>\n\t<a style=\"color:black\"  title=\"Send us message\">+421 903 809 891<\/a><\/p>\n\t\t\t\t<\/div>\n\t\t\t\t<\/div>\n\t\t\t\t<div class=\"elementor-element elementor-element-38abb19 elementor-widget elementor-widget-heading\" data-id=\"38abb19\" data-element_type=\"widget\" data-widget_type=\"heading.default\">\n\t\t\t\t<div class=\"elementor-widget-container\">\n\t\t\t\t\t<h2 class=\"elementor-heading-title elementor-size-default\">Address<\/h2>\t\t\t\t<\/div>\n\t\t\t\t<\/div>\n\t\t\t\t<div class=\"elementor-element elementor-element-75fb907 elementor-widget elementor-widget-html\" data-id=\"75fb907\" data-element_type=\"widget\" data-widget_type=\"html.default\">\n\t\t\t\t<div class=\"elementor-widget-container\">\n\t\t\t\t\t<p style=\"color:black\" class=\"footer_top_contact address\">\n\t<i class=\"qode_icon_font_awesome fa fa-home qode_iwt_icon_element\"><\/i>\n\tAA7, s.r.o.<br>\n\tBerl\u00ednska 1679\/5<br>\n\t010 08 \u017dilina\n<\/p>\n<p style=\"color:black\" class=\"footer_top_contact\">\n\tI\u010cO: 36832898<br>\n\tDI\u010c: 2022445502<br>\n\tI\u010cDPH: SK2022445502\n<\/p>\t\t\t\t<\/div>\n\t\t\t\t<\/div>\n\t\t\t\t\t<\/div>\n\t\t<\/div>\n\t\t\t\t\t<\/div>\n\t\t<\/section>\n\t\t\t\t<section class=\"elementor-section elementor-top-section elementor-element elementor-element-1b2bb1d elementor-section-stretched elementor-section-boxed elementor-section-height-default elementor-section-height-default parallax_section_no qode_elementor_container_no\" data-id=\"1b2bb1d\" data-element_type=\"section\" data-settings=\"{&quot;stretch_section&quot;:&quot;section-stretched&quot;,&quot;background_background&quot;:&quot;classic&quot;}\">\n\t\t\t\t\t\t<div class=\"elementor-container elementor-column-gap-default\">\n\t\t\t\t\t<div class=\"elementor-column elementor-col-100 elementor-top-column elementor-element elementor-element-0e581ff\" data-id=\"0e581ff\" data-element_type=\"column\">\n\t\t\t<div class=\"elementor-widget-wrap elementor-element-populated\">\n\t\t\t\t\t\t<div class=\"elementor-element elementor-element-0f5178a elementor-widget elementor-widget-heading\" data-id=\"0f5178a\" data-element_type=\"widget\" data-widget_type=\"heading.default\">\n\t\t\t\t<div class=\"elementor-widget-container\">\n\t\t\t\t\t<h2 class=\"elementor-heading-title elementor-size-default\">Service centers <\/h2>\t\t\t\t<\/div>\n\t\t\t\t<\/div>\n\t\t\t\t<section class=\"elementor-section elementor-inner-section elementor-element elementor-element-51d9788 elementor-section-boxed elementor-section-height-default elementor-section-height-default parallax_section_no qode_elementor_container_no\" data-id=\"51d9788\" data-element_type=\"section\">\n\t\t\t\t\t\t<div class=\"elementor-container elementor-column-gap-default\">\n\t\t\t\t\t<div class=\"elementor-column elementor-col-25 elementor-inner-column elementor-element elementor-element-04467e5\" data-id=\"04467e5\" data-element_type=\"column\">\n\t\t\t<div class=\"elementor-widget-wrap elementor-element-populated\">\n\t\t\t\t\t\t<div class=\"elementor-element elementor-element-202d7ac elementor-widget elementor-widget-heading\" data-id=\"202d7ac\" data-element_type=\"widget\" data-widget_type=\"heading.default\">\n\t\t\t\t<div class=\"elementor-widget-container\">\n\t\t\t\t\t<h2 class=\"elementor-heading-title elementor-size-default\">Bratislava<\/h2>\t\t\t\t<\/div>\n\t\t\t\t<\/div>\n\t\t\t\t<div class=\"elementor-element elementor-element-3a370e8 elementor-widget elementor-widget-html\" data-id=\"3a370e8\" data-element_type=\"widget\" data-widget_type=\"html.default\">\n\t\t\t\t<div class=\"elementor-widget-container\">\n\t\t\t\t\t<p style=\"color:black\" class=\"footer_top_contact email\">\n\t<i class=\"qode_icon_font_awesome fa fa-user qode_iwt_icon_element\"><\/i>\n\t<a style=\"color:black\" >J\u00e1n Kamensk\u00fd<\/a><\/p>\n<p style=\"color:black\" class=\"footer_top_contact email\">\n\t<i class=\"qode_icon_font_awesome fa fa-envelope qode_iwt_icon_element\"><\/i>\n\t<a style=\"color:black\" href=\"mailto:aa7@aa7.sk\" title=\"Send us message\">aa7@aa7.sk<\/a><\/p>\n<p style=\"color:black\" class=\"footer_top_contact phone\">\n\t<i class=\"qode_icon_font_awesome fa fa-phone qode_iwt_icon_element\"><\/i>\n\n\t<a style=\"color:black\"  title=\"Send us message\">+421 903 886 486<\/a><\/p>\n<p style=\"color:black\" class=\"footer_top_contact address\">\n\t<i class=\"qode_icon_font_awesome fa fa-home qode_iwt_icon_element\"><\/i>\n\nHabursk\u00e1 31<br>\n\t82101 Bratislava\n<\/p>\n\t\t\t\t<\/div>\n\t\t\t\t<\/div>\n\t\t\t\t\t<\/div>\n\t\t<\/div>\n\t\t\t\t<div class=\"elementor-column elementor-col-25 elementor-inner-column elementor-element elementor-element-1d1aa2f\" data-id=\"1d1aa2f\" data-element_type=\"column\">\n\t\t\t<div class=\"elementor-widget-wrap elementor-element-populated\">\n\t\t\t\t\t\t<div class=\"elementor-element elementor-element-3c73ea7 elementor-widget elementor-widget-heading\" data-id=\"3c73ea7\" data-element_type=\"widget\" data-widget_type=\"heading.default\">\n\t\t\t\t<div class=\"elementor-widget-container\">\n\t\t\t\t\t<h2 class=\"elementor-heading-title elementor-size-default\">Pre\u0161ov<\/h2>\t\t\t\t<\/div>\n\t\t\t\t<\/div>\n\t\t\t\t<div class=\"elementor-element elementor-element-ea57cde elementor-widget__width-initial elementor-widget elementor-widget-html\" data-id=\"ea57cde\" data-element_type=\"widget\" data-widget_type=\"html.default\">\n\t\t\t\t<div class=\"elementor-widget-container\">\n\t\t\t\t\t<p style=\"color:black\" class=\"footer_top_contact email\">\n\t<i class=\"qode_icon_font_awesome fa fa-user qode_iwt_icon_element\"><\/i>\n\t<a style=\"color:black\" >J\u00e1n Man\u00edk<\/a><\/p>\n<p style=\"color:black\" class=\"footer_top_contact email\">\n\t<i class=\"qode_icon_font_awesome fa fa-envelope qode_iwt_icon_element\"><\/i>\n\t<a style=\"color:black\" href=\"mailto:aa7@aa7.sk\" title=\"Send us message\">aa7@aa7.sk<\/a><\/p>\n<p style=\"color:black\" class=\"footer_top_contact phone\">\n\t<i class=\"qode_icon_font_awesome fa fa-phone qode_iwt_icon_element\"><\/i>\n\t<a style=\"color:black\"  title=\"Send us message\">+421 907 555 805<\/a><\/p>\n<p style=\"color:black\" class=\"footer_top_contact address\">\n\t<i class=\"qode_icon_font_awesome fa fa-home qode_iwt_icon_element\"><\/i>\n\nPod h\u00e1jom 10<br>\n\t08006 \u013dubotice\n<\/p>\n\t\t\t\t<\/div>\n\t\t\t\t<\/div>\n\t\t\t\t\t<\/div>\n\t\t<\/div>\n\t\t\t\t<div class=\"elementor-column elementor-col-25 elementor-inner-column elementor-element elementor-element-270051e\" data-id=\"270051e\" data-element_type=\"column\">\n\t\t\t<div class=\"elementor-widget-wrap elementor-element-populated\">\n\t\t\t\t\t\t<div class=\"elementor-element elementor-element-8ed3ce1 elementor-widget elementor-widget-heading\" data-id=\"8ed3ce1\" data-element_type=\"widget\" data-widget_type=\"heading.default\">\n\t\t\t\t<div class=\"elementor-widget-container\">\n\t\t\t\t\t<h2 class=\"elementor-heading-title elementor-size-default\">jaworzno (Katowice)<\/h2>\t\t\t\t<\/div>\n\t\t\t\t<\/div>\n\t\t\t\t<div class=\"elementor-element elementor-element-15449ed elementor-widget elementor-widget-html\" data-id=\"15449ed\" data-element_type=\"widget\" data-widget_type=\"html.default\">\n\t\t\t\t<div class=\"elementor-widget-container\">\n\t\t\t\t\t<p style=\"color:black\" class=\"footer_top_contact email\">\n\t<i class=\"qode_icon_font_awesome fa fa-user qode_iwt_icon_element\"><\/i>\n\t<a style=\"color:black\" >PHU Ryszard Adamski<\/a><\/p>\n<p style=\"color:black\" class=\"footer_top_contact email\">\n\t<i class=\"qode_icon_font_awesome fa fa-envelope qode_iwt_icon_element\"><\/i>\n\t<a style=\"color:black\" href=\"mailto:aa7@aa7.sk\" title=\"Send us message\">arja-jaworzno@wp.pl<\/a><\/p>\n<p style=\"color:black\" class=\"footer_top_contact phone\">\n\t<i class=\"qode_icon_font_awesome fa fa-phone qode_iwt_icon_element\"><\/i>\n\t<a style=\"color:black\"  title=\"Send us message\">+48506669600<\/a><\/p>\n<p style=\"color:black\" class=\"footer_top_contact address\">\n\t<i class=\"qode_icon_font_awesome fa fa-home qode_iwt_icon_element\"><\/i>\n\nul. Ci\u0119\u017ckowicka 54<br>\n\t43-600 Jaworzno\n<\/p>\n\t\t\t\t<\/div>\n\t\t\t\t<\/div>\n\t\t\t\t\t<\/div>\n\t\t<\/div>\n\t\t\t\t<div class=\"elementor-column elementor-col-25 elementor-inner-column elementor-element elementor-element-19df1f0\" data-id=\"19df1f0\" data-element_type=\"column\">\n\t\t\t<div class=\"elementor-widget-wrap elementor-element-populated\">\n\t\t\t\t\t\t<div class=\"elementor-element elementor-element-9978c5e elementor-widget__width-initial elementor-widget elementor-widget-heading\" data-id=\"9978c5e\" data-element_type=\"widget\" data-widget_type=\"heading.default\">\n\t\t\t\t<div class=\"elementor-widget-container\">\n\t\t\t\t\t<h2 class=\"elementor-heading-title elementor-size-default\">nowy tomy\u0161l (Pozna\u0148)<\/h2>\t\t\t\t<\/div>\n\t\t\t\t<\/div>\n\t\t\t\t<div class=\"elementor-element elementor-element-6ab6409 elementor-widget__width-initial elementor-widget elementor-widget-html\" data-id=\"6ab6409\" data-element_type=\"widget\" data-widget_type=\"html.default\">\n\t\t\t\t<div class=\"elementor-widget-container\">\n\t\t\t\t\t<p style=\"color:black\" class=\"footer_top_contact email\">\n\t<i class=\"qode_icon_font_awesome fa fa-user qode_iwt_icon_element\"><\/i>\n\t\n\t<a style=\"color:black\"\n\t>Sebastian J\u00f3rek<br>\n\tFirma Handlowo-Us\u0142ugowa\n\t<\/a><\/p>\n<p style=\"color:black\" class=\"footer_top_contact email\">\n\t<i class=\"qode_icon_font_awesome fa fa-envelope qode_iwt_icon_element\"><\/i>\n\t<a style=\"color:black\" href=\"mailto:aa7@aa7.sk\" title=\"Send us message\">sebajorek25@interia.pl<\/a><\/p>\n<p style=\"color:black\" class=\"footer_top_contact phone\">\n\t<i class=\"qode_icon_font_awesome fa fa-phone qode_iwt_icon_element\"><\/i>\n\t<a style=\"color:black\"  title=\"Send us message\">+48797368725<\/a><\/p>\n<p style=\"color:black\" class=\"footer_top_contact address\">\n\t<i class=\"qode_icon_font_awesome fa fa-home qode_iwt_icon_element\"><\/i>\n\nGLINNO 205A<br>\n\t64-300 Nowy Tomy\u015bl\n<\/p>\n\t\t\t\t<\/div>\n\t\t\t\t<\/div>\n\t\t\t\t\t<\/div>\n\t\t<\/div>\n\t\t\t\t\t<\/div>\n\t\t<\/section>\n\t\t\t\t\t<\/div>\n\t\t<\/div>\n\t\t\t\t\t<\/div>\n\t\t<\/section>\n\t\t\t\t<section class=\"elementor-section elementor-top-section elementor-element elementor-element-9f90cc4 elementor-section-full_width elementor-section-stretched elementor-section-height-default elementor-section-height-default parallax_section_no qode_elementor_container_no\" data-id=\"9f90cc4\" data-element_type=\"section\" data-settings=\"{&quot;stretch_section&quot;:&quot;section-stretched&quot;}\">\n\t\t\t\t\t\t<div class=\"elementor-container elementor-column-gap-default\">\n\t\t\t\t\t<div class=\"elementor-column elementor-col-100 elementor-top-column elementor-element elementor-element-183ad02\" data-id=\"183ad02\" data-element_type=\"column\">\n\t\t\t<div class=\"elementor-widget-wrap elementor-element-populated\">\n\t\t\t\t\t\t<div class=\"elementor-element elementor-element-e0c6aec elementor-widget elementor-widget-shortcode\" data-id=\"e0c6aec\" data-element_type=\"widget\" data-widget_type=\"shortcode.default\">\n\t\t\t\t<div class=\"elementor-widget-container\">\n\t\t\t\t\t\t\t<div class=\"elementor-shortcode\"><iframe src=\"https:\/\/www.google.com\/maps\/embed?pb=!1m18!1m12!1m3!1d752.8511030545382!2d18.767758045274586!3d49.21041195753425!2m3!1f0!2f0!3f0!3m2!1i1024!2i768!4f13.1!3m3!1m2!1s0x47145944d5764e19%3A0xd7b32af86999fc96!2zQmVybMOtbnNrYSAxNjc5LzUsIDAxMCAwOCDFvWlsaW5hLVZsxI1pbmNl!5e0!3m2!1ssk!2ssk!4v1615459853572!5m2!1ssk!2ssk\" width=\"600\" height=\"450\" style=\"border:0;\" allowfullscreen=\"\" loading=\"lazy\"><\/iframe><\/div>\n\t\t\t\t\t\t<\/div>\n\t\t\t\t<\/div>\n\t\t\t\t\t<\/div>\n\t\t<\/div>\n\t\t\t\t\t<\/div>\n\t\t<\/section>\n\t\t\t\t<\/div>","protected":false},"excerpt":{"rendered":"<p>kontaktujte n\u00e1s Nap\u00ed\u0161te n\u00e1m Kontakt Ing.J\u00e1n Kamensk\u00fd \u2013 konate\u013e aa7@aa7.sk +421 903 809 891 Adresa AA7, s.r.o. Berl\u00ednska 1679\/5 010 08 \u017dilina I\u010cO: 36832898 DI\u010c: 2022445502 I\u010cDPH: SK2022445502 Servisn\u00e9 stredisk\u00e1 Bratislava J\u00e1n Kamensk\u00fd aa7@aa7.sk +421 903 886 486 Habursk\u00e1 31 82101 Bratislava Pre\u0161ov J\u00e1n Man\u00edk&#8230;<\/p>","protected":false},"author":1,"featured_media":0,"parent":0,"menu_order":0,"comment_status":"closed","ping_status":"closed","template":"","meta":{"_acf_changed":false,"_eb_attr":"","footnotes":""},"class_list":["post-164","page","type-page","status-publish","hentry"],"acf":[],"jetpack_sharing_enabled":true,"_links":{"self":[{"href":"https:\/\/aa7.sk\/en\/wp-json\/wp\/v2\/pages\/164","targetHints":{"allow":["GET"]}}],"collection":[{"href":"https:\/\/aa7.sk\/en\/wp-json\/wp\/v2\/pages"}],"about":[{"href":"https:\/\/aa7.sk\/en\/wp-json\/wp\/v2\/types\/page"}],"author":[{"embeddable":true,"href":"https:\/\/aa7.sk\/en\/wp-json\/wp\/v2\/users\/1"}],"replies":[{"embeddable":true,"href":"https:\/\/aa7.sk\/en\/wp-json\/wp\/v2\/comments?post=164"}],"version-history":[{"count":19,"href":"https:\/\/aa7.sk\/en\/wp-json\/wp\/v2\/pages\/164\/revisions"}],"predecessor-version":[{"id":6604,"href":"https:\/\/aa7.sk\/en\/wp-json\/wp\/v2\/pages\/164\/revisions\/6604"}],"wp:attachment":[{"href":"https:\/\/aa7.sk\/en\/wp-json\/wp\/v2\/media?parent=164"}],"curies":[{"name":"wp","href":"https:\/\/api.w.org\/{rel}","templated":true}]}}