{"id":3966,"date":"2025-11-19T14:46:26","date_gmt":"2025-11-19T13:46:26","guid":{"rendered":"https:\/\/aa7.sk\/?post_type=product&#038;p=3966"},"modified":"2026-03-18T10:02:14","modified_gmt":"2026-03-18T09:02:14","slug":"hw08dh-bullzoder","status":"publish","type":"product","link":"https:\/\/aa7.sk\/en\/product\/hw08dh-bullzoder\/","title":{"rendered":"HW16DS Bullzoder"},"content":{"rendered":"<p><img fetchpriority=\"high\" decoding=\"async\" class=\"alignnone size-medium wp-image-5052 aligncenter\" src=\"https:\/\/aa7.sk\/wp-content\/uploads\/2025\/11\/Buldoz-300x200.jpg\" alt=\"\" width=\"300\" height=\"200\" srcset=\"https:\/\/aa7.sk\/wp-content\/uploads\/2025\/11\/Buldoz-300x200.jpg 300w, https:\/\/aa7.sk\/wp-content\/uploads\/2025\/11\/Buldoz-18x12.jpg 18w, https:\/\/aa7.sk\/wp-content\/uploads\/2025\/11\/Buldoz.jpg 600w\" sizes=\"(max-width: 300px) 100vw, 300px\" \/><br \/>\nThe HW16DS bulldozer provides the best support for your engineering projects with its excellent design and powerful performance. Whether you're facing rough terrain or swampy swamps, the HW16DS is up to the task.<\/p>\n<p><strong>Main feature:<\/strong><\/p>\n<p>1. Siln\u00fd v\u00fdkon: Vybaven\u00fd WD10G178E25 motorom s menovit\u00fdm v\u00fdkonom 131 kW a nomin\u00e1lnou r\u00fdchlos\u0165ou 1850 ot.\/min, ktor\u00fd poskytuje dostato\u010dn\u00fa podporu v\u00fdkonu na zabezpe\u010denie efekt\u00edvnej prev\u00e1dzky.<\/p>\n<p>2. Vysok\u00e1 priejazdnos\u0165: Minim\u00e1lna svetl\u00e1 v\u00fd\u0161ka 495 mm umo\u017e\u0148uje buldoz\u00e9ru vo\u013ene sa pohybova\u0165 v n\u00e1ro\u010dnom ter\u00e9ne a vyhn\u00fa\u0165 sa kol\u00edzi\u00e1m podvozku.<\/p>\n<p>3. Flexibiln\u00e1 prev\u00e1dzka: Minim\u00e1lny polomer ot\u00e1\u010dania je len 4616 mm, \u010do umo\u017e\u0148uje HW16DS pracova\u0165 flexibilne v \u00fazkych priestoroch a v\u00fdrazne zvy\u0161uje efektivitu v\u00fdstavby.<\/p>\n<p>4. Minimalizova\u0165 uzemnen\u00fd tlak a prisp\u00f4sobi\u0165 sa r\u00f4znym ter\u00e9nom<\/p>\n<p>During the construction process, the diversity of terrain places higher demands on the adaptability of bulldozers. The ground pressure of the HW16DS bulldozer is only 27 kPa, which is much lower than many similar products. This feature makes it an obvious advantage when constructing on soft ground or swampy land, and it is not easy to get stuck in the mud, ensuring the smooth progress of the project.<\/p>\n<p><strong>Why choose HW16DS bulldozer?<\/strong><\/p>\n<p>The HW16DS bulldozer combines strong power, excellent terrain adaptability and efficient operating performance, making it the best choice for various engineering projects. Whether it is road construction, earthworks or mining operations, HW16DS can provide the best solution to help you complete the task smoothly.<\/p>\n<p>Choose the HW16DS bulldozer today to make your construction projects more efficient and reliable. Contact us for more details and to get professional support and services. Choose HW16DS to improve construction efficiency and achieve project goals!<\/p>","protected":false},"excerpt":{"rendered":"<p>Rated Power: 131kw\/1850rpm<br \/>\nOperating Weight: 18000kg<br \/>\nEngine Model: WD10G178E25<\/p>","protected":false},"featured_media":5056,"comment_status":"open","ping_status":"closed","template":"","meta":{"_acf_changed":false,"_eb_attr":""},"product_brand":[],"product_cat":[30],"product_tag":[],"class_list":{"0":"post-3966","1":"product","2":"type-product","3":"status-publish","4":"has-post-thumbnail","6":"product_cat-all-products","8":"first","9":"instock","10":"shipping-taxable","11":"product-type-simple"},"acf":[],"jetpack_sharing_enabled":true,"_links":{"self":[{"href":"https:\/\/aa7.sk\/en\/wp-json\/wp\/v2\/product\/3966","targetHints":{"allow":["GET"]}}],"collection":[{"href":"https:\/\/aa7.sk\/en\/wp-json\/wp\/v2\/product"}],"about":[{"href":"https:\/\/aa7.sk\/en\/wp-json\/wp\/v2\/types\/product"}],"replies":[{"embeddable":true,"href":"https:\/\/aa7.sk\/en\/wp-json\/wp\/v2\/comments?post=3966"}],"wp:featuredmedia":[{"embeddable":true,"href":"https:\/\/aa7.sk\/en\/wp-json\/wp\/v2\/media\/5056"}],"wp:attachment":[{"href":"https:\/\/aa7.sk\/en\/wp-json\/wp\/v2\/media?parent=3966"}],"wp:term":[{"taxonomy":"product_brand","embeddable":true,"href":"https:\/\/aa7.sk\/en\/wp-json\/wp\/v2\/product_brand?post=3966"},{"taxonomy":"product_cat","embeddable":true,"href":"https:\/\/aa7.sk\/en\/wp-json\/wp\/v2\/product_cat?post=3966"},{"taxonomy":"product_tag","embeddable":true,"href":"https:\/\/aa7.sk\/en\/wp-json\/wp\/v2\/product_tag?post=3966"}],"curies":[{"name":"wp","href":"https:\/\/api.w.org\/{rel}","templated":true}]}}