{"id":3967,"date":"2025-11-19T13:56:11","date_gmt":"2025-11-19T12:56:11","guid":{"rendered":"https:\/\/aa7.sk\/?post_type=product&#038;p=3967"},"modified":"2026-03-18T10:03:14","modified_gmt":"2026-03-18T09:03:14","slug":"hw-crawler-excavator","status":"publish","type":"product","link":"https:\/\/aa7.sk\/en\/product\/hw-crawler-excavator\/","title":{"rendered":"HW13 Bullzoder"},"content":{"rendered":"<p><strong>Working Adaptability<\/strong><\/p>\n<ul>\n<li>Our self-developed, well-established product chassis system is suitable for a wide range of challenging working conditions, offering exceptional stability and reliability.<\/li>\n<li>Produkt sa m\u00f4\u017ee pochv\u00e1li\u0165 dlhou d\u013a\u017ekou ter\u00e9nu, vysokou svetlou svetlou, spo\u013eahlivou jazdou a vynikaj\u00facou man\u00e9vrovate\u013enos\u0165ou.<\/li>\n<li>Depending on the specific working conditions, the equipment can be fitted with an environmental sanitation blade, ripper, or universal blade, ensuring optimal adaptability for different tasks. Additionally, optional LED working lamps enhance visibility during nighttime operations, thus increasing safety and reliability.<\/li>\n<\/ul>\n<p><img fetchpriority=\"high\" decoding=\"async\" class=\"alignnone size-medium wp-image-5049 aligncenter\" src=\"https:\/\/aa7.sk\/wp-content\/uploads\/2025\/11\/buldozer-206x300.jpg\" alt=\"\" width=\"206\" height=\"300\" srcset=\"https:\/\/aa7.sk\/wp-content\/uploads\/2025\/11\/buldozer-206x300.jpg 206w, https:\/\/aa7.sk\/wp-content\/uploads\/2025\/11\/buldozer-704x1024.jpg 704w, https:\/\/aa7.sk\/wp-content\/uploads\/2025\/11\/buldozer-8x12.jpg 8w, https:\/\/aa7.sk\/wp-content\/uploads\/2025\/11\/buldozer-700x1018.jpg 700w, https:\/\/aa7.sk\/wp-content\/uploads\/2025\/11\/buldozer-600x873.jpg 600w, https:\/\/aa7.sk\/wp-content\/uploads\/2025\/11\/buldozer.jpg 750w\" sizes=\"(max-width: 206px) 100vw, 206px\" \/><\/p>\n<p><img decoding=\"async\" class=\"alignnone size-medium wp-image-5047 aligncenter\" src=\"https:\/\/aa7.sk\/wp-content\/uploads\/2025\/11\/buldoze-300x291.jpg\" alt=\"\" width=\"300\" height=\"291\" srcset=\"https:\/\/aa7.sk\/wp-content\/uploads\/2025\/11\/buldoze-300x291.jpg 300w, https:\/\/aa7.sk\/wp-content\/uploads\/2025\/11\/buldoze-12x12.jpg 12w, https:\/\/aa7.sk\/wp-content\/uploads\/2025\/11\/buldoze-700x679.jpg 700w, https:\/\/aa7.sk\/wp-content\/uploads\/2025\/11\/buldoze-600x582.jpg 600w, https:\/\/aa7.sk\/wp-content\/uploads\/2025\/11\/buldoze.jpg 750w\" sizes=\"(max-width: 300px) 100vw, 300px\" \/><\/p>","protected":false},"excerpt":{"rendered":"<p>Menovit\u00fd v\u00fdkon: 105 kW\/1900 ot.\/min.<br \/>\nOperation weight: 13.700 kg<br \/>\nEngine Model:SC8D143G2B1\/SC8DK<\/p>","protected":false},"featured_media":3898,"comment_status":"open","ping_status":"closed","template":"","meta":{"_acf_changed":false,"_eb_attr":""},"product_brand":[],"product_cat":[30],"product_tag":[],"class_list":{"0":"post-3967","1":"product","2":"type-product","3":"status-publish","4":"has-post-thumbnail","6":"product_cat-all-products","8":"first","9":"instock","10":"shipping-taxable","11":"product-type-simple"},"acf":[],"jetpack_sharing_enabled":true,"_links":{"self":[{"href":"https:\/\/aa7.sk\/en\/wp-json\/wp\/v2\/product\/3967","targetHints":{"allow":["GET"]}}],"collection":[{"href":"https:\/\/aa7.sk\/en\/wp-json\/wp\/v2\/product"}],"about":[{"href":"https:\/\/aa7.sk\/en\/wp-json\/wp\/v2\/types\/product"}],"replies":[{"embeddable":true,"href":"https:\/\/aa7.sk\/en\/wp-json\/wp\/v2\/comments?post=3967"}],"wp:featuredmedia":[{"embeddable":true,"href":"https:\/\/aa7.sk\/en\/wp-json\/wp\/v2\/media\/3898"}],"wp:attachment":[{"href":"https:\/\/aa7.sk\/en\/wp-json\/wp\/v2\/media?parent=3967"}],"wp:term":[{"taxonomy":"product_brand","embeddable":true,"href":"https:\/\/aa7.sk\/en\/wp-json\/wp\/v2\/product_brand?post=3967"},{"taxonomy":"product_cat","embeddable":true,"href":"https:\/\/aa7.sk\/en\/wp-json\/wp\/v2\/product_cat?post=3967"},{"taxonomy":"product_tag","embeddable":true,"href":"https:\/\/aa7.sk\/en\/wp-json\/wp\/v2\/product_tag?post=3967"}],"curies":[{"name":"wp","href":"https:\/\/api.w.org\/{rel}","templated":true}]}}