{"id":5620,"date":"2026-03-13T11:31:56","date_gmt":"2026-03-13T10:31:56","guid":{"rendered":"https:\/\/aa7.sk\/?post_type=product&#038;p=5620"},"modified":"2026-03-20T09:09:20","modified_gmt":"2026-03-20T08:09:20","slug":"zl928-kolesovy-nakladac","status":"publish","type":"product","link":"https:\/\/aa7.sk\/en\/product\/zl928-kolesovy-nakladac\/","title":{"rendered":"ZL928 Wheel Loader"},"content":{"rendered":"<p>ZL928 are heavy machinery widely used in infrastructure construction such as construction, mining, roads, and railways.<\/p>\n<p>Pou\u017e\u00edvaj\u00fa sa najm\u00e4 na nakladanie, manipul\u00e1ciu a stohovanie r\u00f4znych sypk\u00fdch materi\u00e1lov (ako je zemina, piesok, \u0161trk, uhlie at\u010f.) a niekedy m\u00f4\u017eu vykon\u00e1va\u0165 aj \u013eahk\u00e9 v\u00fdkopov\u00e9<br \/>\npr\u00e1ce.<\/p>\n<p><\/p>\n<p><strong>Versatility:<\/strong><\/p>\n<p>Modern loaders are usually equipped with quickly replaceable working devices such as buckets, forks, grabs, etc. to adapt to different operating needs.<\/p>\n<p><\/p>\n<div style=\"margin-bottom: 25px !important;\">\n        <b style=\"font-size: 16px !important; display: block; margin-bottom: 10px !important;\">Product Advantages<\/b><br \/>\n<\/p>\n<div style=\"margin-bottom: 10px !important;\">\n            <strong>Performance and efficiency:<\/strong><\/p>\n<div style=\"padding-left: 20px !important;\">\n                Strong lifting power, high-position unloading, automatic leveling, short working device action time, and improved overall machine efficiency.\n            <\/div>\n<\/p><\/div>\n<div style=\"margin-bottom: 10px !important;\">\n            <strong>Brake system<\/strong><\/p>\n<div style=\"padding-left: 20px !important;\">\n                Gas-top-oil power-assisted braking system, caliper disc brake.\n            <\/div>\n<\/p><\/div>\n<div style=\"margin-bottom: 10px !important;\">\n            <strong>Torque converter:<\/strong><\/p>\n<div style=\"padding-left: 20px !important;\">\n                Split torque converter, not easy to heat, easy maintenance.\n            <\/div>\n<\/p><\/div>\n<div style=\"margin-bottom: 10px !important;\">\n            <strong>Frame construction and control:<\/strong><\/p>\n<div style=\"padding-left: 20px !important;\">\n                Forward-leaning front frame, long unloading distance, large lifting capacity. Electronic shutdown, automatic shutdown, no switch required.\n            <\/div>\n<\/p><\/div>\n<div style=\"margin-bottom: 10px !important;\">\n            <strong>Hydraulics and comfort:<\/strong><\/p>\n<div style=\"padding-left: 20px !important;\">\n                The pilot valve is hydraulically operated, and air conditioning is optional.\n            <\/div>\n<\/p><\/div>\n<\/p><\/div>\n<div style=\"margin-bottom: 10px !important;\">\n        <b style=\"font-size: 16px !important; display: block; margin-bottom: 10px !important;\">Company Strength<\/b><\/p>\n<div style=\"margin-bottom: 10px !important;\">\n            <strong>Comprehensive quality assurance:<\/strong><\/p>\n<div style=\"padding-left: 20px !important;\">\n                We provide a comprehensive one-year warranty and a six-month warranty for core components, and at the same time ensure transparent and reliable product quality through video shipment inspection and mechanical test reports.\n            <\/div>\n<\/p><\/div>\n<div style=\"margin-bottom: 10px !important;\">\n            <strong>Customized solutions:<\/strong><\/p>\n<div style=\"padding-left: 20px !important;\">\n                Provide customized services according to customer specific needs, including drawings and samples, to meet the special requirements of different users.\n            <\/div>\n<\/p><\/div>\n<div style=\"margin-bottom: 10px !important;\">\n            <strong>High-quality after-sales service:<\/strong><\/p>\n<div style=\"padding-left: 20px !important;\">\n                Provide fast-response technical support, including video guidance, online customer service, etc., and provide free accessories delivery services, greatly improving customer satisfaction.\n            <\/div>\n<\/p><\/div>\n<div style=\"margin-bottom: 10px !important;\">\n            <strong>Compliance with international standards:<\/strong><\/p>\n<div style=\"padding-left: 20px !important;\">\n                Hengwang products have passed a number of international quality certifications such as CE and ISO, ensuring that the products not only perform well in the domestic market, but are also competitive in the international market.\n            <\/div>\n<\/p><\/div>\n<\/p><\/div>\n<\/div>","protected":false},"excerpt":{"rendered":"<p><strong>Rated Load:<\/strong> 800Kg<\/p>\n<p><strong>Bucket Capacity:<\/strong> 0.3cbm<\/p>\n<p><strong>Rated Power:<\/strong> 42Kw<\/p>","protected":false},"featured_media":5621,"comment_status":"open","ping_status":"closed","template":"","meta":{"_acf_changed":false,"_eb_attr":""},"product_brand":[],"product_cat":[30,33,116],"product_tag":[],"class_list":{"0":"post-5620","1":"product","2":"type-product","3":"status-publish","4":"has-post-thumbnail","6":"product_cat-all-products","7":"product_cat-loader","8":"product_cat-kolesovy-nakladac","10":"first","11":"instock","12":"shipping-taxable","13":"product-type-simple"},"acf":[],"jetpack_sharing_enabled":true,"_links":{"self":[{"href":"https:\/\/aa7.sk\/en\/wp-json\/wp\/v2\/product\/5620","targetHints":{"allow":["GET"]}}],"collection":[{"href":"https:\/\/aa7.sk\/en\/wp-json\/wp\/v2\/product"}],"about":[{"href":"https:\/\/aa7.sk\/en\/wp-json\/wp\/v2\/types\/product"}],"replies":[{"embeddable":true,"href":"https:\/\/aa7.sk\/en\/wp-json\/wp\/v2\/comments?post=5620"}],"wp:featuredmedia":[{"embeddable":true,"href":"https:\/\/aa7.sk\/en\/wp-json\/wp\/v2\/media\/5621"}],"wp:attachment":[{"href":"https:\/\/aa7.sk\/en\/wp-json\/wp\/v2\/media?parent=5620"}],"wp:term":[{"taxonomy":"product_brand","embeddable":true,"href":"https:\/\/aa7.sk\/en\/wp-json\/wp\/v2\/product_brand?post=5620"},{"taxonomy":"product_cat","embeddable":true,"href":"https:\/\/aa7.sk\/en\/wp-json\/wp\/v2\/product_cat?post=5620"},{"taxonomy":"product_tag","embeddable":true,"href":"https:\/\/aa7.sk\/en\/wp-json\/wp\/v2\/product_tag?post=5620"}],"curies":[{"name":"wp","href":"https:\/\/api.w.org\/{rel}","templated":true}]}}