{"id":5729,"date":"2026-03-13T15:32:30","date_gmt":"2026-03-13T14:32:30","guid":{"rendered":"https:\/\/aa7.sk\/?post_type=product&#038;p=5729"},"modified":"2026-03-18T09:23:05","modified_gmt":"2026-03-18T08:23:05","slug":"hw3000-teleskopicky-nakladac","status":"publish","type":"product","link":"https:\/\/aa7.sk\/en\/product\/hw3000-teleskopicky-nakladac\/","title":{"rendered":"HW3000 Telescopic Loader"},"content":{"rendered":"<p> Teleskopick\u00fd naklada\u010d s ramenom m\u00e1 za \u00falohu premeni\u0165 dve ramen\u00e1 vysokozdvi\u017en\u00e9ho voz\u00edka do tvaru, ktor\u00fd sa d\u00e1 pred\u013a\u017ei\u0165.<\/p>\n<p>Ke\u010f je to potrebn\u00e9, rameno vysokozdvi\u017en\u00e9ho voz\u00edka sa vysunie, aby dokon\u010dilo pr\u00e1cu, ktor\u00fa p\u00f4vodn\u00e9 rameno vysokozdvi\u017en\u00e9ho voz\u00edka nedosiahne. Ke\u010f vysokozdvi\u017en\u00fd voz\u00edk nie je potrebn\u00fd, rameno sa zasunie na svoju norm\u00e1lnu d\u013a\u017eku, aby u\u013eah\u010dilo be\u017en\u00fa pr\u00e1cu a pou\u017e\u00edvanie.<\/p>\n<p>Je vhodn\u00fd pre r\u00f4zne lokality a odvetvia, nie pre pracovn\u00fa silu, a jeho kompaktnos\u0165 z neho rob\u00ed skuto\u010dn\u00e9ho partnera pre \u00fazke prev\u00e1dzky.<\/p>","protected":false},"excerpt":{"rendered":"<p><strong>Rated load:<\/strong> 3000 kg<\/p>\n<p><strong>Bucket Capacity:<\/strong> 1,5 m\u00b3<\/p>\n<p><strong>Rated Power:<\/strong> 85 kW<\/p>","protected":false},"featured_media":5730,"comment_status":"open","ping_status":"closed","template":"","meta":{"_acf_changed":false,"_eb_attr":""},"product_brand":[],"product_cat":[30,33,118],"product_tag":[],"class_list":{"0":"post-5729","1":"product","2":"type-product","3":"status-publish","4":"has-post-thumbnail","6":"product_cat-all-products","7":"product_cat-loader","8":"product_cat-teleskopicky-nabijac","10":"first","11":"instock","12":"shipping-taxable","13":"product-type-simple"},"acf":[],"jetpack_sharing_enabled":true,"_links":{"self":[{"href":"https:\/\/aa7.sk\/en\/wp-json\/wp\/v2\/product\/5729","targetHints":{"allow":["GET"]}}],"collection":[{"href":"https:\/\/aa7.sk\/en\/wp-json\/wp\/v2\/product"}],"about":[{"href":"https:\/\/aa7.sk\/en\/wp-json\/wp\/v2\/types\/product"}],"replies":[{"embeddable":true,"href":"https:\/\/aa7.sk\/en\/wp-json\/wp\/v2\/comments?post=5729"}],"wp:featuredmedia":[{"embeddable":true,"href":"https:\/\/aa7.sk\/en\/wp-json\/wp\/v2\/media\/5730"}],"wp:attachment":[{"href":"https:\/\/aa7.sk\/en\/wp-json\/wp\/v2\/media?parent=5729"}],"wp:term":[{"taxonomy":"product_brand","embeddable":true,"href":"https:\/\/aa7.sk\/en\/wp-json\/wp\/v2\/product_brand?post=5729"},{"taxonomy":"product_cat","embeddable":true,"href":"https:\/\/aa7.sk\/en\/wp-json\/wp\/v2\/product_cat?post=5729"},{"taxonomy":"product_tag","embeddable":true,"href":"https:\/\/aa7.sk\/en\/wp-json\/wp\/v2\/product_tag?post=5729"}],"curies":[{"name":"wp","href":"https:\/\/api.w.org\/{rel}","templated":true}]}}