{"id":5927,"date":"2026-03-15T16:07:10","date_gmt":"2026-03-15T15:07:10","guid":{"rendered":"https:\/\/aa7.sk\/?post_type=product&#038;p=5927"},"modified":"2026-03-20T10:11:02","modified_gmt":"2026-03-20T09:11:02","slug":"telehandlery-hwr1035","status":"publish","type":"product","link":"https:\/\/aa7.sk\/en\/product\/telehandlery-hwr1035\/","title":{"rendered":"Telehandlers HWR1035"},"content":{"rendered":"<p>Our telehandlers are designed to deliver superior performance in construction, mining, agriculture, logistics, and energy projects. With a robust structure, high lifting capacity, and extended reach, this equipment adapts to various terrain<\/p>\n<p><\/p>\n<div style=\"margin-bottom: 8px !important;\">\n            <strong>Strong load capacity:<\/strong><\/p>\n<div style=\"padding-left: 20px !important;\">\n                High load capacity for safely handling heavy materials.\n            <\/div>\n<\/p><\/div>\n<div style=\"margin-bottom: 8px !important;\">\n            <strong>Telescopic reach<\/strong><\/p>\n<div style=\"padding-left: 20px !important;\">\n                Extended telescopic reach for working at heights.\n            <\/div>\n<\/p><\/div>\n<div style=\"margin-bottom: 8px !important;\">\n            <strong>Off-road capabilities:<\/strong><\/p>\n<div style=\"padding-left: 20px !important;\">\n                Pohon 4&#215;4 a spevnen\u00fd podvozok, vhodn\u00fd pre v\u0161etky typy ter\u00e9nu.\n            <\/div>\n<\/p><\/div>\n<div style=\"margin-bottom: 8px !important;\">\n            <strong>Hydraulic system:<\/strong><\/p>\n<div style=\"padding-left: 20px !important;\">\n                Efficient hydraulic system with precise and smooth control.\n            <\/div>\n<\/p><\/div>\n<div style=\"margin-bottom: 8px !important;\">\n            <strong>Comfort and visibility:<\/strong><\/p>\n<div style=\"padding-left: 20px !important;\">\n                Ergonomic cab with excellent visibility and comfortable operation.\n            <\/div>\n<\/p><\/div>\n<div style=\"margin-bottom: 8px !important;\">\n            <strong>Engine efficiency:<\/strong><\/p>\n<div style=\"padding-left: 20px !important;\">\n                Fuel-efficient engines with easy maintenance.\n            <\/div>\n<\/p><\/div>\n<div style=\"margin-bottom: 10px !important;\">\n            <strong>Versatility:<\/strong><\/p>\n<div style=\"padding-left: 20px !important;\">\n                Compatibility with multiple attachments such as forks, buckets, grapples, and platforms.\n            <\/div>\n<\/p><\/div>\n<\/p><\/div>\n<\/div>","protected":false},"excerpt":{"rendered":"<p>Na\u0161e telehandlery s\u00fa navrhnut\u00e9 tak, aby poskytovali vynikaj\u00faci v\u00fdkon v stavebn\u00edctve, ban\u00edctve, po\u013enohospod\u00e1rstve, logistike a energetick\u00fdch projektoch. V\u010faka robustnej kon\u0161trukcii, vysokej nosnosti a roz\u0161\u00edren\u00e9mu dosahu sa toto zariadenie prisp\u00f4sobuje r\u00f4znym ter\u00e9nom a zabezpe\u010duje bezpe\u010dn\u00fa a efekt\u00edvnu prev\u00e1dzku. Vysok\u00e1 nosnos\u0165: Vysok\u00e1 nosnos\u0165 pre bezpe\u010dn\u00fa manipul\u00e1ciu s&#8230;<\/p>","protected":false},"featured_media":5928,"comment_status":"open","ping_status":"closed","template":"","meta":{"_acf_changed":false,"_eb_attr":""},"product_brand":[],"product_cat":[30,34,122],"product_tag":[],"class_list":{"0":"post-5927","1":"product","2":"type-product","3":"status-publish","4":"has-post-thumbnail","6":"product_cat-all-products","7":"product_cat-forklift","8":"product_cat-telehandlery","10":"first","11":"instock","12":"shipping-taxable","13":"product-type-simple"},"acf":[],"jetpack_sharing_enabled":true,"_links":{"self":[{"href":"https:\/\/aa7.sk\/en\/wp-json\/wp\/v2\/product\/5927","targetHints":{"allow":["GET"]}}],"collection":[{"href":"https:\/\/aa7.sk\/en\/wp-json\/wp\/v2\/product"}],"about":[{"href":"https:\/\/aa7.sk\/en\/wp-json\/wp\/v2\/types\/product"}],"replies":[{"embeddable":true,"href":"https:\/\/aa7.sk\/en\/wp-json\/wp\/v2\/comments?post=5927"}],"wp:featuredmedia":[{"embeddable":true,"href":"https:\/\/aa7.sk\/en\/wp-json\/wp\/v2\/media\/5928"}],"wp:attachment":[{"href":"https:\/\/aa7.sk\/en\/wp-json\/wp\/v2\/media?parent=5927"}],"wp:term":[{"taxonomy":"product_brand","embeddable":true,"href":"https:\/\/aa7.sk\/en\/wp-json\/wp\/v2\/product_brand?post=5927"},{"taxonomy":"product_cat","embeddable":true,"href":"https:\/\/aa7.sk\/en\/wp-json\/wp\/v2\/product_cat?post=5927"},{"taxonomy":"product_tag","embeddable":true,"href":"https:\/\/aa7.sk\/en\/wp-json\/wp\/v2\/product_tag?post=5927"}],"curies":[{"name":"wp","href":"https:\/\/api.w.org\/{rel}","templated":true}]}}