{"id":5997,"date":"2026-03-15T17:17:15","date_gmt":"2026-03-15T16:17:15","guid":{"rendered":"https:\/\/aa7.sk\/?post_type=product&#038;p=5997"},"modified":"2026-03-24T16:32:31","modified_gmt":"2026-03-24T15:32:31","slug":"hw-s600c-dvojity-drumovy-valec","status":"publish","type":"product","link":"https:\/\/aa7.sk\/en\/product\/hw-s600c-dvojity-drumovy-valec\/","title":{"rendered":"HW-S600C Double Drum Road Roller"},"content":{"rendered":"<ol>\n<li>Zariadenie poh\u00e1\u0148a motor zn\u00e1mej zna\u010dky, \u010do zaru\u010duje v\u00fdnimo\u010dn\u00fd v\u00fdkon.\/li>\n<li>It has a compact work radius, enabling operation in narrow spaces.<\/li>\n<li>With hydraulic vibration capabilities, it generates a significant exciting force.<\/li>\n<li>The equipment boasts an attractive design with sleek lines, as well as resistance to rust and corrosion.<\/li>\n<p><\/p>","protected":false},"excerpt":{"rendered":"<p><strong> Weight:<\/strong> 650 kg<\/p>\n<p><strong>Rated Power:<\/strong> 8 HP<\/p>\n<p><strong>Exciting force:<\/strong> 30Kn<\/p>","protected":false},"featured_media":5998,"comment_status":"open","ping_status":"closed","template":"","meta":{"_acf_changed":false,"_eb_attr":""},"product_brand":[],"product_cat":[30,36,123],"product_tag":[],"class_list":{"0":"post-5997","1":"product","2":"type-product","3":"status-publish","4":"has-post-thumbnail","6":"product_cat-all-products","7":"product_cat-road-machine","8":"product_cat-cestny-valec","10":"first","11":"instock","12":"shipping-taxable","13":"product-type-simple"},"acf":[],"jetpack_sharing_enabled":true,"_links":{"self":[{"href":"https:\/\/aa7.sk\/en\/wp-json\/wp\/v2\/product\/5997","targetHints":{"allow":["GET"]}}],"collection":[{"href":"https:\/\/aa7.sk\/en\/wp-json\/wp\/v2\/product"}],"about":[{"href":"https:\/\/aa7.sk\/en\/wp-json\/wp\/v2\/types\/product"}],"replies":[{"embeddable":true,"href":"https:\/\/aa7.sk\/en\/wp-json\/wp\/v2\/comments?post=5997"}],"wp:featuredmedia":[{"embeddable":true,"href":"https:\/\/aa7.sk\/en\/wp-json\/wp\/v2\/media\/5998"}],"wp:attachment":[{"href":"https:\/\/aa7.sk\/en\/wp-json\/wp\/v2\/media?parent=5997"}],"wp:term":[{"taxonomy":"product_brand","embeddable":true,"href":"https:\/\/aa7.sk\/en\/wp-json\/wp\/v2\/product_brand?post=5997"},{"taxonomy":"product_cat","embeddable":true,"href":"https:\/\/aa7.sk\/en\/wp-json\/wp\/v2\/product_cat?post=5997"},{"taxonomy":"product_tag","embeddable":true,"href":"https:\/\/aa7.sk\/en\/wp-json\/wp\/v2\/product_tag?post=5997"}],"curies":[{"name":"wp","href":"https:\/\/api.w.org\/{rel}","templated":true}]}}