{"id":6042,"date":"2026-03-15T17:48:53","date_gmt":"2026-03-15T16:48:53","guid":{"rendered":"https:\/\/aa7.sk\/?post_type=product&#038;p=6042"},"modified":"2026-03-23T17:56:48","modified_gmt":"2026-03-23T16:56:48","slug":"hw3t-dvojity-bubnovy-cestny-valec","status":"publish","type":"product","link":"https:\/\/aa7.sk\/en\/product\/hw3t-dvojity-bubnovy-cestny-valec\/","title":{"rendered":"HW3T Double Drum Road Roller"},"content":{"rendered":"<p>Mal\u00fd cestn\u00fd valec sa stal nevyhnutnou s\u00fa\u010das\u0165ou stroja v r\u00f4znych in\u017einierskych kon\u0161trukci\u00e1ch v\u010faka svojej v\u0161estrannosti, u\u017e\u00edvate\u013esky pr\u00edvetiv\u00e9mu ovl\u00e1daniu a v\u00fdznamn\u00fdm ekonomick\u00fdm v\u00fdhod\u00e1m.<\/p>\n<p>Ako presn\u00fd mechanick\u00fd produkt m\u00e1 men\u0161\u00ed polomer ot\u00e1\u010dania obrovsk\u00fd v\u00fdznam. Okrem toho hydraulick\u00e1 ch\u00f4dza umo\u017e\u0148uje plynul\u00fd pohyb a efekt\u00edvnu funkciu zastavenia.<\/p>\n<p><\/p>\n<p><strong>Product feature<\/strong><\/p>\n<ol>\n<li>Our road roller features a renowned brand engine, ensuring exceptional performance.<\/li>\n<li> With a compact work radius, it can efficiently operate in narrow spaces.<\/li>\n<li>Equipped with hydraulic vibration, it generates a substantial exciting force.<\/li>\n<li>Its elegant design boasts smooth lines and offers excellent resistance to rust and corrosion.<\/li>\n<p><\/p>","protected":false},"excerpt":{"rendered":"<p><strong> Weight:<\/strong> 3000 kg<\/p>\n<p><strong>Rated Power:<\/strong> 28 HP<\/p>\n<p><strong>Exciting force:<\/strong> 35Kn<\/p>","protected":false},"featured_media":6043,"comment_status":"open","ping_status":"closed","template":"","meta":{"_acf_changed":false,"_eb_attr":""},"product_brand":[],"product_cat":[30,36,123],"product_tag":[],"class_list":{"0":"post-6042","1":"product","2":"type-product","3":"status-publish","4":"has-post-thumbnail","6":"product_cat-all-products","7":"product_cat-road-machine","8":"product_cat-cestny-valec","10":"first","11":"instock","12":"shipping-taxable","13":"product-type-simple"},"acf":[],"jetpack_sharing_enabled":true,"_links":{"self":[{"href":"https:\/\/aa7.sk\/en\/wp-json\/wp\/v2\/product\/6042","targetHints":{"allow":["GET"]}}],"collection":[{"href":"https:\/\/aa7.sk\/en\/wp-json\/wp\/v2\/product"}],"about":[{"href":"https:\/\/aa7.sk\/en\/wp-json\/wp\/v2\/types\/product"}],"replies":[{"embeddable":true,"href":"https:\/\/aa7.sk\/en\/wp-json\/wp\/v2\/comments?post=6042"}],"wp:featuredmedia":[{"embeddable":true,"href":"https:\/\/aa7.sk\/en\/wp-json\/wp\/v2\/media\/6043"}],"wp:attachment":[{"href":"https:\/\/aa7.sk\/en\/wp-json\/wp\/v2\/media?parent=6042"}],"wp:term":[{"taxonomy":"product_brand","embeddable":true,"href":"https:\/\/aa7.sk\/en\/wp-json\/wp\/v2\/product_brand?post=6042"},{"taxonomy":"product_cat","embeddable":true,"href":"https:\/\/aa7.sk\/en\/wp-json\/wp\/v2\/product_cat?post=6042"},{"taxonomy":"product_tag","embeddable":true,"href":"https:\/\/aa7.sk\/en\/wp-json\/wp\/v2\/product_tag?post=6042"}],"curies":[{"name":"wp","href":"https:\/\/api.w.org\/{rel}","templated":true}]}}