{"id":6060,"date":"2026-03-15T19:41:13","date_gmt":"2026-03-15T18:41:13","guid":{"rendered":"https:\/\/aa7.sk\/?post_type=product&#038;p=6060"},"modified":"2026-03-25T15:49:31","modified_gmt":"2026-03-25T14:49:31","slug":"hw800sl-crawler-dumper-2","status":"publish","type":"product","link":"https:\/\/aa7.sk\/en\/product\/hw800sl-crawler-dumper-2\/","title":{"rendered":"HW800SL Crawler Dumper"},"content":{"rendered":"<div style=\"margin-bottom: 15px !important;\">\n        <strong>Engine options:<\/strong><\/p>\n<div style=\"padding-left: 20px !important;\">\n            P\u00e1sov\u00fd skl\u00e1pac\u00ed n\u00e1kladn\u00fd automobil HW800SL si m\u00f4\u017ee flexibilne vybra\u0165 dieselov\u00fd motor alebo elektromotor, \u010do umo\u017e\u0148uje pou\u017e\u00edvate\u013eom vybra\u0165 si najvhodnej\u0161\u00ed zdroj energie pod\u013ea svojich potrieb a preferenci\u00ed.\n        <\/div>\n<\/p><\/div>\n<div style=\"margin-bottom: 15px !important;\">\n        <strong>Excellent off-road performance:<\/strong><\/p>\n<div style=\"padding-left: 20px !important;\">\n            Due to the crawler chassis design, these vehicles have excellent off-road capabilities and can travel freely in complex terrains such as muddy and icy roads, deserts, and swamps.\n        <\/div>\n<\/p><\/div>\n<div style=\"margin-bottom: 15px !important;\">\n        <strong>Dump design:<\/strong><\/p>\n<div style=\"padding-left: 20px !important;\">\n            Equipped with a hydraulic drive system, it makes unloading more convenient and does not require too much manual operation, thus saving human resources and improving work efficiency.\n        <\/div>\n<\/p><\/div>\n<div style=\"margin-bottom: 15px !important;\">\n        <strong>Adapt to a variety of environments:<\/strong><\/p>\n<div style=\"padding-left: 20px !important;\">\n            They can work in different environments, including flat roads and slopes with a slope of up to 45 degrees.\n        <\/div>\n<\/p><\/div>\n<div style=\"margin-bottom: 15px !important;\">\n        <strong>Efficient fuel utilization and optimized structural design:<\/strong><\/p>\n<div style=\"padding-left: 20px !important;\">\n            The fuel efficiency of the whole machine is 15% higher than that of similar competitors.\n        <\/div>\n<\/p><\/div>\n<div style=\"margin-bottom: 15px !important;\">\n        <strong>Multiple international certifications:<\/strong><\/p>\n<div style=\"padding-left: 20px !important;\">\n            Hengwang Group's products have passed ISO, EU CE, German TUV, French BV and other safety testing certifications to ensure product quality and safety.\n        <\/div>\n<\/p><\/div>\n<div style=\"margin-bottom: 15px !important;\">\n        <strong>User-friendly features:<\/strong><\/p>\n<div style=\"padding-left: 20px !important;\">\n            Provide video technical support and online after-sales service support to ensure minimum downtime and maximum productivity for users.\n        <\/div>\n<\/p><\/div>\n<div style=\"margin-bottom: 15px !important;\">\n        <strong>Customizability:<\/strong><\/p>\n<div style=\"padding-left: 20px !important;\">\n            The size of the car body can be customized according to customer needs to meet specific transportation requirements.\n        <\/div>\n<\/p><\/div>\n<div style=\"margin-bottom: 15px !important;\">\n        <strong>Accessory compatibility:<\/strong><\/p>\n<div style=\"padding-left: 20px !important;\">\n            The HW800L crawler dump truck is compatible with a variety of accessories, including cranes, grabs and other attachments. This feature expands the functionality and versatility of the dump truck, enabling it to perform a variety of tasks efficiently.\n        <\/div>\n<\/p><\/div>\n<div style=\"margin-bottom: 10px !important;\">\n        <strong>Durability and stability:<\/strong><\/p>\n<div style=\"padding-left: 20px !important;\">\n            Hengwang Group's products are at the industry-leading level in stability and durability in complex operating environments, suitable for long-term high-intensity work needs.\n        <\/div>\n<\/p><\/div>\n<\/div>","protected":false},"excerpt":{"rendered":"<p><strong>Max.payload<\/strong> 0,8 T<\/p>\n<p><strong>Engine motor: <\/strong> 186FS<\/p>\n<p><strong>Rozmery mm: <\/strong> 1900*750*1200<\/p>","protected":false},"featured_media":6061,"comment_status":"open","ping_status":"closed","template":"","meta":{"_acf_changed":false,"_eb_attr":""},"product_brand":[],"product_cat":[30,37,125],"product_tag":[],"class_list":{"0":"post-6060","1":"product","2":"type-product","3":"status-publish","4":"has-post-thumbnail","6":"product_cat-all-products","7":"product_cat-dumper-machine","8":"product_cat-crawler-dumper","10":"first","11":"instock","12":"shipping-taxable","13":"product-type-simple"},"acf":[],"jetpack_sharing_enabled":true,"_links":{"self":[{"href":"https:\/\/aa7.sk\/en\/wp-json\/wp\/v2\/product\/6060","targetHints":{"allow":["GET"]}}],"collection":[{"href":"https:\/\/aa7.sk\/en\/wp-json\/wp\/v2\/product"}],"about":[{"href":"https:\/\/aa7.sk\/en\/wp-json\/wp\/v2\/types\/product"}],"replies":[{"embeddable":true,"href":"https:\/\/aa7.sk\/en\/wp-json\/wp\/v2\/comments?post=6060"}],"wp:featuredmedia":[{"embeddable":true,"href":"https:\/\/aa7.sk\/en\/wp-json\/wp\/v2\/media\/6061"}],"wp:attachment":[{"href":"https:\/\/aa7.sk\/en\/wp-json\/wp\/v2\/media?parent=6060"}],"wp:term":[{"taxonomy":"product_brand","embeddable":true,"href":"https:\/\/aa7.sk\/en\/wp-json\/wp\/v2\/product_brand?post=6060"},{"taxonomy":"product_cat","embeddable":true,"href":"https:\/\/aa7.sk\/en\/wp-json\/wp\/v2\/product_cat?post=6060"},{"taxonomy":"product_tag","embeddable":true,"href":"https:\/\/aa7.sk\/en\/wp-json\/wp\/v2\/product_tag?post=6060"}],"curies":[{"name":"wp","href":"https:\/\/api.w.org\/{rel}","templated":true}]}}