{"id":6420,"date":"2026-03-17T19:32:22","date_gmt":"2026-03-17T18:32:22","guid":{"rendered":"https:\/\/aa7.sk\/?post_type=product&#038;p=6420"},"modified":"2026-03-18T16:11:08","modified_gmt":"2026-03-18T15:11:08","slug":"hw500-pavuci-zeriav","status":"publish","type":"product","link":"https:\/\/aa7.sk\/en\/product\/hw500-pavuci-zeriav\/","title":{"rendered":"HW500 Spider Crane"},"content":{"rendered":"<p>Hengwang brand miniature cranes are specially designed and manufactured for working in indoor or outdoor low-passage confined areas.<\/p>\n<p><\/p>\n<p>Bol namontovan\u00fd na dvojp\u00e1sovom podvozku s &#8222;pav\u00fakov\u00fdmi&#8220; v\u00fdlo\u017en\u00edkmi. Miniat\u00farne \u017eeriavy Hengwang s\u00fa kompaktn\u00e9 a \u013eahko sa pres\u00favaj\u00fa, a pou\u017e\u00edvaj\u00fa sa tam, kde nie je mo\u017en\u00e9 pou\u017ei\u0165 tradi\u010dn\u00e9 zdv\u00edhacie zariadenia alebo \u017eeriavy na n\u00e1kladn\u00fdch vozidl\u00e1ch kv\u00f4li svojej ve\u013ekosti.<\/p>","protected":false},"excerpt":{"rendered":"<p>Specification: 5.0t<br \/>\nMax working radius:14 m (0,5 Tonne)<br \/>\nEngine power: 48 kW<\/p>","protected":false},"featured_media":6421,"comment_status":"open","ping_status":"closed","template":"","meta":{"_acf_changed":false,"_eb_attr":""},"product_brand":[],"product_cat":[30,39,130],"product_tag":[],"class_list":{"0":"post-6420","1":"product","2":"type-product","3":"status-publish","4":"has-post-thumbnail","6":"product_cat-all-products","7":"product_cat-zeriavy-plosiny","8":"product_cat-pavuci-zeriav","10":"first","11":"instock","12":"shipping-taxable","13":"product-type-simple"},"acf":[],"jetpack_sharing_enabled":true,"_links":{"self":[{"href":"https:\/\/aa7.sk\/en\/wp-json\/wp\/v2\/product\/6420","targetHints":{"allow":["GET"]}}],"collection":[{"href":"https:\/\/aa7.sk\/en\/wp-json\/wp\/v2\/product"}],"about":[{"href":"https:\/\/aa7.sk\/en\/wp-json\/wp\/v2\/types\/product"}],"replies":[{"embeddable":true,"href":"https:\/\/aa7.sk\/en\/wp-json\/wp\/v2\/comments?post=6420"}],"wp:featuredmedia":[{"embeddable":true,"href":"https:\/\/aa7.sk\/en\/wp-json\/wp\/v2\/media\/6421"}],"wp:attachment":[{"href":"https:\/\/aa7.sk\/en\/wp-json\/wp\/v2\/media?parent=6420"}],"wp:term":[{"taxonomy":"product_brand","embeddable":true,"href":"https:\/\/aa7.sk\/en\/wp-json\/wp\/v2\/product_brand?post=6420"},{"taxonomy":"product_cat","embeddable":true,"href":"https:\/\/aa7.sk\/en\/wp-json\/wp\/v2\/product_cat?post=6420"},{"taxonomy":"product_tag","embeddable":true,"href":"https:\/\/aa7.sk\/en\/wp-json\/wp\/v2\/product_tag?post=6420"}],"curies":[{"name":"wp","href":"https:\/\/api.w.org\/{rel}","templated":true}]}}