{"id":6476,"date":"2026-03-18T07:26:38","date_gmt":"2026-03-18T06:26:38","guid":{"rendered":"https:\/\/aa7.sk\/?post_type=product&#038;p=6476"},"modified":"2026-03-18T14:41:21","modified_gmt":"2026-03-18T13:41:21","slug":"kladivo","status":"publish","type":"product","link":"https:\/\/aa7.sk\/en\/product\/kladivo\/","title":{"rendered":"Hammer"},"content":{"rendered":"<ol>\n<li>R\u00f4zne modely, vhodn\u00e9 pre r\u00f4zne r\u00fdpadl\u00e1, umo\u017e\u0148uj\u00fa prisp\u00f4sobenie\/li>\n<li>Drill rod 42CrMo material, hard and durable.<\/li>\n<li> Mainly used for house demolition, mining, tunneling, cement pavement crushing, foundation crushing, frozen soil crushing and other work.<\/li>\n<li>Different accessories is used to deal with different geological work conditions. If you needs special accessories, please consult customer service, and we will recommend the most suitable one for you according to your actual situation.<\/li>\n<p><\/p>","protected":false},"excerpt":{"rendered":"<p>Impact Energy Enhanced Construction<br \/>\nLightweight and low maintenance<br \/>\nFlow adjustable device<\/p>","protected":false},"featured_media":6477,"comment_status":"open","ping_status":"closed","template":"","meta":{"_acf_changed":false,"_eb_attr":""},"product_brand":[],"product_cat":[30,40],"product_tag":[],"class_list":{"0":"post-6476","1":"product","2":"type-product","3":"status-publish","4":"has-post-thumbnail","6":"product_cat-all-products","7":"product_cat-accessories","9":"first","10":"instock","11":"shipping-taxable","12":"product-type-simple"},"acf":[],"jetpack_sharing_enabled":true,"_links":{"self":[{"href":"https:\/\/aa7.sk\/en\/wp-json\/wp\/v2\/product\/6476","targetHints":{"allow":["GET"]}}],"collection":[{"href":"https:\/\/aa7.sk\/en\/wp-json\/wp\/v2\/product"}],"about":[{"href":"https:\/\/aa7.sk\/en\/wp-json\/wp\/v2\/types\/product"}],"replies":[{"embeddable":true,"href":"https:\/\/aa7.sk\/en\/wp-json\/wp\/v2\/comments?post=6476"}],"wp:featuredmedia":[{"embeddable":true,"href":"https:\/\/aa7.sk\/en\/wp-json\/wp\/v2\/media\/6477"}],"wp:attachment":[{"href":"https:\/\/aa7.sk\/en\/wp-json\/wp\/v2\/media?parent=6476"}],"wp:term":[{"taxonomy":"product_brand","embeddable":true,"href":"https:\/\/aa7.sk\/en\/wp-json\/wp\/v2\/product_brand?post=6476"},{"taxonomy":"product_cat","embeddable":true,"href":"https:\/\/aa7.sk\/en\/wp-json\/wp\/v2\/product_cat?post=6476"},{"taxonomy":"product_tag","embeddable":true,"href":"https:\/\/aa7.sk\/en\/wp-json\/wp\/v2\/product_tag?post=6476"}],"curies":[{"name":"wp","href":"https:\/\/api.w.org\/{rel}","templated":true}]}}