{"id":6637,"date":"2026-04-22T11:20:29","date_gmt":"2026-04-22T09:20:29","guid":{"rendered":"https:\/\/aa7.sk\/?post_type=product&#038;p=6637"},"modified":"2026-04-22T11:20:29","modified_gmt":"2026-04-22T09:20:29","slug":"kosacka-hwt192-80","status":"publish","type":"product","link":"https:\/\/aa7.sk\/en\/product\/kosacka-hwt192-80\/","title":{"rendered":"lawn mower HWT192-80"},"content":{"rendered":"<table width=\"354\">\n<tbody>\n<tr>\n<td width=\"201\">Model<\/td>\n<td width=\"153\">HWT192-80<\/td>\n<\/tr>\n<tr>\n<td>Price<\/td>\n<td>4921+DPH<\/td>\n<\/tr>\n<tr>\n<td>Dimension<\/td>\n<td>1560*920*690mm<\/td>\n<\/tr>\n<tr>\n<td>Packing dimension<\/td>\n<td>1560*920*850<\/td>\n<\/tr>\n<tr>\n<td>Weight<\/td>\n<td>360Kg<\/td>\n<\/tr>\n<tr>\n<td>Packing weight<\/td>\n<td>380 Kg<\/td>\n<\/tr>\n<tr>\n<td>Cut widenth<\/td>\n<td>800mm<\/td>\n<\/tr>\n<tr>\n<td>Cut height<\/td>\n<td>40-120mm<\/td>\n<\/tr>\n<tr>\n<td>Height adjustment method<\/td>\n<td>Remote adjustment<\/td>\n<\/tr>\n<tr>\n<td>Engine<\/td>\n<td>Yuchai 14Hp<\/td>\n<\/tr>\n<tr>\n<td>Operate method<\/td>\n<td>Remote control<\/td>\n<\/tr>\n<tr>\n<td>Remote control distance<\/td>\n<td>\u2264200m<\/td>\n<\/tr>\n<tr>\n<td>Cutting knife type<\/td>\n<td>Flail blade*48<\/td>\n<\/tr>\n<tr>\n<td>Travel speed<\/td>\n<td>5km\/h<\/td>\n<\/tr>\n<tr>\n<td>Climbing angle<\/td>\n<td>40\u00b0<\/td>\n<\/tr>\n<tr>\n<td>Starting method<\/td>\n<td>Electric starter<\/td>\n<\/tr>\n<\/tbody>\n<\/table>","protected":false},"excerpt":{"rendered":"<p>svahov\u00e1 kosa\u010dka s \u010delnou fr\u00e9zou na drevit\u00e9 vysok\u00e9 porasty<\/p>","protected":false},"featured_media":6638,"comment_status":"open","ping_status":"closed","template":"","meta":{"_acf_changed":false,"_eb_attr":""},"product_brand":[],"product_cat":[43],"product_tag":[],"class_list":{"0":"post-6637","1":"product","2":"type-product","3":"status-publish","4":"has-post-thumbnail","6":"product_cat-skladom","8":"first","9":"instock","10":"sale","11":"shipping-taxable","12":"purchasable","13":"product-type-simple"},"acf":[],"jetpack_sharing_enabled":true,"_links":{"self":[{"href":"https:\/\/aa7.sk\/en\/wp-json\/wp\/v2\/product\/6637","targetHints":{"allow":["GET"]}}],"collection":[{"href":"https:\/\/aa7.sk\/en\/wp-json\/wp\/v2\/product"}],"about":[{"href":"https:\/\/aa7.sk\/en\/wp-json\/wp\/v2\/types\/product"}],"replies":[{"embeddable":true,"href":"https:\/\/aa7.sk\/en\/wp-json\/wp\/v2\/comments?post=6637"}],"wp:featuredmedia":[{"embeddable":true,"href":"https:\/\/aa7.sk\/en\/wp-json\/wp\/v2\/media\/6638"}],"wp:attachment":[{"href":"https:\/\/aa7.sk\/en\/wp-json\/wp\/v2\/media?parent=6637"}],"wp:term":[{"taxonomy":"product_brand","embeddable":true,"href":"https:\/\/aa7.sk\/en\/wp-json\/wp\/v2\/product_brand?post=6637"},{"taxonomy":"product_cat","embeddable":true,"href":"https:\/\/aa7.sk\/en\/wp-json\/wp\/v2\/product_cat?post=6637"},{"taxonomy":"product_tag","embeddable":true,"href":"https:\/\/aa7.sk\/en\/wp-json\/wp\/v2\/product_tag?post=6637"}],"curies":[{"name":"wp","href":"https:\/\/api.w.org\/{rel}","templated":true}]}}