{"id":6643,"date":"2026-04-22T11:40:06","date_gmt":"2026-04-22T09:40:06","guid":{"rendered":"https:\/\/aa7.sk\/?post_type=product&#038;p=6643"},"modified":"2026-04-22T11:44:19","modified_gmt":"2026-04-22T09:44:19","slug":"dieselovy-vysokozdvizny-vozik-hwc20","status":"publish","type":"product","link":"https:\/\/aa7.sk\/en\/product\/dieselovy-vysokozdvizny-vozik-hwc20\/","title":{"rendered":"Diesel Forklift HWC20"},"content":{"rendered":"<p><strong>Max. loading capacity\u00a0<\/strong>2,0T<\/p>\n<p><strong>Max.Lift Height:<\/strong> 4,5m<\/p>\n<p><strong>Lift height:<\/strong>\u00a0Seated<\/p>\n<p>Mo\u017enos\u0165 dok\u00fapi\u0165 kompletn\u00e9 pr\u00edslu\u0161enstvo<\/p>\n<p>&nbsp;<\/p>","protected":false},"excerpt":{"rendered":"<p>Maxim\u00e1lna nosnos\u0165:\u00a02,0T V\u00fd\u0161ka zdvihu: 4,5m Re\u017eim prev\u00e1dzky:\u00a0Sediaci Mo\u017enos\u0165 dok\u00fapi\u0165 kompletn\u00e9 pr\u00edslu\u0161enstvo &nbsp;<\/p>","protected":false},"featured_media":6644,"comment_status":"open","ping_status":"closed","template":"","meta":{"_acf_changed":false,"_eb_attr":""},"product_brand":[],"product_cat":[43],"product_tag":[],"class_list":{"0":"post-6643","1":"product","2":"type-product","3":"status-publish","4":"has-post-thumbnail","6":"product_cat-skladom","8":"first","9":"instock","10":"sale","11":"shipping-taxable","12":"purchasable","13":"product-type-simple"},"acf":[],"jetpack_sharing_enabled":true,"_links":{"self":[{"href":"https:\/\/aa7.sk\/en\/wp-json\/wp\/v2\/product\/6643","targetHints":{"allow":["GET"]}}],"collection":[{"href":"https:\/\/aa7.sk\/en\/wp-json\/wp\/v2\/product"}],"about":[{"href":"https:\/\/aa7.sk\/en\/wp-json\/wp\/v2\/types\/product"}],"replies":[{"embeddable":true,"href":"https:\/\/aa7.sk\/en\/wp-json\/wp\/v2\/comments?post=6643"}],"wp:featuredmedia":[{"embeddable":true,"href":"https:\/\/aa7.sk\/en\/wp-json\/wp\/v2\/media\/6644"}],"wp:attachment":[{"href":"https:\/\/aa7.sk\/en\/wp-json\/wp\/v2\/media?parent=6643"}],"wp:term":[{"taxonomy":"product_brand","embeddable":true,"href":"https:\/\/aa7.sk\/en\/wp-json\/wp\/v2\/product_brand?post=6643"},{"taxonomy":"product_cat","embeddable":true,"href":"https:\/\/aa7.sk\/en\/wp-json\/wp\/v2\/product_cat?post=6643"},{"taxonomy":"product_tag","embeddable":true,"href":"https:\/\/aa7.sk\/en\/wp-json\/wp\/v2\/product_tag?post=6643"}],"curies":[{"name":"wp","href":"https:\/\/api.w.org\/{rel}","templated":true}]}}